{"id":211,"date":"2019-03-20T16:18:28","date_gmt":"2019-03-20T15:18:28","guid":{"rendered":"https:\/\/wordpress.nibis.de\/asswl\/?page_id=211"},"modified":"2020-03-10T15:21:40","modified_gmt":"2020-03-10T14:21:40","slug":"arbeitsschwerpunkte-erledigt","status":"publish","type":"page","link":"https:\/\/wordpress.nibis.de\/asswl\/arbeitsschwerpunkte-erledigt\/","title":{"rendered":"Arbeitsschwerpunkte erledigt"},"content":{"rendered":"\n<p align=\"JUSTIFY\"><span style=\"font-family: Verdana, serif\"><span style=\"font-size: small\">Folgende Vorhaben wurden im Schuljahr 2018\/19 umgesetzt:<\/span><\/span><\/p>\n<ul>\n<li>Ausweitung des F\u00f6rderbandes<\/li>\n<li>Durchf\u00fchrung Mini-Phaenomenta<\/li>\n<li>Nachbau Mini-Phaenomenta<\/li>\n<li>Durchf\u00fchrung des Schuljubil\u00e4ums<\/li>\n<li>Produktion einer eigenen CD<\/li>\n<li>Aktualisierung des schuleigenen Arbeitsplans im Fach Deutsch<\/li>\n<li>Einstellung einer Ganztagskoordinatorin<\/li>\n<li>Ausweitung der F\u00f6rderm\u00f6glichkeiten (u.a. Schwimmf\u00f6rder)<\/li>\n<\/ul>\n<p align=\"JUSTIFY\">\u00a0<\/p>\n<p align=\"JUSTIFY\"><span style=\"font-family: Verdana, serif\"><span style=\"font-size: small\">Folgende Vorhaben wurden im Schuljahr 2017\/18 umgesetzt:<\/span><\/span><\/p>\n<ul>\n<li>\n<p align=\"JUSTIFY\"><span style=\"font-family: Verdana, serif\"><span style=\"font-size: small\">Es wurde ein F\u00f6rderband in den F\u00e4chern Mathematik und Deutsch eingerichtet (siehe F\u00f6rderkonzept).<\/span><\/span><\/p>\n<\/li>\n<li>\n<p align=\"JUSTIFY\"><span style=\"font-family: Verdana, serif\"><span style=\"font-size: small\">Weitere F\u00f6rderstunden wurden den Jahrgangsteams zur eigenst\u00e4ndigen Verwendung zugeordnet.<\/span><\/span><\/p>\n<\/li>\n<li>\n<p align=\"JUSTIFY\"><span style=\"font-family: Verdana, serif\"><span style=\"font-size: small\">Das AG-Angebot f\u00fcr die 3.- und 4. Kl\u00e4ssler wurde umstrukturiert und erweitert.<\/span><\/span><\/p>\n<\/li>\n<li>\n<p align=\"JUSTIFY\"><span style=\"font-family: Verdana, serif\"><span style=\"font-size: small\">Eine Kooperation mit der Musikschule wurde begonnen, d.h. Musikschulkurse finden an unserer Schule statt.<\/span><\/span><\/p>\n<\/li>\n<li>\n<p align=\"JUSTIFY\"><span style=\"font-family: Verdana, serif\"><span style=\"font-size: small\">Erstmalig wurden Musikprojekttage mit anschlie\u00dfender Auff\u00fchrung mit Paul O\u2019Brien durchgef\u00fchrt.<\/span><\/span><\/p>\n<\/li>\n<li>\n<p align=\"JUSTIFY\"><span style=\"font-family: Verdana, serif\"><span style=\"font-size: small\">Die Kooperation mit den Kinderg\u00e4rten wurde intensiviert. (Siehe &#8230;)<\/span><\/span><\/p>\n<\/li>\n<li>\n<p align=\"JUSTIFY\"><span style=\"font-family: Verdana, serif\"><span style=\"font-size: small\">Die schulinterne Lehrerfortbildung fand zum Thema \u201eElternkommunikation\u201c statt.<\/span><\/span><\/p>\n<\/li>\n<li>\n<p align=\"JUSTIFY\"><span style=\"font-family: Verdana, serif\"><span style=\"font-size: small\">Eine weitere Sozialp\u00e4dagogin wurde eingestellt und damit das schulsozialp\u00e4dagogische Angebot (u.a. Schulinsel) erweitert.\u00a0<\/span><\/span><br \/><br \/><\/p>\n<\/li>\n<\/ul>\n","protected":false},"excerpt":{"rendered":"<p>Folgende Vorhaben wurden im Schuljahr 2018\/19 umgesetzt: Ausweitung des F\u00f6rderbandes Durchf\u00fchrung Mini-Phaenomenta Nachbau Mini-Phaenomenta Durchf\u00fchrung des Schuljubil\u00e4ums Produktion einer eigenen CD Aktualisierung des schuleigenen Arbeitsplans im Fach Deutsch Einstellung einer Ganztagskoordinatorin Ausweitung der F\u00f6rderm\u00f6glichkeiten (u.a. Schwimmf\u00f6rder) \u00a0 Folgende Vorhaben wurden &hellip; <a href=\"https:\/\/wordpress.nibis.de\/asswl\/arbeitsschwerpunkte-erledigt\/\">Weiterlesen <span class=\"meta-nav\">&rarr;<\/span><\/a><\/p>\n","protected":false},"author":9192894,"featured_media":0,"parent":0,"menu_order":0,"comment_status":"closed","ping_status":"closed","template":"","meta":{"footnotes":""},"class_list":["post-211","page","type-page","status-publish","hentry"],"_links":{"self":[{"href":"https:\/\/wordpress.nibis.de\/asswl\/wp-json\/wp\/v2\/pages\/211","targetHints":{"allow":["GET"]}}],"collection":[{"href":"https:\/\/wordpress.nibis.de\/asswl\/wp-json\/wp\/v2\/pages"}],"about":[{"href":"https:\/\/wordpress.nibis.de\/asswl\/wp-json\/wp\/v2\/types\/page"}],"author":[{"embeddable":true,"href":"https:\/\/wordpress.nibis.de\/asswl\/wp-json\/wp\/v2\/users\/9192894"}],"replies":[{"embeddable":true,"href":"https:\/\/wordpress.nibis.de\/asswl\/wp-json\/wp\/v2\/comments?post=211"}],"version-history":[{"count":3,"href":"https:\/\/wordpress.nibis.de\/asswl\/wp-json\/wp\/v2\/pages\/211\/revisions"}],"predecessor-version":[{"id":564,"href":"https:\/\/wordpress.nibis.de\/asswl\/wp-json\/wp\/v2\/pages\/211\/revisions\/564"}],"wp:attachment":[{"href":"https:\/\/wordpress.nibis.de\/asswl\/wp-json\/wp\/v2\/media?parent=211"}],"curies":[{"name":"wp","href":"https:\/\/api.w.org\/{rel}","templated":true}]}}