{"id":249,"date":"2019-03-21T08:32:28","date_gmt":"2019-03-21T07:32:28","guid":{"rendered":"https:\/\/wordpress.nibis.de\/asswl\/?page_id=249"},"modified":"2019-03-21T09:47:53","modified_gmt":"2019-03-21T08:47:53","slug":"schuleseelsorge","status":"publish","type":"page","link":"https:\/\/wordpress.nibis.de\/asswl\/schuleseelsorge\/","title":{"rendered":"Schulseelsorge"},"content":{"rendered":"\n<h3>Weil Schule auch eine Seele hat\u2026<\/h3>\n<p>&nbsp;<\/p>\n<p>Die Sch\u00fclerinnen und Sch\u00fcler verbringen immer mehr Zeit in der Schule und die Schule wird zunehmend zu einem Lebensmittelpunkt. Aus der Lernumgebung wird mehr und mehr eine Lebensumgebung. Hier werden Erfahrungen mit anderen gemacht: Beziehungen gelingen oder es gibt Konflikte, man ist erfolgreich oder kommt an seine Grenzen, man erlebt Sch\u00f6nes, ist gl\u00fccklich oder traurig, macht sich Sorgen, ist gar unzufrieden.<\/p>\n<p>Die Schulseelsorge m\u00f6chte das schulische Miteinander, gegenseitigen Respekt und Toleranz und Verst\u00e4ndnis f\u00fcreinander f\u00f6rdern. Sie bietet Sch\u00fclern, Eltern und Lehrern die M\u00f6glichkeit \u00fcber Dinge, die sie bewegen, zu sprechen, damit das Miteinander an der Schule gelingen kann. Unabh\u00e4ngig von ihrer Konfessions- und Religionszugeh\u00f6rigkeit sowie in einem gesch\u00fctzten und vertraulichen Rahmen. Alle Gespr\u00e4chsinhalte unterliegen dem Seelsorgegeheimnis.<\/p>\n<p>Aufgaben der Schulseelsorge sind beispielsweise:&nbsp;<\/p>\n<p>&nbsp;<\/p>\n<ul>\n<li>Pers\u00f6nliche Begleitungs- und Beratungsgespr\u00e4che mit Sch\u00fclerinnen und Sch\u00fclern, Eltern, Lehrer und Lehrerinnen und anderen an der Schule T\u00e4tigen.<\/li>\n<li>Gestaltung von Schule als Lern- und Lebensort, Mitverantwortung f\u00fcr die Schulkultur, Mitarbeit im sozialen Netz der Schule.<\/li>\n<li>Vernetzung mit dem Umfeld, Kooperation mit Beratungseinrichtungen.<\/li>\n<\/ul>\n<p>&nbsp;<\/p>\n<p>F\u00fcr unsere Schule hat<strong>&nbsp;Frau Susanne Botsch<\/strong> von der Evangelischen Kirche die Beauftragung f\u00fcr die Schulseelsorge bekommen.<\/p>\n<p>&nbsp;<\/p>\n<p>&nbsp;<\/p>\n<p>&nbsp;<\/p>\n<p>&nbsp;<\/p>\n<p>&nbsp;<\/p>\n<p>&nbsp;<\/p>\n","protected":false},"excerpt":{"rendered":"<p>Weil Schule auch eine Seele hat\u2026 &nbsp; Die Sch\u00fclerinnen und Sch\u00fcler verbringen immer mehr Zeit in der Schule und die Schule wird zunehmend zu einem Lebensmittelpunkt. Aus der Lernumgebung wird mehr und mehr eine Lebensumgebung. Hier werden Erfahrungen mit anderen &hellip; <a href=\"https:\/\/wordpress.nibis.de\/asswl\/schuleseelsorge\/\">Weiterlesen <span class=\"meta-nav\">&rarr;<\/span><\/a><\/p>\n","protected":false},"author":9192894,"featured_media":0,"parent":0,"menu_order":0,"comment_status":"closed","ping_status":"closed","template":"","meta":{"footnotes":""},"class_list":["post-249","page","type-page","status-publish","hentry"],"_links":{"self":[{"href":"https:\/\/wordpress.nibis.de\/asswl\/wp-json\/wp\/v2\/pages\/249","targetHints":{"allow":["GET"]}}],"collection":[{"href":"https:\/\/wordpress.nibis.de\/asswl\/wp-json\/wp\/v2\/pages"}],"about":[{"href":"https:\/\/wordpress.nibis.de\/asswl\/wp-json\/wp\/v2\/types\/page"}],"author":[{"embeddable":true,"href":"https:\/\/wordpress.nibis.de\/asswl\/wp-json\/wp\/v2\/users\/9192894"}],"replies":[{"embeddable":true,"href":"https:\/\/wordpress.nibis.de\/asswl\/wp-json\/wp\/v2\/comments?post=249"}],"version-history":[{"count":3,"href":"https:\/\/wordpress.nibis.de\/asswl\/wp-json\/wp\/v2\/pages\/249\/revisions"}],"predecessor-version":[{"id":255,"href":"https:\/\/wordpress.nibis.de\/asswl\/wp-json\/wp\/v2\/pages\/249\/revisions\/255"}],"wp:attachment":[{"href":"https:\/\/wordpress.nibis.de\/asswl\/wp-json\/wp\/v2\/media?parent=249"}],"curies":[{"name":"wp","href":"https:\/\/api.w.org\/{rel}","templated":true}]}}