{"id":323,"date":"2019-03-27T16:43:40","date_gmt":"2019-03-27T15:43:40","guid":{"rendered":"https:\/\/wordpress.nibis.de\/asswl\/?page_id=323"},"modified":"2023-09-25T10:08:14","modified_gmt":"2023-09-25T08:08:14","slug":"buecherei","status":"publish","type":"page","link":"https:\/\/wordpress.nibis.de\/asswl\/buecherei\/","title":{"rendered":"B\u00fccherei"},"content":{"rendered":"\n<p>Die Sch\u00fclerb\u00fccherei ist zu folgenden Zeiten ge\u00f6ffnet:<\/p>\n<p>Freitag 11.00 Uhr bis 13.00 Uhr<\/p>\n<p>Ansprechpartnerin: Frau Nuppnau<\/p>\n","protected":false},"excerpt":{"rendered":"<p>Die Sch\u00fclerb\u00fccherei ist zu folgenden Zeiten ge\u00f6ffnet: Freitag 11.00 Uhr bis 13.00 Uhr Ansprechpartnerin: Frau Nuppnau<\/p>\n","protected":false},"author":9192894,"featured_media":0,"parent":0,"menu_order":0,"comment_status":"closed","ping_status":"closed","template":"","meta":{"footnotes":""},"class_list":["post-323","page","type-page","status-publish","hentry"],"_links":{"self":[{"href":"https:\/\/wordpress.nibis.de\/asswl\/wp-json\/wp\/v2\/pages\/323","targetHints":{"allow":["GET"]}}],"collection":[{"href":"https:\/\/wordpress.nibis.de\/asswl\/wp-json\/wp\/v2\/pages"}],"about":[{"href":"https:\/\/wordpress.nibis.de\/asswl\/wp-json\/wp\/v2\/types\/page"}],"author":[{"embeddable":true,"href":"https:\/\/wordpress.nibis.de\/asswl\/wp-json\/wp\/v2\/users\/9192894"}],"replies":[{"embeddable":true,"href":"https:\/\/wordpress.nibis.de\/asswl\/wp-json\/wp\/v2\/comments?post=323"}],"version-history":[{"count":2,"href":"https:\/\/wordpress.nibis.de\/asswl\/wp-json\/wp\/v2\/pages\/323\/revisions"}],"predecessor-version":[{"id":1530,"href":"https:\/\/wordpress.nibis.de\/asswl\/wp-json\/wp\/v2\/pages\/323\/revisions\/1530"}],"wp:attachment":[{"href":"https:\/\/wordpress.nibis.de\/asswl\/wp-json\/wp\/v2\/media?parent=323"}],"curies":[{"name":"wp","href":"https:\/\/api.w.org\/{rel}","templated":true}]}}