{"id":80,"date":"2019-03-20T13:00:23","date_gmt":"2019-03-20T12:00:23","guid":{"rendered":"https:\/\/wordpress.nibis.de\/asswl\/?page_id=80"},"modified":"2019-03-20T14:59:08","modified_gmt":"2019-03-20T13:59:08","slug":"impressum","status":"publish","type":"page","link":"https:\/\/wordpress.nibis.de\/asswl\/impressum\/","title":{"rendered":"Impressum"},"content":{"rendered":"\n<p><b>Impressum<\/b><br \/>Land Niedersachsen (Diensteanbieterim Sinne des Telemediengesetzes)<br \/>Das Land Niedersachsen ist einejuristische Person des \u00f6ffentlichen Rechts<br \/>vertreten durch<br \/><br \/>Alte Stadtschule<br \/>Eckermannstra\u00dfe 7-9<br \/>21423 Winsen<br \/>Telefon: +49 41 71 \/ 78 14 45<br \/>Telefax: +49 41 71 \/ 6 29 04<br \/>E-Mail: schu&#108;&#108;&#101;&#105;&#116;&#117;&#110;&#x67;&#x40;&#x61;&#x6c;&#x74;&#x65;&#x73;&#x74;&#x61;dtsc&#104;&#117;&#108;&#101;&#46;&#100;&#101;<br \/>Internet: www.altestadtschule.de gem\u00e4\u00df \u00a7 6 MDStV: Stefan Ple\u00df<br \/><br \/>Haftungshinweis: Trotz sorgf\u00e4ltiger inhaltlicher Kontrolle \u00fcbernehmen wir keine Haftung f\u00fcr die Inhalte externer Links. F\u00fcr den Inhalt der verlinkten Seiten sind ausschlie\u00dflich deren Betreiber verantwortlich.<\/p>\n","protected":false},"excerpt":{"rendered":"<p>ImpressumLand Niedersachsen (Diensteanbieterim Sinne des Telemediengesetzes)Das Land Niedersachsen ist einejuristische Person des \u00f6ffentlichen Rechtsvertreten durch Alte StadtschuleEckermannstra\u00dfe 7-921423 WinsenTelefon: +49 41 71 \/ 78 14 45Telefax: +49 41 71 \/ 6 29 04E-Mail: s&#99;&#104;&#117;&#x6c;&#x6c;&#x65;it&#117;&#110;&#x67;&#x40;&#x61;&#x6c;te&#115;&#116;&#x61;&#x64;&#x74;&#x73;c&#104;&#117;&#108;&#x65;&#x2e;&#x64;eInternet: www.altestadtschule.de gem\u00e4\u00df \u00a7 6 MDStV: Stefan &hellip; <a href=\"https:\/\/wordpress.nibis.de\/asswl\/impressum\/\">Weiterlesen <span class=\"meta-nav\">&rarr;<\/span><\/a><\/p>\n","protected":false},"author":9192894,"featured_media":0,"parent":0,"menu_order":0,"comment_status":"closed","ping_status":"closed","template":"","meta":{"footnotes":""},"class_list":["post-80","page","type-page","status-publish","hentry"],"_links":{"self":[{"href":"https:\/\/wordpress.nibis.de\/asswl\/wp-json\/wp\/v2\/pages\/80","targetHints":{"allow":["GET"]}}],"collection":[{"href":"https:\/\/wordpress.nibis.de\/asswl\/wp-json\/wp\/v2\/pages"}],"about":[{"href":"https:\/\/wordpress.nibis.de\/asswl\/wp-json\/wp\/v2\/types\/page"}],"author":[{"embeddable":true,"href":"https:\/\/wordpress.nibis.de\/asswl\/wp-json\/wp\/v2\/users\/9192894"}],"replies":[{"embeddable":true,"href":"https:\/\/wordpress.nibis.de\/asswl\/wp-json\/wp\/v2\/comments?post=80"}],"version-history":[{"count":3,"href":"https:\/\/wordpress.nibis.de\/asswl\/wp-json\/wp\/v2\/pages\/80\/revisions"}],"predecessor-version":[{"id":144,"href":"https:\/\/wordpress.nibis.de\/asswl\/wp-json\/wp\/v2\/pages\/80\/revisions\/144"}],"wp:attachment":[{"href":"https:\/\/wordpress.nibis.de\/asswl\/wp-json\/wp\/v2\/media?parent=80"}],"curies":[{"name":"wp","href":"https:\/\/api.w.org\/{rel}","templated":true}]}}