{"id":1282,"date":"2023-11-11T14:23:28","date_gmt":"2023-11-11T13:23:28","guid":{"rendered":"https:\/\/wordpress.nibis.de\/auefeld\/?page_id=1282"},"modified":"2024-05-29T13:56:52","modified_gmt":"2024-05-29T11:56:52","slug":"ganztag-und-tagesstaette","status":"publish","type":"page","link":"https:\/\/wordpress.nibis.de\/auefeld\/ganztag-und-tagesstaette\/","title":{"rendered":"Ganztag und Tagesst\u00e4tte"},"content":{"rendered":"\n<p><strong>Ganztagsangebot &amp; Tagesst\u00e4tte\u00a0<\/strong><\/p>\n<p>Unsere Unterrichtszeiten sind Montag bis Donnerstag von 7.45 Uhr bis 13.05 Uhr und freitags bis 11.15 Uhr. Dar\u00fcber hinaus kann Ihr Kind f\u00fcr das Ganztagsangebot (montags, dienstags und mittwochs bis jeweils 15.15 Uhr) mit unterschiedlichen Arbeitsgemeinschaften (z.B.: Kreativ AB, Koch-Snack AG, Lauf- und Tanz AG, Jahreszeiten AG, Erste-Hilfe AG, Musik AG ,etc.) angemeldet werden. Dabei ist die Anmeldung f\u00fcr ein, zwei oder alle drei Tage m\u00f6glich. Bevorzugt wird jedoch die Anmeldung f\u00fcr alle drei Tage, um den Sch\u00fclerinnen und Sch\u00fclern gleichbleibende Tagesstrukturen zu bieten. Zus\u00e4tzlich stehen wir in sehr enger Kooperation und personellem Austausch mit der Tagesst\u00e4tte des Deutschen Roten Kreuz, welche direkt an unsere Schule angeschlossen ist. Diese bietet montags bis mittwochs eine \u00a0Betreuungszeit bis 15.15 Uhr, donnerstags bis 15 Uhr und freitags bis 14 Uhr an. Zus\u00e4tzlich wird in allen Schulferien eine Ferienbetreuung angeboten. Im Gegensatz zum Ganztagsangebot unserer Schule, erhalten die Sch\u00fclerinnen und Sch\u00fcler in der Tagesst\u00e4tte ein warmes Mittagessen. Weitere Informationen und Ansprechpartner*innen zur Antragsstellung finden Sie <a href=\"https:\/\/www.drk-goe-nom.de\/angebote\/kindertagesstaetten\/unsere-kitas\/tagesstaette-foerderschule.html\">hier<\/a>!\u00a0<\/p>\n","protected":false},"excerpt":{"rendered":"<p>Ganztagsangebot &amp; Tagesst\u00e4tte\u00a0 Unsere Unterrichtszeiten sind Montag bis Donnerstag von 7.45 Uhr bis 13.05 Uhr und freitags bis 11.15 Uhr. Dar\u00fcber hinaus kann Ihr Kind f\u00fcr das Ganztagsangebot (montags, dienstags und mittwochs bis jeweils 15.15 Uhr) mit unterschiedlichen Arbeitsgemeinschaften (z.B.: Kreativ AB, Koch-Snack AG, Lauf- und Tanz AG, Jahreszeiten AG, Erste-Hilfe AG, Musik AG ,etc.) [&hellip;]<\/p>\n","protected":false},"author":1101,"featured_media":0,"parent":0,"menu_order":0,"comment_status":"closed","ping_status":"closed","template":"","meta":{"footnotes":""},"class_list":["post-1282","page","type-page","status-publish","hentry"],"_links":{"self":[{"href":"https:\/\/wordpress.nibis.de\/auefeld\/wp-json\/wp\/v2\/pages\/1282","targetHints":{"allow":["GET"]}}],"collection":[{"href":"https:\/\/wordpress.nibis.de\/auefeld\/wp-json\/wp\/v2\/pages"}],"about":[{"href":"https:\/\/wordpress.nibis.de\/auefeld\/wp-json\/wp\/v2\/types\/page"}],"author":[{"embeddable":true,"href":"https:\/\/wordpress.nibis.de\/auefeld\/wp-json\/wp\/v2\/users\/1101"}],"replies":[{"embeddable":true,"href":"https:\/\/wordpress.nibis.de\/auefeld\/wp-json\/wp\/v2\/comments?post=1282"}],"version-history":[{"count":4,"href":"https:\/\/wordpress.nibis.de\/auefeld\/wp-json\/wp\/v2\/pages\/1282\/revisions"}],"predecessor-version":[{"id":1441,"href":"https:\/\/wordpress.nibis.de\/auefeld\/wp-json\/wp\/v2\/pages\/1282\/revisions\/1441"}],"wp:attachment":[{"href":"https:\/\/wordpress.nibis.de\/auefeld\/wp-json\/wp\/v2\/media?parent=1282"}],"curies":[{"name":"wp","href":"https:\/\/api.w.org\/{rel}","templated":true}]}}