{"id":150,"date":"2016-09-19T21:00:26","date_gmt":"2016-09-19T19:00:26","guid":{"rendered":"http:\/\/wordpress.nibis.de\/auefeld\/?page_id=150"},"modified":"2025-09-06T09:21:40","modified_gmt":"2025-09-06T07:21:40","slug":"foerderverein","status":"publish","type":"page","link":"https:\/\/wordpress.nibis.de\/auefeld\/foerderverein\/","title":{"rendered":"F\u00f6rderverein"},"content":{"rendered":"\n<div class=\"wp-block-image is-style-tw-hard-shadow\"><figure class=\"alignright size-full is-resized\"><img loading=\"lazy\" decoding=\"async\" src=\"https:\/\/wordpress.nibis.de\/auefeld\/files\/2023\/02\/Screenshot-2023-02-17-at-16.33.49.png\" alt=\"\" class=\"wp-image-878\" width=\"165\" height=\"166\" srcset=\"https:\/\/wordpress.nibis.de\/auefeld\/files\/2023\/02\/Screenshot-2023-02-17-at-16.33.49.png 470w, https:\/\/wordpress.nibis.de\/auefeld\/files\/2023\/02\/Screenshot-2023-02-17-at-16.33.49-300x300.png 300w, https:\/\/wordpress.nibis.de\/auefeld\/files\/2023\/02\/Screenshot-2023-02-17-at-16.33.49-150x150.png 150w\" sizes=\"auto, (max-width: 165px) 100vw, 165px\" \/><\/figure><\/div>\n\n\n<p align=\"center\"><span style=\"color: #3366ff\"><strong>Herzlich Willkommen auf der Seite des F\u00f6rderkreises der Schule im Auefeld!<\/strong>&nbsp;<\/span><\/p>\n<p style=\"text-align: justify\"><span style=\"color: #000000\">Unser F\u00f6rderverein wurde 1982 von engagierten Eltern und Lehrern gegr\u00fcndet und unterst\u00fctzt seitdem als gemeinn\u00fctzig eingetragener Verein (e.V.) Projekte und Anschaffungen der Schule, die \u00fcber den Schuletat hinausgehen. Die Sch\u00fcler und Sch\u00fclerinnen unserer Schule mit dem Schwerpunkt geistige Entwicklung und Lernen sollen den bestm\u00f6glichen Unterricht erhalten und sich in ihrer Schule wohl f\u00fchlen.<\/span><\/p>\n<p style=\"text-align: justify\"><span style=\"color: #000000\">Viele Projektvorhaben und W\u00fcnsche konnten bzw. k\u00f6nnen nur mit Hilfe des F\u00f6rdervereins verwirklicht werden. Die Basis daf\u00fcr bildet das gro\u00dfe ehrenamtliche Engagement vieler Mitglieder, die durch finanzielle Mittel und praktische Mitarbeit den F\u00f6rderverein unterst\u00fctzen. Mit Unterst\u00fctzung des F\u00f6rdervereins konnten schon viele Aktionen und Projekte, sowie Anschaffungen erm\u00f6glicht werden. Sie sind als Mitglied im F\u00f6rderverein herzlich willkommen.<\/span><\/p>\n<p style=\"text-align: justify\"><span style=\"color: #000000\">Unsere F\u00f6rderschule ist ein als gemeinn\u00fctzig anerkannter, eingetragener F\u00f6rderverein, in dem nicht nur Sach -und Geldspenden sondern auch Ideen und Tatkraft immer gefragt sind. Selbst mit einem Beitrag von 1\u20ac pro Monat kann man als Mitglied im Verein die Schule finanziell unterst\u00fctzen. Einen Mindestbetrag f\u00fcr eine Mitgliedschaft gibt es selbstverst\u00e4ndlich nicht. Ihre Mitgliedsbeitr\u00e4ge und Ihre Spenden k\u00f6nnen Sie von der Steuer absetzen.<\/span><\/p>\n<p style=\"text-align: justify\"><span style=\"color: #000000\">\u00dcber diesen Link <a href=\"http:\/\/wordpress.nibis.de\/auefeld\/files\/2018\/03\/Beitrittserkl\u00e4rung.pdf\">Beitrittserkl\u00e4rung<\/a> k\u00f6nnen Sie die Beitrittserkl\u00e4rung als PDF-Datei aufrufen. Bitte f\u00fcllen Sie ihn bei Interesse aus und schicken ihn an die angegebene F\u00f6rdervereinsadresse. Eltern k\u00f6nnen den Antrag nat\u00fcrlich auch ihrem Kind mit zur Schule geben.<\/span><\/p>\n<p style=\"text-align: justify\"><span style=\"color: #000000\">Wir werden dort pers\u00f6nlich und finanziell aktiv, wo \u00f6ffentliche Mittel nicht reichen. Bis heute wurden Klassenfahrten, das Ganztagsangebot, die Gestaltung von Schulfeiern, Weihnachtsfeiern und Abschlussfeiern unterst\u00fctzt. Gemeinsame Schulprojekte wurden ebenso gef\u00f6rdert wie die Ausstattung des \u00d6kogel\u00e4ndes, der Sch\u00fclerb\u00fccherei und der Sch\u00fclerdisco. Elektronische Ger\u00e4te wie CD-Spieler oder Laptops und Sportger\u00e4te wurden angeschafft.<\/span><\/p>\n<div>&nbsp;<\/div>\n<div style=\"text-align: center\">&nbsp;<\/div>\n<div>&nbsp;<\/div>\n\n\n<div class=\"wp-block-buttons is-content-justification-center is-layout-flex wp-container-core-buttons-is-layout-16018d1d wp-block-buttons-is-layout-flex\">\n<div class=\"wp-block-button\"><a class=\"wp-block-button__link\">Momentan gibt es keine aktuelle Spendenaktion<\/a><\/div>\n<\/div>\n\n\n\n<p>&nbsp;<\/p>\n<p>&nbsp;<\/p>\n\n\n\n<div class=\"wp-block-media-text alignwide is-stacked-on-mobile\" style=\"grid-template-columns:20% auto\"><figure class=\"wp-block-media-text__media\"><img loading=\"lazy\" decoding=\"async\" width=\"756\" height=\"1024\" src=\"https:\/\/wordpress.nibis.de\/auefeld\/files\/2023\/02\/Screenshot-2023-02-18-at-11.24.32-1-756x1024.png\" alt=\"\" class=\"wp-image-895 size-full\" srcset=\"https:\/\/wordpress.nibis.de\/auefeld\/files\/2023\/02\/Screenshot-2023-02-18-at-11.24.32-1-756x1024.png 756w, https:\/\/wordpress.nibis.de\/auefeld\/files\/2023\/02\/Screenshot-2023-02-18-at-11.24.32-1-221x300.png 221w, https:\/\/wordpress.nibis.de\/auefeld\/files\/2023\/02\/Screenshot-2023-02-18-at-11.24.32-1-768x1041.png 768w, https:\/\/wordpress.nibis.de\/auefeld\/files\/2023\/02\/Screenshot-2023-02-18-at-11.24.32-1.png 1008w\" sizes=\"auto, (max-width: 756px) 100vw, 756px\" \/><\/figure><div class=\"wp-block-media-text__content\">\n<div class=\"wp-block-group\"><div class=\"wp-block-group__inner-container is-layout-flow wp-block-group-is-layout-flow\">\n<h2 class=\"wp-block-heading\"><strong>Spendendosen<\/strong> <\/h2>\n\n\n\n<blockquote class=\"wp-block-quote is-layout-flow wp-block-quote-is-layout-flow\"><p>Spendendosen finden Sie im Hofladen Fehling (Mittelstra\u00dfe 9, 34393 Grebenstein) und der M\u00fcndener Markthalle (Lange Stra\u00dfe 42, 34346 Hann.M\u00fcnden).<\/p><cite>Vielen Dank f\u00fcr Ihre Unterst\u00fctzung! <\/cite><\/blockquote>\n<\/div><\/div>\n<\/div><\/div>\n\n\n\n\n\n<p><\/p>\n\n\n\n<p><\/p>\n\n\n\n<div class=\"wp-block-buttons is-layout-flex wp-block-buttons-is-layout-flex\">\n<div class=\"wp-block-button aligncenter is-style-fill\"><a class=\"wp-block-button__link has-vivid-cyan-blue-background-color has-background\" href=\"https:\/\/www.dropbox.com\/scl\/fi\/3eiih1dyujd6hh05pci96\/Beitrittserkl-rung.pdf?rlkey=6eg5koont5qahkd8c4dkpindm&amp;dl=0\">&#8230;hier gibt es die aktuelle Beitrittserkl\u00e4rung zum Download<\/a><\/div>\n<\/div>\n\n\n\n<p>&nbsp;<\/p>\n<p>&nbsp;<\/p>\n\n\n\n<div class=\"wp-block-buttons is-content-justification-center is-layout-flex wp-container-core-buttons-is-layout-16018d1d wp-block-buttons-is-layout-flex\">\n<div class=\"wp-block-button is-style-outline is-style-outline--1\"><a class=\"wp-block-button__link has-white-color has-vivid-cyan-blue-background-color has-text-color has-background\" href=\"https:\/\/www.dropbox.com\/scl\/fi\/b4qjwy35olusest4p2vyu\/Einladung-Jahreshauptversammlung-2025-F-rderkreis-Schule-im-Auefeld.pdf?rlkey=hxt5vewbag0b8p4p5cb74g8u3&amp;st=pj1cnpl4&amp;dl=0\">&#8230;hier gibt es die Einladung zur n\u00e4chsten F\u00f6rdervereinssitzung<\/a><\/div>\n<\/div>\n\n\n","protected":false},"excerpt":{"rendered":"<p>Herzlich Willkommen auf der Seite des F\u00f6rderkreises der Schule im Auefeld!&nbsp; Unser F\u00f6rderverein wurde 1982 von engagierten Eltern und Lehrern gegr\u00fcndet und unterst\u00fctzt seitdem als gemeinn\u00fctzig eingetragener Verein (e.V.) Projekte und Anschaffungen der Schule, die \u00fcber den Schuletat hinausgehen. Die Sch\u00fcler und Sch\u00fclerinnen unserer Schule mit dem Schwerpunkt geistige Entwicklung und Lernen sollen den bestm\u00f6glichen [&hellip;]<\/p>\n","protected":false},"author":1101,"featured_media":0,"parent":0,"menu_order":0,"comment_status":"closed","ping_status":"closed","template":"","meta":{"footnotes":""},"class_list":["post-150","page","type-page","status-publish","hentry"],"_links":{"self":[{"href":"https:\/\/wordpress.nibis.de\/auefeld\/wp-json\/wp\/v2\/pages\/150","targetHints":{"allow":["GET"]}}],"collection":[{"href":"https:\/\/wordpress.nibis.de\/auefeld\/wp-json\/wp\/v2\/pages"}],"about":[{"href":"https:\/\/wordpress.nibis.de\/auefeld\/wp-json\/wp\/v2\/types\/page"}],"author":[{"embeddable":true,"href":"https:\/\/wordpress.nibis.de\/auefeld\/wp-json\/wp\/v2\/users\/1101"}],"replies":[{"embeddable":true,"href":"https:\/\/wordpress.nibis.de\/auefeld\/wp-json\/wp\/v2\/comments?post=150"}],"version-history":[{"count":29,"href":"https:\/\/wordpress.nibis.de\/auefeld\/wp-json\/wp\/v2\/pages\/150\/revisions"}],"predecessor-version":[{"id":1682,"href":"https:\/\/wordpress.nibis.de\/auefeld\/wp-json\/wp\/v2\/pages\/150\/revisions\/1682"}],"wp:attachment":[{"href":"https:\/\/wordpress.nibis.de\/auefeld\/wp-json\/wp\/v2\/media?parent=150"}],"curies":[{"name":"wp","href":"https:\/\/api.w.org\/{rel}","templated":true}]}}