{"id":172,"date":"2016-09-21T14:47:51","date_gmt":"2016-09-21T12:47:51","guid":{"rendered":"http:\/\/wordpress.nibis.de\/auefeld\/?page_id=172"},"modified":"2023-04-23T11:16:06","modified_gmt":"2023-04-23T09:16:06","slug":"foerderschwerpunkt-geistige-entwicklung","status":"publish","type":"page","link":"https:\/\/wordpress.nibis.de\/auefeld\/foerderschwerpunkt-geistige-entwicklung\/","title":{"rendered":"F\u00f6rderschwerpunkt Geistige Entwicklung"},"content":{"rendered":"<p><span style=\"color: #3366ff\"><strong>Unser F\u00f6rderschulzweig Geistige Entwicklung<\/strong><\/span><\/p>\n<p>Der F\u00f6rderschulzweig Geistige Entwicklung wird im Zuge der Inklusion nicht aufgel\u00f6st.<\/p>\n<p>Er wird weiter bestehen bleiben.<\/p>\n<p><span style=\"color: #3366ff\">Das bedeutet:<\/span><\/p>\n<p>Im F\u00f6rderschulzweig Geistige Entwicklung beschulen wir weiterhin Sch\u00fcler\/innen der Klassen 1 \u2013 12<\/p>\n<p>( Primarbereich &#8211; Sekundarbereich I &#8211; Sekundarbereich II ).<\/p>\n<p>In unserem F\u00f6rderschulzweig Geistige Entwicklung bereiten wir unsere Sch\u00fcler\/innen mit festgestelltem sonderp\u00e4dagogischen Unterst\u00fctzungsbedarf Geistige Entwicklung intensiv auf ein m\u00f6glichst selbst\u00e4ndiges Leben vor. Unser umfassendes Angebot beinhaltet nat\u00fcrlich auch den Erwerb von m\u00f6glichst viel \u201cSchulwissen\u201c. Wir f\u00f6rdern unsere Sch\u00fcler\/innen gem\u00e4\u00df individuellem Lernverm\u00f6gen, und das im Gegensatz zur inklusiven Beschulung einer Regelschule an 5 Tagen der Woche in jeder Unterrichtsstunde durch ausgewiesene F\u00f6rderschullehrkr\u00e4fte.<\/p>\n<p>Wir bereiten unsere Sch\u00fcler\/innen des F\u00f6rderschulzweiges Geistige Entwicklung nat\u00fcrlich auch intensiv auf das Berufsleben vor. Wir kooperieren mit der BBS \u2013 Hann. M\u00fcnden in Form von Berufsinformationstagen, unsere Sch\u00fcler\/innen durchlaufen 2 Praktika in Betrieben unseres Umfeldes.<\/p>\n<p>Im F\u00f6rderschulzweig Geistige Entwicklung bieten wir unseren Sch\u00fcler\/innen in Zusammenarbeit mit dem <a href=\"https:\/\/www.drk-goe-nom.de\/angebote\/kindertagesstaetten\/unsere-kitas\/tagesstaette-foerderschule.html\">Deutschen Roten Kreuz<\/a> an 5 Tagen der Woche ein Ganztagsangebot incl. Mittagsverpflegung.<\/p>\n<p>Sch\u00fcler\/innen des F\u00f6rderschulzweiges Geistige Entwicklung k\u00f6nnen auch ohne Anbindung an das Deutsche Rote Kreuz kostenlos an drei Tagen (Mo,Di,Mi) am schulischen Ganztagesangebot teilnehmen.<\/p>\n<p><span style=\"color: #3366ff\">Unser Versprechen \u2026<\/span><\/p>\n<p>Wir arbeiten in unserem F\u00f6rderschulzweig Geistige Entwicklung weiterhin gem\u00e4\u00df individuellen Lernvoraussetzungen der uns anvertrauten Sch\u00fcler\/innen. Wir bilden uns weiter, wir lernen dazu, wir stellen uns allen neuen Herausforderungen, um unseren Sch\u00fcler\/innen eine m\u00f6glichst erfolgreiche und gl\u00fcckliche Schulzeit bieten zu k\u00f6nnen.<\/p>\n<p><span style=\"color: #3366ff\">Haben wir Ihr Interesse geweckt ?<\/span><\/p>\n<p>Sollten wir Ihr Interesse an unserem F\u00f6rderschulzweig Geistige Entwicklung geweckt haben, sprechen Sie uns bitte an.<\/p>\n<p>Sie haben ein Kind mit festgestelltem sonderp\u00e4dagogischem Unterst\u00fctzungsbedarf Schwerpunkt Geistige Entwicklung \u2026<\/p>\n<p>Sie m\u00f6chten Ihr Kind mit festgestelltem sonderp\u00e4dagogischem Unterst\u00fctzungsbedarf Schwerpunkt Geistige Entwicklung in einer entsprechenden F\u00f6rderschule einschulen \u2026<\/p>\n<p>Ihr Kind mit festgestelltem sonderp\u00e4dagogischem Unterst\u00fctzungsbedarf Geistige Entwicklung kommt in der Inklusion nicht zurecht \u2026https:\/\/www.drk-goe-nom.de\/angebote\/kindertagesstaetten\/unsere-kitas\/tagesstaette-foerderschule.html<\/p>\n<p>Sprechen Sie uns bitte an.<\/p>\n<p>Wir stellen Ihnen unsern F\u00f6rderschulzweig Geistige Entwicklung gerne vor.<\/p>\n<p>Wir unterst\u00fctzen Sie selbstverst\u00e4ndlich bei der Umsetzung Ihres Anliegens.<\/p>\n<p>Wir nehmen Sch\u00fcler\/innen der Klassen 1 \u2013 12 auch weiterhin auf !<\/p>\n<p>\u00a0<\/p>\n\n\n<div class=\"wp-block-buttons is-content-justification-center is-layout-flex wp-container-core-buttons-is-layout-16018d1d wp-block-buttons-is-layout-flex\">\n<div class=\"wp-block-button\"><a class=\"wp-block-button__link has-vivid-cyan-blue-background-color has-background\" href=\"https:\/\/www.drk-goe-nom.de\/angebote\/kindertagesstaetten\/unsere-kitas\/tagesstaette-foerderschule.html\" target=\"_blank\" rel=\"noreferrer noopener\">Hier geht es zur Homepage der DRK Tagesst\u00e4tte<\/a><\/div>\n<\/div>\n\n\n","protected":false},"excerpt":{"rendered":"<p>Unser F\u00f6rderschulzweig Geistige Entwicklung Der F\u00f6rderschulzweig Geistige Entwicklung wird im Zuge der Inklusion nicht aufgel\u00f6st. Er wird weiter bestehen bleiben. Das bedeutet: Im F\u00f6rderschulzweig Geistige Entwicklung beschulen wir weiterhin Sch\u00fcler\/innen der Klassen 1 \u2013 12 ( Primarbereich &#8211; Sekundarbereich I &#8211; Sekundarbereich II ). In unserem F\u00f6rderschulzweig Geistige Entwicklung bereiten wir unsere Sch\u00fcler\/innen mit festgestelltem [&hellip;]<\/p>\n","protected":false},"author":1101,"featured_media":0,"parent":0,"menu_order":0,"comment_status":"closed","ping_status":"closed","template":"","meta":{"footnotes":""},"class_list":["post-172","page","type-page","status-publish","hentry"],"_links":{"self":[{"href":"https:\/\/wordpress.nibis.de\/auefeld\/wp-json\/wp\/v2\/pages\/172","targetHints":{"allow":["GET"]}}],"collection":[{"href":"https:\/\/wordpress.nibis.de\/auefeld\/wp-json\/wp\/v2\/pages"}],"about":[{"href":"https:\/\/wordpress.nibis.de\/auefeld\/wp-json\/wp\/v2\/types\/page"}],"author":[{"embeddable":true,"href":"https:\/\/wordpress.nibis.de\/auefeld\/wp-json\/wp\/v2\/users\/1101"}],"replies":[{"embeddable":true,"href":"https:\/\/wordpress.nibis.de\/auefeld\/wp-json\/wp\/v2\/comments?post=172"}],"version-history":[{"count":6,"href":"https:\/\/wordpress.nibis.de\/auefeld\/wp-json\/wp\/v2\/pages\/172\/revisions"}],"predecessor-version":[{"id":1008,"href":"https:\/\/wordpress.nibis.de\/auefeld\/wp-json\/wp\/v2\/pages\/172\/revisions\/1008"}],"wp:attachment":[{"href":"https:\/\/wordpress.nibis.de\/auefeld\/wp-json\/wp\/v2\/media?parent=172"}],"curies":[{"name":"wp","href":"https:\/\/api.w.org\/{rel}","templated":true}]}}