{"id":212,"date":"2017-01-17T19:08:36","date_gmt":"2017-01-17T18:08:36","guid":{"rendered":"http:\/\/wordpress.nibis.de\/auefeld\/?page_id=212"},"modified":"2024-02-26T19:21:40","modified_gmt":"2024-02-26T18:21:40","slug":"startseite","status":"publish","type":"page","link":"https:\/\/wordpress.nibis.de\/auefeld\/","title":{"rendered":""},"content":{"rendered":"\n<div class=\"wp-block-group\"><div class=\"wp-block-group__inner-container is-layout-flow wp-block-group-is-layout-flow\">\n<div class=\"wp-block-group\"><div class=\"wp-block-group__inner-container is-layout-flow wp-block-group-is-layout-flow\"><\/div><\/div>\n<\/div><\/div>\n\n\n<h1 style=\"text-align: center\"><span style=\"color: #3366ff\"><strong>Willkommen in der Schule im Auefeld<\/strong><\/span><\/h1>\n<h1 style=\"text-align: center\"><span style=\"color: #3366ff\"><strong>Hann. M\u00fcnden<\/strong><\/span><\/h1>\n<p style=\"text-align: center\"><img loading=\"lazy\" decoding=\"async\" class=\"alignnone wp-image-214\" src=\"http:\/\/wordpress.nibis.de\/auefeld\/files\/2017\/01\/Titelbild.jpg\" alt=\"Titelbild\" width=\"879\" height=\"497\" srcset=\"https:\/\/wordpress.nibis.de\/auefeld\/files\/2017\/01\/Titelbild.jpg 1259w, https:\/\/wordpress.nibis.de\/auefeld\/files\/2017\/01\/Titelbild-300x170.jpg 300w, https:\/\/wordpress.nibis.de\/auefeld\/files\/2017\/01\/Titelbild-768x434.jpg 768w, https:\/\/wordpress.nibis.de\/auefeld\/files\/2017\/01\/Titelbild-1024x579.jpg 1024w\" sizes=\"auto, (max-width: 879px) 100vw, 879px\" \/><\/p>\n<p style=\"text-align: center\"><span style=\"color: #000000\">Schauen Sie sich um und informieren Sie sich \u00fcber unser schulisches&nbsp;Angebot.<\/span><\/p>\n<p style=\"text-align: center\"><span style=\"color: #000000\">Bei Fragen stehen wir Ihnen gerne zur Verf\u00fcgung.<\/span><\/p>\n<p><\/p>\n<p style=\"text-align: center\"><span style=\"color: #3366ff\"><strong>Sprechzeiten des Sekretariats<\/strong><\/span><\/p>\n<p style=\"text-align: center\">Montag, Mittwoch und Donnerstag:<\/p>\n<p style=\"text-align: center\">7:30 &#8211; 12:30 Uhr<\/p>\n<p><\/p>\n\n\n<div class=\"wp-block-image\"><figure class=\"aligncenter size-large is-resized\"><img loading=\"lazy\" decoding=\"async\" src=\"https:\/\/wordpress.nibis.de\/auefeld\/files\/2024\/02\/Screenshot-2024-02-10-at-10.43.57-1024x931.png\" alt=\"\" class=\"wp-image-1339\" width=\"580\" height=\"526\" srcset=\"https:\/\/wordpress.nibis.de\/auefeld\/files\/2024\/02\/Screenshot-2024-02-10-at-10.43.57-1024x931.png 1024w, https:\/\/wordpress.nibis.de\/auefeld\/files\/2024\/02\/Screenshot-2024-02-10-at-10.43.57-300x273.png 300w, https:\/\/wordpress.nibis.de\/auefeld\/files\/2024\/02\/Screenshot-2024-02-10-at-10.43.57-768x698.png 768w, https:\/\/wordpress.nibis.de\/auefeld\/files\/2024\/02\/Screenshot-2024-02-10-at-10.43.57.png 1162w\" sizes=\"auto, (max-width: 580px) 100vw, 580px\" \/><\/figure><\/div>\n\n\n\n<p><\/p>\n\n\n\n<p>&nbsp;<\/p>\n<p>&nbsp;<\/p>\n\n\n\n<div class=\"wp-block-image\"><figure class=\"aligncenter size-full is-resized\"><img loading=\"lazy\" decoding=\"async\" src=\"https:\/\/wordpress.nibis.de\/auefeld\/files\/2023\/04\/Screenshot-2023-04-01-at-15.05.05.png\" alt=\"\" class=\"wp-image-964\" width=\"327\" height=\"107\" srcset=\"https:\/\/wordpress.nibis.de\/auefeld\/files\/2023\/04\/Screenshot-2023-04-01-at-15.05.05.png 546w, https:\/\/wordpress.nibis.de\/auefeld\/files\/2023\/04\/Screenshot-2023-04-01-at-15.05.05-300x98.png 300w\" sizes=\"auto, (max-width: 327px) 100vw, 327px\" \/><\/figure><\/div>\n\n\n\n\n\n<div class=\"wp-block-buttons is-layout-flex wp-block-buttons-is-layout-flex\">\n<div class=\"wp-block-button aligncenter\"><a class=\"wp-block-button__link has-vivid-cyan-blue-background-color has-background\" href=\"http:\/\/schule-im-auefeld.de\/iserv\/\" target=\"_blank\" rel=\"noreferrer noopener\">Hier geht es zum iServ Login<\/a><\/div>\n<\/div>\n\n\n","protected":false},"excerpt":{"rendered":"<p>Willkommen in der Schule im Auefeld Hann. M\u00fcnden Schauen Sie sich um und informieren Sie sich \u00fcber unser schulisches&nbsp;Angebot. Bei Fragen stehen wir Ihnen gerne zur Verf\u00fcgung. Sprechzeiten des Sekretariats Montag, Mittwoch und Donnerstag: 7:30 &#8211; 12:30 Uhr &nbsp; &nbsp;<\/p>\n","protected":false},"author":1101,"featured_media":0,"parent":0,"menu_order":0,"comment_status":"closed","ping_status":"closed","template":"","meta":{"footnotes":""},"class_list":["post-212","page","type-page","status-publish","hentry"],"_links":{"self":[{"href":"https:\/\/wordpress.nibis.de\/auefeld\/wp-json\/wp\/v2\/pages\/212","targetHints":{"allow":["GET"]}}],"collection":[{"href":"https:\/\/wordpress.nibis.de\/auefeld\/wp-json\/wp\/v2\/pages"}],"about":[{"href":"https:\/\/wordpress.nibis.de\/auefeld\/wp-json\/wp\/v2\/types\/page"}],"author":[{"embeddable":true,"href":"https:\/\/wordpress.nibis.de\/auefeld\/wp-json\/wp\/v2\/users\/1101"}],"replies":[{"embeddable":true,"href":"https:\/\/wordpress.nibis.de\/auefeld\/wp-json\/wp\/v2\/comments?post=212"}],"version-history":[{"count":38,"href":"https:\/\/wordpress.nibis.de\/auefeld\/wp-json\/wp\/v2\/pages\/212\/revisions"}],"predecessor-version":[{"id":1362,"href":"https:\/\/wordpress.nibis.de\/auefeld\/wp-json\/wp\/v2\/pages\/212\/revisions\/1362"}],"wp:attachment":[{"href":"https:\/\/wordpress.nibis.de\/auefeld\/wp-json\/wp\/v2\/media?parent=212"}],"curies":[{"name":"wp","href":"https:\/\/api.w.org\/{rel}","templated":true}]}}