{"id":29,"date":"2016-09-15T11:31:36","date_gmt":"2016-09-15T09:31:36","guid":{"rendered":"http:\/\/wordpress.nibis.de\/auefeld\/?page_id=29"},"modified":"2026-01-16T16:51:04","modified_gmt":"2026-01-16T15:51:04","slug":"unsere-kollegen","status":"publish","type":"page","link":"https:\/\/wordpress.nibis.de\/auefeld\/unsere-kollegen\/","title":{"rendered":"Unsere Kolleginnen und Kollegen"},"content":{"rendered":"\n<p><\/p>\n\n\n<table style=\"width: 93.242181%;height: 1091px\">\n<tbody>\n<tr style=\"height: 102px\">\n<td style=\"width: 44.3916%;height: 86px;text-align: center\"><strong><span style=\"color: #3366ff\">Schulleitung<\/span><\/strong>\n<p>Herr Christian Rohn, Frau Katja Gabel<\/p>\n<p>&amp; Frau Julia L\u00f6bel<\/p>\n<\/td>\n<td style=\"width: 33.873885%;height: 86px;text-align: center\"><span style=\"color: #3366ff\"><strong>Sekretariat<\/strong><\/span>\n<p>Susanne Gottwald<\/p>\n<\/td>\n<td style=\"width: 34.337436%;height: 86px;text-align: center\"><span style=\"color: #3366ff\"><strong>Hausmeister<\/strong><\/span>\n<p>Mario Scholz<\/p>\n<p>Sven Dannhauer<\/p>\n<\/td>\n<td style=\"width: 1.27551%;height: 86px;text-align: center\">\u00a0<\/td>\n<\/tr>\n<tr style=\"height: 27.6px\">\n<td style=\"width: 113.878431%;height: 59px\" colspan=\"4\">\u00a0<\/td>\n<\/tr>\n<tr style=\"height: 27px\">\n<td style=\"width: 113.878431%;height: 27px;text-align: center\" colspan=\"4\"><span style=\"color: #3366ff\"><strong>Klassenleitungen 2025\/ 2026<\/strong><\/span><\/td>\n<\/tr>\n<tr style=\"height: 27px\">\n<td style=\"width: 113.878431%;height: 27px\" colspan=\"4\"><span style=\"color: #3366ff\"><em>F\u00f6rderschwerpunkt geistige Entwicklung<\/em><\/span><\/td>\n<\/tr>\n<tr style=\"height: 27px\">\n<td style=\"width: 44.3916%;height: 27px\">Primarbereich I\/II\/III<\/td>\n<td style=\"width: 69.486831%;height: 27px\" colspan=\"3\">Frau Julia L\u00f6bel &amp; Frau Klara Frey &amp; Frau Sabine Walz<\/td>\n<\/tr>\n<tr style=\"height: 27px\">\n<td style=\"width: 44.3916%;height: 27px\"><em>Sek I\/1<\/em><\/td>\n<td style=\"height: 27px;width: 69.486831%\" colspan=\"3\">Frau Katharina B\u00f6hm<\/td>\n<\/tr>\n<tr style=\"height: 26px\">\n<td style=\"width: 44.3916%;height: 26px\"><em>Sek I\/2<\/em><\/td>\n<td style=\"width: 69.486831%;height: 26px\" colspan=\"3\">Frau Sylvia Streck<\/td>\n<\/tr>\n<tr style=\"height: 27px\">\n<td style=\"width: 44.3916%;height: 27px\"><em>Sek I\/3<\/em><\/td>\n<td style=\"width: 69.486831%;height: 27px\" colspan=\"3\">Frau Katja Gabel<\/td>\n<\/tr>\n<tr style=\"height: 27px\">\n<td style=\"width: 44.3916%;height: 27px\"><em>Sek II<\/em><\/td>\n<td style=\"width: 69.486831%;height: 27px\" colspan=\"3\">Herr Sebastian Gerber\u00a0<\/td>\n<\/tr>\n<tr style=\"height: 27px\">\n<td style=\"width: 44.3916%;height: 27px\">\u00a0<\/td>\n<td style=\"width: 69.486831%;height: 27px\" colspan=\"3\">\u00a0<\/td>\n<\/tr>\n<tr style=\"height: 27px\">\n<td style=\"width: 113.878431%;height: 27px\" colspan=\"4\"><span style=\"color: #3366ff\"><em>Fachlehrkr\u00e4fte<\/em><\/span><\/td>\n<\/tr>\n<tr style=\"height: 27px\">\n<td style=\"width: 44.3916%;height: 27px\"><em>PrB -Sek I\/II<\/em><\/td>\n<td style=\"width: 69.486831%;height: 27px\" colspan=\"3\">\n<p>Frau Frauke Hill, Frau Nelli Vogel, Herr Kai Bartmann, Herr Christian Rohn<\/p>\n<\/td>\n<\/tr>\n<tr style=\"height: 27px\">\n<td style=\"width: 44.3916%;height: 27px\"><em>\u00a0<\/em><\/td>\n<td style=\"width: 69.486831%;height: 27px\" colspan=\"3\">\u00a0<\/td>\n<\/tr>\n<tr style=\"height: 27px\">\n<td style=\"width: 44.3916%;height: 27px\"><em>Erreichbarkeit<\/em>:<\/td>\n<td style=\"width: 69.486831%;height: 27px\" colspan=\"3\">&#x76;&#x6f;&#x72;&#110;&#97;me&#x2e;&#x6e;&#x61;&#99;&#104;na&#x6d;&#x65;&#x40;&#115;&#99;hu&#x6c;&#x65;&#x2d;&#105;&#109;-a&#x75;&#x65;&#x66;&#101;&#108;d&#46;&#x64;&#x65;<\/td>\n<\/tr>\n<tr style=\"height: 27px\">\n<td style=\"width: 44.3916%;height: 27px\">\u00a0<\/td>\n<td style=\"width: 69.486831%;height: 27px\" colspan=\"3\">\n<p><em>z.B.: &#106;&#x75;&#x6c;i&#97;&#x6e;&#46;&#102;&#x61;u&#112;&#x65;l&#64;&#x73;&#x63;&#104;&#x75;&#x6c;e&#45;&#x69;m&#45;&#x61;u&#101;&#x66;&#x65;&#108;&#x64;&#x2e;d&#101;<\/em><\/p>\n<\/td>\n<\/tr>\n<tr style=\"height: 27px\">\n<td style=\"width: 113.878431%;height: 27px;text-align: center\" colspan=\"4\"><span style=\"color: #3366ff\"><strong>Fachlehrkr\u00e4fte und Lehrkr\u00e4fte in der Inklusion<\/strong><\/span><\/td>\n<\/tr>\n<tr style=\"height: 27px\">\n<td style=\"width: 44.3916%;height: 27px\">Herr Kai Bartmann<\/td>\n<td style=\"width: 33.873885%;height: 27px\">\u00a0<\/td>\n<td style=\"width: 34.337436%;height: 27px\">Herr Oliver Kretschmer<\/td>\n<td style=\"width: 1.27551%;height: 27px\">\u00a0<\/td>\n<\/tr>\n<tr style=\"height: 27px\">\n<td style=\"width: 44.3916%;height: 27px\">Frau Ilka Benedix<\/td>\n<td style=\"width: 33.873885%;height: 27px\">Herr Julian Faupel<\/td>\n<td style=\"width: 34.337436%;height: 27px\">Herr Gerrit Meyer<\/td>\n<td style=\"width: 1.27551%;height: 27px\">\u00a0<\/td>\n<\/tr>\n<tr style=\"height: 27px\">\n<td style=\"width: 44.3916%;height: 27px\">Frau Marita Kaiser<\/td>\n<td style=\"width: 33.873885%;height: 27px\">Herr Sebastian Gerber<\/td>\n<td style=\"width: 34.337436%;height: 27px\">Frau Silke Modder<\/td>\n<td style=\"width: 1.27551%;height: 27px\">\u00a0<\/td>\n<\/tr>\n<tr style=\"height: 27px\">\n<td style=\"width: 44.3916%;height: 27px\">Frau Kathrin Bonse<\/td>\n<td style=\"width: 33.873885%;height: 27px\">Frau Sabine Walz<\/td>\n<td style=\"width: 34.337436%;height: 27px\">Herr Christian Rohn<\/td>\n<td style=\"width: 1.27551%;height: 27px\">\u00a0<\/td>\n<\/tr>\n<tr style=\"height: 27px\">\n<td style=\"width: 44.3916%;height: 27px\">\u00a0<\/td>\n<td style=\"width: 33.873885%;height: 27px\">\u00a0<\/td>\n<td style=\"width: 34.337436%;height: 27px\">\u00a0<\/td>\n<td style=\"width: 1.27551%;height: 27px\">\u00a0<\/td>\n<\/tr>\n<tr style=\"height: 27px\">\n<td style=\"width: 44.3916%;height: 27px\">\u00a0<\/td>\n<td style=\"width: 33.873885%;height: 27px\">\u00a0<\/td>\n<td style=\"width: 34.337436%;height: 27px\">\u00a0<\/td>\n<td style=\"width: 1.27551%;height: 27px\">\u00a0<\/td>\n<\/tr>\n<tr style=\"height: 32px\">\n<td style=\"width: 113.878431%;text-align: center;height: 30px\" colspan=\"4\"><span style=\"background-color: #ffffff;color: #3366ff\">Mobiler Dienst ESE<\/span> : Herr Bartmann ; <span style=\"color: #3366ff\">Mobiler Dienst Sehen<\/span>: Herr Faupel\u00a0<\/td>\n<\/tr>\n<tr style=\"height: 27px\">\n<td style=\"height: 27px;text-align: center;width: 113.878431%\" colspan=\"4\"><span style=\"color: #3366ff\"><strong>P\u00e4dagogische Fachkr\u00e4fte<\/strong><\/span><\/td>\n<\/tr>\n<tr style=\"height: 27px\">\n<td style=\"width: 44.3916%;height: 27px\">Frau Eva Poczwardowski<\/td>\n<td style=\"width: 33.873885%;height: 27px\">Frau Sandra von Stein-Salisbury<\/td>\n<td style=\"width: 34.337436%;height: 27px\">Frau Sandra Krekeler<\/td>\n<td style=\"width: 1.27551%;height: 27px\">Frau Yvonne Zimmermann<\/td>\n<\/tr>\n<tr style=\"height: 27px\">\n<td style=\"width: 44.3916%;height: 27px\">\n<p>Frau Annika Sch\u00fcler<\/p>\n<\/td>\n<td style=\"width: 33.873885%;height: 27px\">Frau Anouk Maurer<\/td>\n<td style=\"width: 34.337436%;height: 27px\">Frau Sabine Hettenhausen<\/td>\n<td style=\"width: 1.27551%;height: 27px\">\u00a0<\/td>\n<\/tr>\n<tr style=\"height: 27px\">\n<td style=\"width: 113.878431%;height: 27px;text-align: center\" colspan=\"4\"><span style=\"color: #3366ff\"><strong>Physiotherapeutin<\/strong><\/span><\/td>\n<\/tr>\n<tr style=\"height: 27px\">\n<td style=\"width: 44.3916%;height: 27px\">Frau Simone Freund<\/td>\n<td style=\"width: 33.873885%;height: 27px\">Frau Janina Kopras<\/td>\n<td style=\"width: 34.337436%;height: 27px\">\u00a0<\/td>\n<td style=\"width: 1.27551%;height: 27px\">\u00a0<\/td>\n<\/tr>\n<tr style=\"height: 27px\">\n<td style=\"width: 44.3916%;height: 27px\">\u00a0<\/td>\n<td style=\"width: 33.873885%;height: 27px\">\u00a0<\/td>\n<td style=\"width: 34.337436%;height: 27px\">\u00a0<\/td>\n<td style=\"width: 1.27551%;height: 27px\">\u00a0<\/td>\n<\/tr>\n<tr style=\"height: 27px\">\n<td style=\"width: 113.878431%;height: 27px;text-align: center\" colspan=\"4\"><span style=\"color: #3366ff\"><strong>Fachkr\u00e4fte der DRK-Tagesst\u00e4tte\u00a0<\/strong><\/span><\/td>\n<\/tr>\n<tr style=\"height: 27px\">\n<td style=\"width: 44.3916%;height: 27px\">Frau Karola Pich<\/td>\n<td style=\"width: 33.873885%;height: 27px\">Herr Tobias Wrase<\/td>\n<td style=\"width: 34.337436%;height: 27px\">\n<p>Frau Galina Daubert<\/p>\n<\/td>\n<td style=\"width: 1.27551%;height: 27px\">Frau Heike H\u00fcbner<\/td>\n<\/tr>\n<tr style=\"height: 27px\">\n<td style=\"width: 44.3916%;height: 27px\">Frau Julia Dr\u00f6nner<\/td>\n<td style=\"width: 33.873885%;height: 27px\">Herr Jonas Gabel-Schindler<\/td>\n<td style=\"width: 34.337436%;height: 27px\">\u00a0<\/td>\n<td style=\"width: 1.27551%;height: 27px\">\u00a0<\/td>\n<\/tr>\n<tr style=\"height: 27px\">\n<td style=\"width: 44.3916%;height: 27px\">\u00a0<\/td>\n<td style=\"width: 33.873885%;height: 27px\">\u00a0<\/td>\n<td style=\"width: 34.337436%;height: 27px\">\u00a0<\/td>\n<td style=\"width: 1.27551%;height: 27px\">\u00a0<\/td>\n<\/tr>\n<tr style=\"height: 26px\">\n<td style=\"width: 113.878431%;text-align: center;height: 26px\" colspan=\"4\"><span style=\"color: #3366ff\"><strong>Unsere BFD-lerin<\/strong><\/span><\/td>\n<\/tr>\n<tr style=\"height: 27px\">\n<td style=\"width: 44.3916%;height: 27px\">Frau Chiara Vetter<\/td>\n<td style=\"width: 33.873885%;height: 27px\">\u00a0<\/td>\n<td style=\"width: 34.337436%;height: 27px\">\u00a0<\/td>\n<td style=\"width: 1.27551%;height: 27px\">\u00a0<\/td>\n<\/tr>\n<tr style=\"height: 27px\">\n<td style=\"width: 113.878431%;height: 27px\" colspan=\"4\"><span style=\"color: #3366ff\"><strong>\u00a0\u00a0\u00a0\u00a0\u00a0\u00a0\u00a0\u00a0\u00a0\u00a0\u00a0\u00a0\u00a0\u00a0\u00a0\u00a0\u00a0\u00a0\u00a0\u00a0\u00a0\u00a0\u00a0\u00a0\u00a0\u00a0\u00a0\u00a0\u00a0\u00a0\u00a0\u00a0\u00a0\u00a0\u00a0\u00a0\u00a0\u00a0\u00a0\u00a0\u00a0\u00a0\u00a0\u00a0\u00a0\u00a0\u00a0\u00a0\u00a0\u00a0\u00a0\u00a0\u00a0\u00a0\u00a0\u00a0\u00a0\u00a0\u00a0\u00a0 Unsere Schulhunde Ole &amp; Charley\u00a0<\/strong><\/span><\/td>\n<\/tr>\n<tr style=\"height: 27px\">\n<td style=\"width: 44.3916%;height: 27px\">\u00a0<\/td>\n<td style=\"width: 33.873885%;height: 27px\">\u00a0<\/td>\n<td style=\"width: 34.337436%;height: 27px\">\u00a0<\/td>\n<td style=\"width: 1.27551%;height: 27px\">\u00a0<\/td>\n<\/tr>\n<\/tbody>\n<\/table>\n\n<div class=\"wp-block-image\">\n<figure class=\"aligncenter is-resized\"><img loading=\"lazy\" decoding=\"async\" width=\"767\" height=\"1024\" src=\"https:\/\/wordpress.nibis.de\/auefeld\/files\/2020\/06\/IMG-20200130-WA0007-2-767x1024.jpg\" alt=\"\" class=\"wp-image-459\" style=\"width:188px;height:252px\" srcset=\"https:\/\/wordpress.nibis.de\/auefeld\/files\/2020\/06\/IMG-20200130-WA0007-2-767x1024.jpg 767w, https:\/\/wordpress.nibis.de\/auefeld\/files\/2020\/06\/IMG-20200130-WA0007-2-225x300.jpg 225w, https:\/\/wordpress.nibis.de\/auefeld\/files\/2020\/06\/IMG-20200130-WA0007-2-768x1025.jpg 768w, https:\/\/wordpress.nibis.de\/auefeld\/files\/2020\/06\/IMG-20200130-WA0007-2.jpg 1040w\" sizes=\"auto, (max-width: 767px) 100vw, 767px\" \/><figcaption class=\"wp-element-caption\"> <\/figcaption><\/figure>\n<\/div>\n\n<div class=\"wp-block-image\">\n<figure class=\"aligncenter size-large is-resized\"><img loading=\"lazy\" decoding=\"async\" width=\"713\" height=\"1024\" src=\"https:\/\/wordpress.nibis.de\/auefeld\/files\/2025\/08\/20240102_143159-713x1024.jpg\" alt=\"\" class=\"wp-image-1664\" style=\"width:182px;height:261px\" srcset=\"https:\/\/wordpress.nibis.de\/auefeld\/files\/2025\/08\/20240102_143159-713x1024.jpg 713w, https:\/\/wordpress.nibis.de\/auefeld\/files\/2025\/08\/20240102_143159-209x300.jpg 209w, https:\/\/wordpress.nibis.de\/auefeld\/files\/2025\/08\/20240102_143159-768x1102.jpg 768w, https:\/\/wordpress.nibis.de\/auefeld\/files\/2025\/08\/20240102_143159-1070x1536.jpg 1070w, https:\/\/wordpress.nibis.de\/auefeld\/files\/2025\/08\/20240102_143159-1427x2048.jpg 1427w, https:\/\/wordpress.nibis.de\/auefeld\/files\/2025\/08\/20240102_143159-scaled.jpg 1784w\" sizes=\"auto, (max-width: 713px) 100vw, 713px\" \/><\/figure>\n<\/div>\n\n\n<p style=\"text-align: center\"><span style=\"color: #3366ff\"><strong>Unsere ,,Schul&#8220;-Haustiere<\/strong><\/span><\/p>\n<p><span style=\"color: #000000\">Nicht nur w\u00e4hrend einer speziellen AG am Nachmittag lernen unsere Sch\u00fclerinnen und Sch\u00fcler den Umgang mit und die Pflege von Haustieren. Die Versorgung der Tiere und die Zuwendung zu ihnen ist fester Bestandteil des Schulalltags (vor allem im Primarbereich). \u00a0<\/span><\/p>\n<p>\u00a0<\/p>\n\n\n\n<figure class=\"wp-block-gallery has-nested-images columns-default columns-1 tw-gutter-large wp-block-gallery-1 is-layout-flex wp-block-gallery-is-layout-flex\">\n<figure class=\"wp-block-image size-large\"><img loading=\"lazy\" decoding=\"async\" width=\"768\" height=\"1024\" data-id=\"1520\" src=\"https:\/\/wordpress.nibis.de\/auefeld\/files\/2024\/09\/WhatsApp-Image-2024-09-10-at-12.41.19-768x1024.jpeg\" alt=\"\" class=\"wp-image-1520\" srcset=\"https:\/\/wordpress.nibis.de\/auefeld\/files\/2024\/09\/WhatsApp-Image-2024-09-10-at-12.41.19-768x1024.jpeg 768w, https:\/\/wordpress.nibis.de\/auefeld\/files\/2024\/09\/WhatsApp-Image-2024-09-10-at-12.41.19-225x300.jpeg 225w, https:\/\/wordpress.nibis.de\/auefeld\/files\/2024\/09\/WhatsApp-Image-2024-09-10-at-12.41.19-1152x1536.jpeg 1152w, https:\/\/wordpress.nibis.de\/auefeld\/files\/2024\/09\/WhatsApp-Image-2024-09-10-at-12.41.19.jpeg 1530w\" sizes=\"auto, (max-width: 768px) 100vw, 768px\" \/><\/figure>\n\n\n\n<figure class=\"wp-block-image size-large\"><img loading=\"lazy\" decoding=\"async\" width=\"1024\" height=\"678\" data-id=\"1519\" src=\"https:\/\/wordpress.nibis.de\/auefeld\/files\/2024\/09\/WhatsApp-Image-2024-09-10-at-12.42.46-1-1024x678.jpeg\" alt=\"\" class=\"wp-image-1519\" srcset=\"https:\/\/wordpress.nibis.de\/auefeld\/files\/2024\/09\/WhatsApp-Image-2024-09-10-at-12.42.46-1-1024x678.jpeg 1024w, https:\/\/wordpress.nibis.de\/auefeld\/files\/2024\/09\/WhatsApp-Image-2024-09-10-at-12.42.46-1-300x199.jpeg 300w, https:\/\/wordpress.nibis.de\/auefeld\/files\/2024\/09\/WhatsApp-Image-2024-09-10-at-12.42.46-1-768x508.jpeg 768w, https:\/\/wordpress.nibis.de\/auefeld\/files\/2024\/09\/WhatsApp-Image-2024-09-10-at-12.42.46-1-75x50.jpeg 75w, https:\/\/wordpress.nibis.de\/auefeld\/files\/2024\/09\/WhatsApp-Image-2024-09-10-at-12.42.46-1.jpeg 1212w\" sizes=\"auto, (max-width: 1024px) 100vw, 1024px\" \/><\/figure>\n\n\n\n<figure class=\"wp-block-image size-large\"><img loading=\"lazy\" decoding=\"async\" width=\"576\" height=\"1024\" data-id=\"1517\" src=\"https:\/\/wordpress.nibis.de\/auefeld\/files\/2024\/09\/WhatsApp-Image-2024-09-12-at-17.24.34-576x1024.jpeg\" alt=\"\" class=\"wp-image-1517\" srcset=\"https:\/\/wordpress.nibis.de\/auefeld\/files\/2024\/09\/WhatsApp-Image-2024-09-12-at-17.24.34-576x1024.jpeg 576w, https:\/\/wordpress.nibis.de\/auefeld\/files\/2024\/09\/WhatsApp-Image-2024-09-12-at-17.24.34-169x300.jpeg 169w, https:\/\/wordpress.nibis.de\/auefeld\/files\/2024\/09\/WhatsApp-Image-2024-09-12-at-17.24.34-768x1365.jpeg 768w, https:\/\/wordpress.nibis.de\/auefeld\/files\/2024\/09\/WhatsApp-Image-2024-09-12-at-17.24.34-864x1536.jpeg 864w, https:\/\/wordpress.nibis.de\/auefeld\/files\/2024\/09\/WhatsApp-Image-2024-09-12-at-17.24.34.jpeg 1080w\" sizes=\"auto, (max-width: 576px) 100vw, 576px\" \/><\/figure>\n\n\n\n<figure class=\"wp-block-image size-large\"><img loading=\"lazy\" decoding=\"async\" width=\"1024\" height=\"817\" data-id=\"1518\" src=\"https:\/\/wordpress.nibis.de\/auefeld\/files\/2024\/09\/WhatsApp-Image-2024-09-12-at-17.26.21-1024x817.jpeg\" alt=\"\" class=\"wp-image-1518\" srcset=\"https:\/\/wordpress.nibis.de\/auefeld\/files\/2024\/09\/WhatsApp-Image-2024-09-12-at-17.26.21-1024x817.jpeg 1024w, https:\/\/wordpress.nibis.de\/auefeld\/files\/2024\/09\/WhatsApp-Image-2024-09-12-at-17.26.21-300x239.jpeg 300w, https:\/\/wordpress.nibis.de\/auefeld\/files\/2024\/09\/WhatsApp-Image-2024-09-12-at-17.26.21-768x612.jpeg 768w, https:\/\/wordpress.nibis.de\/auefeld\/files\/2024\/09\/WhatsApp-Image-2024-09-12-at-17.26.21-1536x1225.jpeg 1536w, https:\/\/wordpress.nibis.de\/auefeld\/files\/2024\/09\/WhatsApp-Image-2024-09-12-at-17.26.21.jpeg 2048w\" sizes=\"auto, (max-width: 1024px) 100vw, 1024px\" \/><\/figure>\n\n\n\n<figure class=\"wp-block-image size-large\"><img loading=\"lazy\" decoding=\"async\" width=\"1024\" height=\"704\" data-id=\"1554\" src=\"https:\/\/wordpress.nibis.de\/auefeld\/files\/2024\/10\/PHOTO-2024-10-18-10-08-57-1024x704.jpg\" alt=\"\" class=\"wp-image-1554\" srcset=\"https:\/\/wordpress.nibis.de\/auefeld\/files\/2024\/10\/PHOTO-2024-10-18-10-08-57-1024x704.jpg 1024w, https:\/\/wordpress.nibis.de\/auefeld\/files\/2024\/10\/PHOTO-2024-10-18-10-08-57-300x206.jpg 300w, https:\/\/wordpress.nibis.de\/auefeld\/files\/2024\/10\/PHOTO-2024-10-18-10-08-57-768x528.jpg 768w, https:\/\/wordpress.nibis.de\/auefeld\/files\/2024\/10\/PHOTO-2024-10-18-10-08-57-1536x1056.jpg 1536w, https:\/\/wordpress.nibis.de\/auefeld\/files\/2024\/10\/PHOTO-2024-10-18-10-08-57.jpg 2048w\" sizes=\"auto, (max-width: 1024px) 100vw, 1024px\" \/><\/figure>\n<\/figure>\n","protected":false},"excerpt":{"rendered":"<p>Schulleitung Herr Christian Rohn, Frau Katja Gabel &amp; Frau Julia L\u00f6bel Sekretariat Susanne Gottwald Hausmeister Mario Scholz Sven Dannhauer \u00a0 \u00a0 Klassenleitungen 2025\/ 2026 F\u00f6rderschwerpunkt geistige Entwicklung Primarbereich I\/II\/III Frau Julia L\u00f6bel &amp; Frau Klara Frey &amp; Frau Sabine Walz Sek I\/1 Frau Katharina B\u00f6hm Sek I\/2 Frau Sylvia Streck Sek I\/3 Frau Katja Gabel [&hellip;]<\/p>\n","protected":false},"author":1101,"featured_media":0,"parent":0,"menu_order":0,"comment_status":"closed","ping_status":"closed","template":"","meta":{"footnotes":""},"class_list":["post-29","page","type-page","status-publish","hentry"],"_links":{"self":[{"href":"https:\/\/wordpress.nibis.de\/auefeld\/wp-json\/wp\/v2\/pages\/29","targetHints":{"allow":["GET"]}}],"collection":[{"href":"https:\/\/wordpress.nibis.de\/auefeld\/wp-json\/wp\/v2\/pages"}],"about":[{"href":"https:\/\/wordpress.nibis.de\/auefeld\/wp-json\/wp\/v2\/types\/page"}],"author":[{"embeddable":true,"href":"https:\/\/wordpress.nibis.de\/auefeld\/wp-json\/wp\/v2\/users\/1101"}],"replies":[{"embeddable":true,"href":"https:\/\/wordpress.nibis.de\/auefeld\/wp-json\/wp\/v2\/comments?post=29"}],"version-history":[{"count":70,"href":"https:\/\/wordpress.nibis.de\/auefeld\/wp-json\/wp\/v2\/pages\/29\/revisions"}],"predecessor-version":[{"id":1735,"href":"https:\/\/wordpress.nibis.de\/auefeld\/wp-json\/wp\/v2\/pages\/29\/revisions\/1735"}],"wp:attachment":[{"href":"https:\/\/wordpress.nibis.de\/auefeld\/wp-json\/wp\/v2\/media?parent=29"}],"curies":[{"name":"wp","href":"https:\/\/api.w.org\/{rel}","templated":true}]}}