{"id":829,"date":"2021-08-05T11:32:56","date_gmt":"2021-08-05T09:32:56","guid":{"rendered":"https:\/\/wordpress.nibis.de\/auefeld\/?page_id=829"},"modified":"2026-02-15T09:02:10","modified_gmt":"2026-02-15T08:02:10","slug":"unterstuetzung-und-beratung","status":"publish","type":"page","link":"https:\/\/wordpress.nibis.de\/auefeld\/unterstuetzung-und-beratung\/","title":{"rendered":"Teilhabe &#8211; Unterst\u00fctzung &amp; Beratung"},"content":{"rendered":"\n<h2 class=\"wp-block-heading\">Teilhabeberatung G\u00f6ttingen<\/h2>\n\n\n\n<ul class=\"wp-block-list\">\n<li><a href=\"https:\/\/www.teilhabeberatung.de\/beratung\/eutb-pro-retina-gottingen\">https:\/\/www.teilhabeberatung.de\/beratung\/eutb-pro-retina-gottingen<\/a><\/li>\n<\/ul>\n\n\n\n<h2 class=\"wp-block-heading\">Fortbildungen f\u00fcr Eltern<\/h2>\n\n\n\n<ul>\n<li><a href=\"https:\/\/www.rehavista.de\/termine\/buchen\/leo-170326\" target=\"_blank\" rel=\"noopener\">Online Schulung<\/a> zur unterst\u00fctzten Kommunikation ,,UK im Alltag\u201c (17.03.26, kostenlos)<\/li>\n<li><a href=\"https:\/\/www.gesellschaft-uk.org\/profis\/veranstaltungskalender\/detail\/online-eltern-treff.html\" target=\"_blank\" rel=\"noopener\">Online Meeting<\/a>\u00a0,,GuK &#8211; Elterntreffen\u201c 05.03.26, 19.30 Uhr, kostenlos\u00a0<\/li>\n<\/ul>\n\n\n\n\n\n\n","protected":false},"excerpt":{"rendered":"<p>Teilhabeberatung G\u00f6ttingen Fortbildungen f\u00fcr Eltern Online Schulung zur unterst\u00fctzten Kommunikation ,,UK im Alltag\u201c (17.03.26, kostenlos) Online Meeting\u00a0,,GuK &#8211; Elterntreffen\u201c 05.03.26, 19.30 Uhr, kostenlos\u00a0<\/p>\n","protected":false},"author":1101,"featured_media":0,"parent":0,"menu_order":0,"comment_status":"closed","ping_status":"closed","template":"","meta":{"footnotes":""},"class_list":["post-829","page","type-page","status-publish","hentry"],"_links":{"self":[{"href":"https:\/\/wordpress.nibis.de\/auefeld\/wp-json\/wp\/v2\/pages\/829","targetHints":{"allow":["GET"]}}],"collection":[{"href":"https:\/\/wordpress.nibis.de\/auefeld\/wp-json\/wp\/v2\/pages"}],"about":[{"href":"https:\/\/wordpress.nibis.de\/auefeld\/wp-json\/wp\/v2\/types\/page"}],"author":[{"embeddable":true,"href":"https:\/\/wordpress.nibis.de\/auefeld\/wp-json\/wp\/v2\/users\/1101"}],"replies":[{"embeddable":true,"href":"https:\/\/wordpress.nibis.de\/auefeld\/wp-json\/wp\/v2\/comments?post=829"}],"version-history":[{"count":10,"href":"https:\/\/wordpress.nibis.de\/auefeld\/wp-json\/wp\/v2\/pages\/829\/revisions"}],"predecessor-version":[{"id":1754,"href":"https:\/\/wordpress.nibis.de\/auefeld\/wp-json\/wp\/v2\/pages\/829\/revisions\/1754"}],"wp:attachment":[{"href":"https:\/\/wordpress.nibis.de\/auefeld\/wp-json\/wp\/v2\/media?parent=829"}],"curies":[{"name":"wp","href":"https:\/\/api.w.org\/{rel}","templated":true}]}}