{"id":1155,"date":"2016-06-05T19:47:55","date_gmt":"2016-06-05T17:47:55","guid":{"rendered":"http:\/\/wordpress.nibis.de\/awobs\/?page_id=1155"},"modified":"2021-09-09T12:04:48","modified_gmt":"2021-09-09T10:04:48","slug":"beratungslehrerin","status":"publish","type":"page","link":"https:\/\/wordpress.nibis.de\/awobs\/beratungslehrerin\/","title":{"rendered":"Beratungslehrerin"},"content":{"rendered":"<div>\n<p><strong>\u00a0<a href=\"http:\/\/wordpress.nibis.de\/awobs\/beratungslehrerin\/berger-peetz-beratung\/\" rel=\"attachment wp-att-1159\"><img loading=\"lazy\" decoding=\"async\" class=\"alignleft wp-image-1159 size-medium\" src=\"http:\/\/wordpress.nibis.de\/awobs\/files\/2016\/06\/berger-peetz-beratung-225x300.jpg\" alt=\"berger peetz beratung\" width=\"225\" height=\"300\" srcset=\"https:\/\/wordpress.nibis.de\/awobs\/files\/2016\/06\/berger-peetz-beratung-225x300.jpg 225w, https:\/\/wordpress.nibis.de\/awobs\/files\/2016\/06\/berger-peetz-beratung.jpg 355w\" sizes=\"auto, (max-width: 225px) 100vw, 225px\" \/><\/a><\/strong><\/p>\n<p><strong>Beratung an unserer Schule\u2026<\/strong><\/p>\n<p><strong>\u00a0\u00a0\u00a0\u00a0\u00a0 Vanessa Berger-Peetz<a href=\"https:\/\/wordpress.nibis.de\/awobs\/beratungslehrerin\/beratung\/\" rel=\"attachment wp-att-4503\"><img loading=\"lazy\" decoding=\"async\" class=\"wp-image-4503 alignright\" src=\"https:\/\/wordpress.nibis.de\/awobs\/files\/2021\/09\/beratung.jpg\" alt=\"\" width=\"147\" height=\"122\" \/><\/a><\/strong><\/p>\n<p><strong>\u00a0<\/strong><\/p>\n<p><strong>Ich bin Beratungslehrerin an der Aller-Weser-Oberschule in D\u00f6rverden und m\u00f6chte meine Beratung kurz vorstellen:<\/strong><\/p>\n<p><strong><u>WER kann zu mir kommen?<\/u><\/strong><\/p>\n<ul>\n<li><strong>Jeder, der in unserer Schule mit sich oder anderen ein Problem hat, es l\u00f6sen m\u00f6chte und dabei Hilfe braucht. <\/strong><\/li>\n<li><strong>Jeder, der nicht wei\u00df, an wen oder welche Stelle er\/sie sich mit dem Problem wenden soll.<\/strong><\/li>\n<li><strong>Jeder, der sich einmal aussprechen m\u00f6chte.<\/strong><\/li>\n<\/ul>\n<p><strong>\u00a0<\/strong><\/p>\n<p><strong><u>WAS kann ich tun?<\/u><\/strong><\/p>\n<ul>\n<li><strong>Ich habe so viel Zeit, dass das Problem in Ruhe und ausf\u00fchrlich geschildert werden kann.<\/strong><\/li>\n<li><strong>Gemeinsam mit dem Ratsuchenden versuche ich einen L\u00f6sungsweg zu finden.<\/strong><\/li>\n<li><strong>Meine Beratung ist immer freiwillig, d.h. der\/die Ratsuchende entscheidet, ob und wie lange die Beratung stattfinden soll.<\/strong><\/li>\n<li><strong>Ich bin zur Verschwiegenheit verpflichtet!<\/strong><\/li>\n<li><strong>Ich stelle Kontakte zu anderen Institutionen her (z.B. Beratungsstellen).<\/strong><\/li>\n<li><strong>Ich bin Ansprechpartnerin bei Schulleistungsschwierigkeiten.<\/strong><\/li>\n<\/ul>\n<p><strong>\u00a0<\/strong><\/p>\n<p><strong><u>WIE, WO und WANN bin ich zu erreichen?<\/u><\/strong><\/p>\n<table>\n<tbody>\n<tr>\n<td width=\"138\"><strong>WIE?<\/strong><\/td>\n<td width=\"467\"><strong>Terminabsprache in jeder gro\u00dfen Pause am Lehrerzimmer oder per Mail<\/strong><\/td>\n<\/tr>\n<tr>\n<td width=\"138\"><strong>WO?<\/strong><\/td>\n<td width=\"467\"><strong>Beratungszimmer (Neubau, 2. Etage, Raum 212)<\/strong><\/td>\n<\/tr>\n<tr>\n<td width=\"138\"><strong>WANN?<\/strong><\/td>\n<td width=\"467\"><strong>Schuljahr 2021\/2022: <\/strong><\/p>\n<p><strong>donnerstags, 4. Stunde und <\/strong><\/p>\n<p><strong>freitags, <\/strong><strong>3. Stunde <\/strong><\/td>\n<\/tr>\n<\/tbody>\n<\/table>\n<p><strong>\u00a0<\/strong><\/p>\n<p><strong>Au\u00dferdem k\u00f6nnen Termine au\u00dferhalb der oben angegebenen Zeiten vereinbart werden. Bitte nehmen Sie Kontakt mit dem Sekretariat unserer Schule unter der Telefonnummer: 04234-1034 auf oder schreiben Sie mir eine Mail (v&#97;&#x6e;&#x65;s&#115;&#x61;&#x2e;b&#101;&#x72;&#x67;e&#114;&#x2d;&#x70;e&#101;&#x74;&#x7a;&#64;&#115;&#99;&#x68;&#x75;l&#122;&#x65;&#x6e;t&#114;&#x75;&#x6d;-&#100;&#x6f;&#x65;r&#118;&#x65;&#x72;d&#101;&#x6e;&#x2e;d&#101;)<\/strong><\/p>\n<p><strong>\u00a0\u00a0\u00a0\u00a0\u00a0\u00a0\u00a0\u00a0\u00a0\u00a0\u00a0\u00a0\u00a0\u00a0\u00a0\u00a0\u00a0\u00a0\u00a0\u00a0\u00a0\u00a0\u00a0\u00a0\u00a0\u00a0\u00a0\u00a0\u00a0\u00a0\u00a0\u00a0\u00a0\u00a0 \u00a0\u00a0\u00a0\u00a0\u00a0\u00a0\u00a0\u00a0\u00a0\u00a0\u00a0\u00a0\u00a0\u00a0\u00a0\u00a0\u00a0\u00a0\u00a0\u00a0\u00a0\u00a0\u00a0\u00a0\u00a0\u00a0\u00a0\u00a0\u00a0\u00a0\u00a0\u00a0\u00a0\u00a0\u00a0\u00a0\u00a0\u00a0\u00a0\u00a0\u00a0\u00a0\u00a0\u00a0\u00a0\u00a0\u00a0\u00a0\u00a0\u00a0\u00a0\u00a0\u00a0\u00a0\u00a0\u00a0\u00a0\u00a0\u00a0\u00a0\u00a0\u00a0\u00a0\u00a0\u00a0\u00a0\u00a0\u00a0\u00a0\u00a0\u00a0\u00a0\u00a0\u00a0\u00a0\u00a0\u00a0\u00a0\u00a0\u00a0\u00a0\u00a0\u00a0\u00a0\u00a0<\/strong><\/p>\n<p><strong>\u00a0<\/strong><\/p>\n<p><strong>\u00a0\u00a0\u00a0\u00a0\u00a0\u00a0\u00a0\u00a0\u00a0\u00a0\u00a0\u00a0\u00a0\u00a0\u00a0\u00a0\u00a0\u00a0\u00a0\u00a0\u00a0\u00a0\u00a0\u00a0\u00a0\u00a0\u00a0\u00a0\u00a0\u00a0\u00a0\u00a0\u00a0\u00a0\u00a0\u00a0\u00a0\u00a0\u00a0\u00a0\u00a0\u00a0\u00a0\u00a0\u00a0\u00a0\u00a0\u00a0\u00a0\u00a0\u00a0\u00a0\u00a0 \u00a0\u00a0\u00a0\u00a0\u00a0\u00a0\u00a0\u00a0\u00a0\u00a0\u00a0\u00a0\u00a0\u00a0\u00a0\u00a0\u00a0\u00a0\u00a0\u00a0\u00a0\u00a0\u00a0\u00a0\u00a0\u00a0\u00a0\u00a0\u00a0\u00a0\u00a0\u00a0\u00a0\u00a0\u00a0\u00a0\u00a0\u00a0\u00a0\u00a0\u00a0\u00a0\u00a0\u00a0\u00a0\u00a0\u00a0\u00a0\u00a0\u00a0\u00a0\u00a0\u00a0\u00a0\u00a0\u00a0<\/strong><\/p>\n<p><strong>\u00a0\u00a0\u00a0\u00a0\u00a0\u00a0\u00a0\u00a0\u00a0\u00a0\u00a0\u00a0\u00a0\u00a0\u00a0\u00a0\u00a0\u00a0\u00a0\u00a0\u00a0\u00a0\u00a0\u00a0\u00a0\u00a0\u00a0\u00a0\u00a0\u00a0\u00a0\u00a0\u00a0\u00a0\u00a0\u00a0\u00a0\u00a0\u00a0\u00a0\u00a0\u00a0\u00a0\u00a0\u00a0\u00a0\u00a0\u00a0\u00a0\u00a0\u00a0\u00a0\u00a0\u00a0\u00a0\u00a0\u00a0\u00a0\u00a0\u00a0\u00a0\u00a0\u00a0\u00a0\u00a0\u00a0\u00a0\u00a0\u00a0\u00a0\u00a0\u00a0\u00a0\u00a0\u00a0\u00a0\u00a0\u00a0\u00a0\u00a0\u00a0\u00a0\u00a0\u00a0\u00a0\u00a0\u00a0\u00a0\u00a0\u00a0\u00a0\u00a0\u00a0\u00a0\u00a0\u00a0\u00a0\u00a0\u00a0\u00a0\u00a0\u00a0\u00a0\u00a0\u00a0\u00a0\u00a0\u00a0\u00a0\u00a0\u00a0\u00a0\u00a0\u00a0\u00a0\u00a0\u00a0\u00a0\u00a0 <\/strong><\/p>\n<\/div>\n","protected":false},"excerpt":{"rendered":"<p>\u00a0 Beratung an unserer Schule\u2026 \u00a0\u00a0\u00a0\u00a0\u00a0 Vanessa Berger-Peetz \u00a0 Ich bin Beratungslehrerin an der Aller-Weser-Oberschule in D\u00f6rverden und m\u00f6chte meine Beratung kurz vorstellen: WER kann zu mir kommen? Jeder, der in unserer Schule mit sich oder anderen ein Problem hat, es l\u00f6sen m\u00f6chte und dabei Hilfe braucht. Jeder, der nicht wei\u00df, an wen oder welche [&hellip;]<\/p>\n","protected":false},"author":876,"featured_media":0,"parent":0,"menu_order":0,"comment_status":"closed","ping_status":"closed","template":"","meta":{"footnotes":""},"class_list":["post-1155","page","type-page","status-publish","hentry"],"_links":{"self":[{"href":"https:\/\/wordpress.nibis.de\/awobs\/wp-json\/wp\/v2\/pages\/1155","targetHints":{"allow":["GET"]}}],"collection":[{"href":"https:\/\/wordpress.nibis.de\/awobs\/wp-json\/wp\/v2\/pages"}],"about":[{"href":"https:\/\/wordpress.nibis.de\/awobs\/wp-json\/wp\/v2\/types\/page"}],"author":[{"embeddable":true,"href":"https:\/\/wordpress.nibis.de\/awobs\/wp-json\/wp\/v2\/users\/876"}],"replies":[{"embeddable":true,"href":"https:\/\/wordpress.nibis.de\/awobs\/wp-json\/wp\/v2\/comments?post=1155"}],"version-history":[{"count":13,"href":"https:\/\/wordpress.nibis.de\/awobs\/wp-json\/wp\/v2\/pages\/1155\/revisions"}],"predecessor-version":[{"id":4507,"href":"https:\/\/wordpress.nibis.de\/awobs\/wp-json\/wp\/v2\/pages\/1155\/revisions\/4507"}],"wp:attachment":[{"href":"https:\/\/wordpress.nibis.de\/awobs\/wp-json\/wp\/v2\/media?parent=1155"}],"curies":[{"name":"wp","href":"https:\/\/api.w.org\/{rel}","templated":true}]}}