{"id":121,"date":"2015-08-27T15:15:13","date_gmt":"2015-08-27T13:15:13","guid":{"rendered":"http:\/\/wordpress.nibis.de\/awobs\/?page_id=121"},"modified":"2025-09-30T12:50:30","modified_gmt":"2025-09-30T10:50:30","slug":"schuelervertretung","status":"publish","type":"page","link":"https:\/\/wordpress.nibis.de\/awobs\/schuelervertretung\/","title":{"rendered":"Sch\u00fclervertretung"},"content":{"rendered":"<p><strong>Sch\u00fclerinnen und Sch\u00fcler sind die Hauptpersonen in der Schule.<br \/>\n<\/strong>Dass sie an der Gestaltung der Lernprozesse und der Lernumgebung zu beteiligen sind, ist eigentlich selbstverst\u00e4ndlich, steht aber auch noch einmal ausdr\u00fccklich im Nieders\u00e4chsischen Schulgesetz (z. B. \u00a7 80) und in vielen Erlassen, z. B. in den Grundsatzerlassen f\u00fcr die Schulformen, zur Leistungsbeurteilung und zu einzelnen Fragen wie z. B. bei Hitzefrei.<\/p>\n<p><img loading=\"lazy\" decoding=\"async\" class=\"alignleft size-medium wp-image-256\" src=\"https:\/\/wordpress.nibis.de\/awobs\/files\/2015\/08\/Gruppenarbeit-300x268.jpg\" alt=\"\" width=\"300\" height=\"268\" srcset=\"https:\/\/wordpress.nibis.de\/awobs\/files\/2015\/08\/Gruppenarbeit-300x268.jpg 300w, https:\/\/wordpress.nibis.de\/awobs\/files\/2015\/08\/Gruppenarbeit.jpg 671w\" sizes=\"auto, (max-width: 300px) 100vw, 300px\" \/><\/p>\n<p>Alle schulischen Fragen k\u00f6nnen und sollen er\u00f6rtert werden, in den Klassensch\u00fclerschaften ebenso wie in den Sch\u00fclerr\u00e4ten, die aus den Klassensprecherinnen und Klassensprechern gebildet werden. Diese werden in jeder Klasse vom 5. Schuljahrgang an gew\u00e4hlt. Durch ihre Vertreterinnen und Vertreter wirken die Sch\u00fclerinnen und Sch\u00fcler in den Konferenzen und Aussch\u00fcssen der Schule mit. Die Mitglieder in den Schulaussch\u00fcssen der Gemeinden und Landkreise entsenden die Gemeinde- und Kreissch\u00fclerr\u00e4te. Durch den Landessch\u00fclerrat wirkt die Sch\u00fclerschaft in allen wichtigen allgemeinen Angelegenheiten des Schulwesens mit, soweit die Belange der Sch\u00fclerinnen und Sch\u00fcler ber\u00fchrt werden. Auch im Landesschulbeirat ist die Sch\u00fclerschaft vertreten.<br \/>\nBei ihrer T\u00e4tigkeit werden die Sch\u00fclerr\u00e4te durch SV-Beraterinnen und \u2013Berater unterst\u00fctzt, die sie auf der Ebene der Schule w\u00e4hlen k\u00f6nnen.<br \/>\nIn unserer Schule sind das Frau Nadig und Herr Schaal.<\/p>\n<p><strong>Als Sch\u00fclersprecher unserer Schule wurde von den Klassensprechern im Schuljahr 2025\/26 Kirill Schkolni und Filipe Cordova Zurita gew\u00e4hlt:\u00a0<\/strong><\/p>\n","protected":false},"excerpt":{"rendered":"<p>Sch\u00fclerinnen und Sch\u00fcler sind die Hauptpersonen in der Schule. Dass sie an der Gestaltung der Lernprozesse und der Lernumgebung zu beteiligen sind, ist eigentlich selbstverst\u00e4ndlich, steht aber auch noch einmal ausdr\u00fccklich im Nieders\u00e4chsischen Schulgesetz (z. B. \u00a7 80) und in vielen Erlassen, z. B. in den Grundsatzerlassen f\u00fcr die Schulformen, zur Leistungsbeurteilung und zu einzelnen [&hellip;]<\/p>\n","protected":false},"author":760,"featured_media":0,"parent":0,"menu_order":0,"comment_status":"closed","ping_status":"closed","template":"","meta":{"footnotes":""},"class_list":["post-121","page","type-page","status-publish","hentry"],"_links":{"self":[{"href":"https:\/\/wordpress.nibis.de\/awobs\/wp-json\/wp\/v2\/pages\/121","targetHints":{"allow":["GET"]}}],"collection":[{"href":"https:\/\/wordpress.nibis.de\/awobs\/wp-json\/wp\/v2\/pages"}],"about":[{"href":"https:\/\/wordpress.nibis.de\/awobs\/wp-json\/wp\/v2\/types\/page"}],"author":[{"embeddable":true,"href":"https:\/\/wordpress.nibis.de\/awobs\/wp-json\/wp\/v2\/users\/760"}],"replies":[{"embeddable":true,"href":"https:\/\/wordpress.nibis.de\/awobs\/wp-json\/wp\/v2\/comments?post=121"}],"version-history":[{"count":23,"href":"https:\/\/wordpress.nibis.de\/awobs\/wp-json\/wp\/v2\/pages\/121\/revisions"}],"predecessor-version":[{"id":5760,"href":"https:\/\/wordpress.nibis.de\/awobs\/wp-json\/wp\/v2\/pages\/121\/revisions\/5760"}],"wp:attachment":[{"href":"https:\/\/wordpress.nibis.de\/awobs\/wp-json\/wp\/v2\/media?parent=121"}],"curies":[{"name":"wp","href":"https:\/\/api.w.org\/{rel}","templated":true}]}}