{"id":124,"date":"2015-08-27T15:24:17","date_gmt":"2015-08-27T13:24:17","guid":{"rendered":"http:\/\/wordpress.nibis.de\/awobs\/?page_id=124"},"modified":"2018-11-25T13:44:32","modified_gmt":"2018-11-25T12:44:32","slug":"schulvorstand-2","status":"publish","type":"page","link":"https:\/\/wordpress.nibis.de\/awobs\/schulvorstand-2\/","title":{"rendered":"Schulvorstand\/Gesamtkonferenz"},"content":{"rendered":"<p>In jeder Schule gibt es neben dem Schulleiter zwei Entscheidungsgremien, deren Befugnisse im Nieders\u00e4chsischen Schulgesetz geregelt sind:<\/p>\n<p>\u00a734 in Ausschnitten<br \/>\n(2) Die <strong>Gesamtkonferenz<\/strong> entscheidet\u2026\u00fcber<\/p>\n<ol>\n<li>das Schulprogramm<\/li>\n<li>die Schulordnung<\/li>\n<li>Einrichtung und Zust\u00e4ndigkeit von Fach- und Teilkonferenzen<\/li>\n<li>Gesch\u00e4fts- und Wahlordnung der Konferenzen und Aussch\u00fcsse<\/li>\n<li>Grunds\u00e4tze f\u00fcr<br \/>\na) Leistungsbewertung und Beurteilung<br \/>\nb) Klassenarbeiten und Hausaufgaben<\/li>\n<\/ol>\n<p>\u00a738a in Ausschnitten<br \/>\n(3) Der <strong>Schulvorstand<\/strong> entscheidet \u00fcber<\/p>\n<ol>\n<li>die Inanspruchnahme der einger\u00e4umten Entscheidungsspielr\u00e4ume<\/li>\n<li>die Verwendung der Haushaltsmittel<\/li>\n<li>Antr\u00e4ge auf Genehmigung einer besonderen Organisation (\u00a7 23), \u00a0(z.B. GANZTAGSCHULE; F\u00d6RDER-, FREIZEITANGEBOTE)<\/li>\n<li>Die Zusammenarbeit mit anderen Schulen<\/li>\n<li>die Ausgestaltung der Stundentafel, Schulpartnerschaften<\/li>\n<li>Grunds\u00e4tze f\u00fcr<br \/>\na) die Durchf\u00fchrung von Projektwochen,<br \/>\nc) die Werbung und das Sponsoring in der Schule und<br \/>\nd) die j\u00e4hrliche \u00dcberpr\u00fcfung der Arbeit der Schule \u2026<\/li>\n<li>(4)\u00a0Der Schulvorstand macht einen Vorschlag f\u00fcr das <strong>Schulprogramm<\/strong> und f\u00fcr die Schulordnung. 2Will die Gesamtkonferenz von den Entw\u00fcrfen des Schulvorstandes f\u00fcr das Schulprogramm oder f\u00fcr die Schulordnung abweichen, so ist das Benehmen mit dem Schulvorstand herzustellen.<\/li>\n<\/ol>\n<p>&nbsp;<\/p>\n","protected":false},"excerpt":{"rendered":"<p>In jeder Schule gibt es neben dem Schulleiter zwei Entscheidungsgremien, deren Befugnisse im Nieders\u00e4chsischen Schulgesetz geregelt sind: \u00a734 in Ausschnitten (2) Die Gesamtkonferenz entscheidet\u2026\u00fcber das Schulprogramm die Schulordnung Einrichtung und Zust\u00e4ndigkeit von Fach- und Teilkonferenzen Gesch\u00e4fts- und Wahlordnung der Konferenzen und Aussch\u00fcsse Grunds\u00e4tze f\u00fcr a) Leistungsbewertung und Beurteilung b) Klassenarbeiten und Hausaufgaben \u00a738a in Ausschnitten [&hellip;]<\/p>\n","protected":false},"author":760,"featured_media":0,"parent":0,"menu_order":0,"comment_status":"closed","ping_status":"closed","template":"","meta":{"footnotes":""},"class_list":["post-124","page","type-page","status-publish","hentry"],"_links":{"self":[{"href":"https:\/\/wordpress.nibis.de\/awobs\/wp-json\/wp\/v2\/pages\/124","targetHints":{"allow":["GET"]}}],"collection":[{"href":"https:\/\/wordpress.nibis.de\/awobs\/wp-json\/wp\/v2\/pages"}],"about":[{"href":"https:\/\/wordpress.nibis.de\/awobs\/wp-json\/wp\/v2\/types\/page"}],"author":[{"embeddable":true,"href":"https:\/\/wordpress.nibis.de\/awobs\/wp-json\/wp\/v2\/users\/760"}],"replies":[{"embeddable":true,"href":"https:\/\/wordpress.nibis.de\/awobs\/wp-json\/wp\/v2\/comments?post=124"}],"version-history":[{"count":16,"href":"https:\/\/wordpress.nibis.de\/awobs\/wp-json\/wp\/v2\/pages\/124\/revisions"}],"predecessor-version":[{"id":2853,"href":"https:\/\/wordpress.nibis.de\/awobs\/wp-json\/wp\/v2\/pages\/124\/revisions\/2853"}],"wp:attachment":[{"href":"https:\/\/wordpress.nibis.de\/awobs\/wp-json\/wp\/v2\/media?parent=124"}],"curies":[{"name":"wp","href":"https:\/\/api.w.org\/{rel}","templated":true}]}}