{"id":153,"date":"2015-08-27T16:31:11","date_gmt":"2015-08-27T14:31:11","guid":{"rendered":"http:\/\/wordpress.nibis.de\/awobs\/?page_id=153"},"modified":"2015-08-27T16:31:11","modified_gmt":"2015-08-27T14:31:11","slug":"schulleben-2","status":"publish","type":"page","link":"https:\/\/wordpress.nibis.de\/awobs\/schulleben-2\/","title":{"rendered":"Schulleben"},"content":{"rendered":"<p>In unsere Schule gibt es w\u00e4hrend und nach dem Unterricht Vieles zu erleben und zu erlernen. Gerade\u00a0 an den Nachmittagen finden wir Zeit f\u00fcr die sch\u00f6nen Dinge, die w\u00e4hrend der Unterrichtsstunden manchmal zu kurz kommen.<\/p>\n<p><img loading=\"lazy\" decoding=\"async\" class=\"alignleft size-full wp-image-154\" src=\"http:\/\/wordpress.nibis.de\/awobs\/files\/2015\/08\/schulleben.jpg\" alt=\"schulleben\" width=\"800\" height=\"515\" \/><\/p>\n","protected":false},"excerpt":{"rendered":"<p>In unsere Schule gibt es w\u00e4hrend und nach dem Unterricht Vieles zu erleben und zu erlernen. Gerade\u00a0 an den Nachmittagen finden wir Zeit f\u00fcr die sch\u00f6nen Dinge, die w\u00e4hrend der Unterrichtsstunden manchmal zu kurz kommen.<\/p>\n","protected":false},"author":760,"featured_media":0,"parent":0,"menu_order":0,"comment_status":"closed","ping_status":"closed","template":"","meta":{"footnotes":""},"class_list":["post-153","page","type-page","status-publish","hentry"],"_links":{"self":[{"href":"https:\/\/wordpress.nibis.de\/awobs\/wp-json\/wp\/v2\/pages\/153","targetHints":{"allow":["GET"]}}],"collection":[{"href":"https:\/\/wordpress.nibis.de\/awobs\/wp-json\/wp\/v2\/pages"}],"about":[{"href":"https:\/\/wordpress.nibis.de\/awobs\/wp-json\/wp\/v2\/types\/page"}],"author":[{"embeddable":true,"href":"https:\/\/wordpress.nibis.de\/awobs\/wp-json\/wp\/v2\/users\/760"}],"replies":[{"embeddable":true,"href":"https:\/\/wordpress.nibis.de\/awobs\/wp-json\/wp\/v2\/comments?post=153"}],"version-history":[{"count":2,"href":"https:\/\/wordpress.nibis.de\/awobs\/wp-json\/wp\/v2\/pages\/153\/revisions"}],"predecessor-version":[{"id":156,"href":"https:\/\/wordpress.nibis.de\/awobs\/wp-json\/wp\/v2\/pages\/153\/revisions\/156"}],"wp:attachment":[{"href":"https:\/\/wordpress.nibis.de\/awobs\/wp-json\/wp\/v2\/media?parent=153"}],"curies":[{"name":"wp","href":"https:\/\/api.w.org\/{rel}","templated":true}]}}