{"id":161,"date":"2015-08-27T16:24:47","date_gmt":"2015-08-27T14:24:47","guid":{"rendered":"http:\/\/wordpress.nibis.de\/awobs\/?page_id=161"},"modified":"2024-04-24T13:02:14","modified_gmt":"2024-04-24T11:02:14","slug":"zuendstoff-die-schuelerzeitung","status":"publish","type":"page","link":"https:\/\/wordpress.nibis.de\/awobs\/zuendstoff-die-schuelerzeitung\/","title":{"rendered":"Z\u00fcndstoff &#8211; die Sch\u00fclerzeitung"},"content":{"rendered":"<p><strong> <img loading=\"lazy\" decoding=\"async\" class=\"alignright wp-image-162\" src=\"http:\/\/wordpress.nibis.de\/awobs\/files\/2015\/08\/zeitung.png\" alt=\"zeitung\" width=\"198\" height=\"212\" srcset=\"https:\/\/wordpress.nibis.de\/awobs\/files\/2015\/08\/zeitung.png 499w, https:\/\/wordpress.nibis.de\/awobs\/files\/2015\/08\/zeitung-280x300.png 280w\" sizes=\"auto, (max-width: 198px) 100vw, 198px\" \/><\/strong><\/p>\n<p>Unsere Sch\u00fclerzeitung Z\u00dcNDSTOFF besteht bereits seit 15 Jahren und berichtet \u00fcber das Schulleben und spannende Themen aus aller Welt.<\/p>\n<p>Die Redaktion trifft sich immer montags.<\/p>\n<p>Vier bis f\u00fcnf Ausgaben erscheinen pro Jahr. Der Z\u00fcndstoff ist f\u00fcr alle interessierten Leser\/innen kostenlos.<\/p>\n<p><!--more--><\/p>\n","protected":false},"excerpt":{"rendered":"<p>Unsere Sch\u00fclerzeitung Z\u00dcNDSTOFF besteht bereits seit 15 Jahren und berichtet \u00fcber das Schulleben und spannende Themen aus aller Welt. Die Redaktion trifft sich immer montags. Vier bis f\u00fcnf Ausgaben erscheinen pro Jahr. Der Z\u00fcndstoff ist f\u00fcr alle interessierten Leser\/innen kostenlos.<\/p>\n","protected":false},"author":760,"featured_media":0,"parent":0,"menu_order":0,"comment_status":"closed","ping_status":"closed","template":"","meta":{"footnotes":""},"class_list":["post-161","page","type-page","status-publish","hentry"],"_links":{"self":[{"href":"https:\/\/wordpress.nibis.de\/awobs\/wp-json\/wp\/v2\/pages\/161","targetHints":{"allow":["GET"]}}],"collection":[{"href":"https:\/\/wordpress.nibis.de\/awobs\/wp-json\/wp\/v2\/pages"}],"about":[{"href":"https:\/\/wordpress.nibis.de\/awobs\/wp-json\/wp\/v2\/types\/page"}],"author":[{"embeddable":true,"href":"https:\/\/wordpress.nibis.de\/awobs\/wp-json\/wp\/v2\/users\/760"}],"replies":[{"embeddable":true,"href":"https:\/\/wordpress.nibis.de\/awobs\/wp-json\/wp\/v2\/comments?post=161"}],"version-history":[{"count":20,"href":"https:\/\/wordpress.nibis.de\/awobs\/wp-json\/wp\/v2\/pages\/161\/revisions"}],"predecessor-version":[{"id":5244,"href":"https:\/\/wordpress.nibis.de\/awobs\/wp-json\/wp\/v2\/pages\/161\/revisions\/5244"}],"wp:attachment":[{"href":"https:\/\/wordpress.nibis.de\/awobs\/wp-json\/wp\/v2\/media?parent=161"}],"curies":[{"name":"wp","href":"https:\/\/api.w.org\/{rel}","templated":true}]}}