{"id":165,"date":"2015-08-27T16:28:00","date_gmt":"2015-08-27T14:28:00","guid":{"rendered":"http:\/\/wordpress.nibis.de\/awobs\/?page_id=165"},"modified":"2018-09-10T09:27:57","modified_gmt":"2018-09-10T07:27:57","slug":"schuart","status":"publish","type":"page","link":"https:\/\/wordpress.nibis.de\/awobs\/schuart\/","title":{"rendered":"SchulART"},"content":{"rendered":"<p><img loading=\"lazy\" decoding=\"async\" class=\"wp-image-166 alignleft\" src=\"http:\/\/wordpress.nibis.de\/awobs\/files\/2015\/08\/Kunst.jpg\" alt=\"Kunst\" width=\"165\" height=\"146\" srcset=\"https:\/\/wordpress.nibis.de\/awobs\/files\/2015\/08\/Kunst.jpg 676w, https:\/\/wordpress.nibis.de\/awobs\/files\/2015\/08\/Kunst-300x266.jpg 300w\" sizes=\"auto, (max-width: 165px) 100vw, 165px\" \/>In unserer Schule entstehen st\u00e4ndig Kunstwerke, die wir an dieser Stelle einer breiteren \u00d6ffentlichkeit vorstellen m\u00f6chten.<\/p>\n<p>&nbsp;<\/p>\n<p>&nbsp;<\/p>\n<p><strong>In der Projektwoche<\/strong> sind tolle Bilder bei Frau Belinda di Keck entstanden.<\/p>\n<p>Einen Ausschnitt davon kannst du dir hier ansehen.<a href=\"http:\/\/[good-old-gallery id=&quot;2654&quot;]\" target=\"_blank\" rel=\"noopener\">[good-old-gallery id=&#8220;2654&#8243;]<\/a><\/p>\n<p>&nbsp;<\/p>\n<p><strong>Der TG-Kurs<\/strong> (der 9.Klasse) von Frau Saul hat eine neue Technik, um Stoffe zu f\u00e4rben entdeckt. Der 90 min\u00fctige\u00a0 F\u00e4rbespa\u00df hat richtige Meisterwerke erschaffen.Vor dem F\u00e4rben wird der Stoff gefaltet, geknotet und abgebunden, je nach Wickeltechnik ergaben sich verschiedene Muster. Jeder Sch\u00fcler hat sein eigenes St\u00fcck entworfen, welches zu einem einzigartigen Unikat wurde.<\/p>\n<p style=\"text-align: left\">Einen kleinen Blick auf die Kunstwerke finden sie hier: <code>[good-old-gallery id=\"1453\"]<\/code><\/p>\n<p>&nbsp;<\/p>\n<p>&nbsp;<\/p>\n<p>&nbsp;<\/p>\n","protected":false},"excerpt":{"rendered":"<p>In unserer Schule entstehen st\u00e4ndig Kunstwerke, die wir an dieser Stelle einer breiteren \u00d6ffentlichkeit vorstellen m\u00f6chten. &nbsp; &nbsp; In der Projektwoche sind tolle Bilder bei Frau Belinda di Keck entstanden. Einen Ausschnitt davon kannst du dir hier ansehen.[good-old-gallery id=&#8220;2654&#8243;] &nbsp; Der TG-Kurs (der 9.Klasse) von Frau Saul hat eine neue Technik, um Stoffe zu f\u00e4rben [&hellip;]<\/p>\n","protected":false},"author":760,"featured_media":0,"parent":0,"menu_order":0,"comment_status":"closed","ping_status":"closed","template":"","meta":{"footnotes":""},"class_list":["post-165","page","type-page","status-publish","hentry"],"_links":{"self":[{"href":"https:\/\/wordpress.nibis.de\/awobs\/wp-json\/wp\/v2\/pages\/165","targetHints":{"allow":["GET"]}}],"collection":[{"href":"https:\/\/wordpress.nibis.de\/awobs\/wp-json\/wp\/v2\/pages"}],"about":[{"href":"https:\/\/wordpress.nibis.de\/awobs\/wp-json\/wp\/v2\/types\/page"}],"author":[{"embeddable":true,"href":"https:\/\/wordpress.nibis.de\/awobs\/wp-json\/wp\/v2\/users\/760"}],"replies":[{"embeddable":true,"href":"https:\/\/wordpress.nibis.de\/awobs\/wp-json\/wp\/v2\/comments?post=165"}],"version-history":[{"count":14,"href":"https:\/\/wordpress.nibis.de\/awobs\/wp-json\/wp\/v2\/pages\/165\/revisions"}],"predecessor-version":[{"id":2736,"href":"https:\/\/wordpress.nibis.de\/awobs\/wp-json\/wp\/v2\/pages\/165\/revisions\/2736"}],"wp:attachment":[{"href":"https:\/\/wordpress.nibis.de\/awobs\/wp-json\/wp\/v2\/media?parent=165"}],"curies":[{"name":"wp","href":"https:\/\/api.w.org\/{rel}","templated":true}]}}