{"id":194,"date":"2015-08-27T16:46:28","date_gmt":"2015-08-27T14:46:28","guid":{"rendered":"http:\/\/wordpress.nibis.de\/awobs\/?page_id=194"},"modified":"2025-03-14T09:05:19","modified_gmt":"2025-03-14T08:05:19","slug":"praktika_und_praxistage","status":"publish","type":"page","link":"https:\/\/wordpress.nibis.de\/awobs\/praktika_und_praxistage\/","title":{"rendered":"Praktika und Praxistage"},"content":{"rendered":"<p>An unserer Schule absolvieren alle Sch\u00fclerinnen und Sch\u00fcler von der 8. bis zur 10. Klasse f\u00fcr einen bestimmten Zeitraum ein<strong> Betriebspraktikum<\/strong> bzw. die sogenannten <strong>Praxistage<\/strong>. Dadurch erhalten sie die Chance, einen ersten Eindruck von der Berufswelt zu gewinnen und sich zu orientieren.<\/p>\n<p>F\u00fcr die Praktikumssuche haben wir mit dem <a href=\"http:\/\/www.vds-doerverden.de\" target=\"_blank\" rel=\"noopener noreferrer\">VDS D\u00f6rverden<\/a> einen zuverl\u00e4ssigen Partner gefunden, dessen Mitglieder (ca. 50 Betriebe) gerne bereit sind, Praktikanten aufzunehmen.<\/p>\n<p>Weitere Informationen auch unter:<br \/>&#8211; <span style=\"text-decoration: underline\"><a href=\"https:\/\/www.ausbildung-praktikum.de\/\">https:\/\/www.ausbildung-praktikum.de\/<\/a><\/span><br \/>&#8211; <a href=\"https:\/\/www.jobb\u00f6rse-stellenangebote.de\/praktikum\/\"><u>https:\/\/www.jobb\u00f6rse-stellenangebote.de\/praktikum\/<\/u><\/a><\/p>\n<p>Die entsprechenden Anmeldeformulare finden Sie unter <a href=\"http:\/\/wordpress.nibis.de\/awobs\/formulare\/\">Infos \/ Formulare.<\/a><\/p>\n<h3 align=\"center\">\u00a0<\/h3>\n<h3 style=\"text-align: left\" align=\"center\"><b>\u00dcbersicht \u00fcber die Dauer der Berufspraktika in den einzelnen Schulhalbjahren<\/b><\/h3>\n<table style=\"border-color: #fcfcfc;width: 86.9049%\">\n<tbody>\n<tr>\n<td style=\"width: 12.0238%;text-align: center\">\n<h5>8. Klassen<\/h5>\n<\/td>\n<td style=\"text-align: center;width: 43.5738%\">\n<h5><span style=\"text-align: center\">Praxistage an der BBS<br \/><\/span><\/h5>\n<\/td>\n<td style=\"text-align: center;width: 29.4588%\">\n<h5>jeweils montags<\/h5>\n<\/td>\n<\/tr>\n<tr>\n<td style=\"width: 12.0238%;text-align: center\">\n<h5>9.Klassen<\/h5>\n<\/td>\n<td style=\"text-align: center;width: 43.5738%\">\n<h5>2 Wochen am St\u00fcck (Blockpraktikum)<\/h5>\n<\/td>\n<td style=\"width: 29.4588%\">\n<h5 style=\"text-align: center\">27.10.2025 &#8211; 07.11.2025<\/h5>\n<\/td>\n<\/tr>\n<tr>\n<td style=\"width: 12.0238%;text-align: center\">\n<h5>10.Klassen<\/h5>\n<\/td>\n<td style=\"text-align: center;width: 43.5738%\">\n<h5>2 Wochen am St\u00fcck (Blockpraktikum)<\/h5>\n<\/td>\n<td style=\"width: 29.4588%\">\n<h5 style=\"text-align: center\">29.09.2025 &#8211; 10.10.2025<\/h5>\n<\/td>\n<\/tr>\n<\/tbody>\n<\/table>\n\n\n<p><\/p>\n","protected":false},"excerpt":{"rendered":"<p>An unserer Schule absolvieren alle Sch\u00fclerinnen und Sch\u00fcler von der 8. bis zur 10. Klasse f\u00fcr einen bestimmten Zeitraum ein Betriebspraktikum bzw. die sogenannten Praxistage. Dadurch erhalten sie die Chance, einen ersten Eindruck von der Berufswelt zu gewinnen und sich zu orientieren. F\u00fcr die Praktikumssuche haben wir mit dem VDS D\u00f6rverden einen zuverl\u00e4ssigen Partner gefunden, [&hellip;]<\/p>\n","protected":false},"author":760,"featured_media":0,"parent":0,"menu_order":0,"comment_status":"closed","ping_status":"closed","template":"","meta":{"footnotes":""},"class_list":["post-194","page","type-page","status-publish","hentry"],"_links":{"self":[{"href":"https:\/\/wordpress.nibis.de\/awobs\/wp-json\/wp\/v2\/pages\/194","targetHints":{"allow":["GET"]}}],"collection":[{"href":"https:\/\/wordpress.nibis.de\/awobs\/wp-json\/wp\/v2\/pages"}],"about":[{"href":"https:\/\/wordpress.nibis.de\/awobs\/wp-json\/wp\/v2\/types\/page"}],"author":[{"embeddable":true,"href":"https:\/\/wordpress.nibis.de\/awobs\/wp-json\/wp\/v2\/users\/760"}],"replies":[{"embeddable":true,"href":"https:\/\/wordpress.nibis.de\/awobs\/wp-json\/wp\/v2\/comments?post=194"}],"version-history":[{"count":41,"href":"https:\/\/wordpress.nibis.de\/awobs\/wp-json\/wp\/v2\/pages\/194\/revisions"}],"predecessor-version":[{"id":5534,"href":"https:\/\/wordpress.nibis.de\/awobs\/wp-json\/wp\/v2\/pages\/194\/revisions\/5534"}],"wp:attachment":[{"href":"https:\/\/wordpress.nibis.de\/awobs\/wp-json\/wp\/v2\/media?parent=194"}],"curies":[{"name":"wp","href":"https:\/\/api.w.org\/{rel}","templated":true}]}}