{"id":1970,"date":"2017-08-01T16:54:47","date_gmt":"2017-08-01T14:54:47","guid":{"rendered":"http:\/\/wordpress.nibis.de\/awobs\/?page_id=1970"},"modified":"2017-08-01T16:56:31","modified_gmt":"2017-08-01T14:56:31","slug":"bildungspaket","status":"publish","type":"page","link":"https:\/\/wordpress.nibis.de\/awobs\/bildungspaket\/","title":{"rendered":"Bildungspaket"},"content":{"rendered":"<h3><strong><img loading=\"lazy\" decoding=\"async\" class=\"alignleft size-full wp-image-1971\" src=\"http:\/\/wordpress.nibis.de\/awobs\/files\/2017\/08\/bildungskarte.jpg\" alt=\"\" width=\"220\" height=\"142\" \/>Bildungs- und Teilhabeleistungen <\/strong><\/h3>\n<h3>f\u00fcr Kinder, deren Eltern Arbeitslosengeld II, Sozialhilfe, Wohngeld oder den Kinderzuschlag nach dem Bundeskindergeldgesetz bzw. Leistungen nach dem Asylbewerberleistungsgesetz erhalten, werden auf Antrag\u00a0 beim Landkreis Verden gezahlt.<\/h3>\n<h3>Diese Leistungen umfassen unter anderem auch Kosten f\u00fcr das Mittagessen in der Schule, Kosten\u00fcbernahme bei Klassenfahrten und auch das Schulbasispaket f\u00fcr Verbrauchsmaterialien in der Schule.<\/h3>\n<div id=\"nolis_content_site\" class=\"nolis_content_site\">\n<div class=\"print_href print_abbr\">\n<div class=\"template1\">\n<div class=\"platz platz1\">\n<div class=\"rahmen\">\n<div class=\"innen\">\n<p>Alle weiterf\u00fchrenden Informationen (auch mehrsprachig) sowie die Antragsformualre finden Sie hier:<\/p>\n<p><a href=\"https:\/\/www.landkreis-verden.de\/portal\/seiten\/bildungspaket-901000838-20600.html\" target=\"_blank\" rel=\"noopener\">https:\/\/www.landkreis-verden.de\/portal\/seiten\/bildungspaket-901000838-20600.html <\/a><\/p>\n<p>Kinder sind unsere Zukunft. Sie m\u00fcssen nach bestem K\u00f6nnen und Wissen in all ihren Begabungen und Interessen gef\u00f6rdert werden. Leider sto\u00dfen Eltern mit geringem Einkommen hierbei oft an ihre Grenzen.<\/p>\n<p>Kinder brauchen jedoch Chancen und Perspektiven, egal wie gut oder schlecht ihre Eltern finanziell gestellt sind. Hier greift das Bildungspaket &#8211; es er\u00f6ffnet hilfebed\u00fcrftigen Eltern neue M\u00f6glichkeiten, ihre Kinder zu f\u00f6rdern und die Zukunftschancen ihrer Kinder zu verbessern.<\/p>\n<p>Das Bildungspaket steht f\u00fcr mehr soziale Integration und f\u00fcr mehr Bildungs- und Teilhabef\u00f6rderung f\u00fcr Kinder aus Familien mit geringem Einkommen, denn um diesen Kindern eine gezielte F\u00f6rderung zukommen zu lassen, muss sich diese auch auf die Kinder konzentrieren.<\/p>\n<p>Das Bildungspaket setzt daher gezielt auf Sach- und Dienstleistungen. Das bedeutet, dass fast alle Leistungen direkt mit den Anbietern (z. B. Vereine, Nachhilfelehrkr\u00e4ften, Musikschulen) direkt abgerechnet werden. Eine Auszahlung an die Eltern erfolgt nur in vereinzelten Ausnahmef\u00e4llen.<\/p>\n<p><strong>Wichtig:<\/strong> Diese Leistungen erhalten <strong>auf Antrag<\/strong> alle Kinder bzw. Sch\u00fclerinnen und Sch\u00fcler, die unter 25 Jahre bzw. bei der Teilhabe unter 18 Jahre alt sind und einen Kindergarten bzw. eine allgemein- oder berufsbildende Schule besuchen und keine Ausbildungsverg\u00fctung erhalten. Die Antr\u00e4ge sind von den Eltern fristgerecht zu stellen. Auch Antr\u00e4ge, die die Leistungsbereiche Wohngeld und Kinderzuschlag betreffen, k\u00f6nnen direkt beim Landkreis Verden gestellt werden.<\/p>\n<\/div>\n<\/div>\n<\/div>\n<\/div>\n<\/div>\n<\/div>\n","protected":false},"excerpt":{"rendered":"<p>Bildungs- und Teilhabeleistungen f\u00fcr Kinder, deren Eltern Arbeitslosengeld II, Sozialhilfe, Wohngeld oder den Kinderzuschlag nach dem Bundeskindergeldgesetz bzw. Leistungen nach dem Asylbewerberleistungsgesetz erhalten, werden auf Antrag\u00a0 beim Landkreis Verden gezahlt. Diese Leistungen umfassen unter anderem auch Kosten f\u00fcr das Mittagessen in der Schule, Kosten\u00fcbernahme bei Klassenfahrten und auch das Schulbasispaket f\u00fcr Verbrauchsmaterialien in der Schule. [&hellip;]<\/p>\n","protected":false},"author":760,"featured_media":0,"parent":0,"menu_order":0,"comment_status":"closed","ping_status":"closed","template":"","meta":{"footnotes":""},"class_list":["post-1970","page","type-page","status-publish","hentry"],"_links":{"self":[{"href":"https:\/\/wordpress.nibis.de\/awobs\/wp-json\/wp\/v2\/pages\/1970","targetHints":{"allow":["GET"]}}],"collection":[{"href":"https:\/\/wordpress.nibis.de\/awobs\/wp-json\/wp\/v2\/pages"}],"about":[{"href":"https:\/\/wordpress.nibis.de\/awobs\/wp-json\/wp\/v2\/types\/page"}],"author":[{"embeddable":true,"href":"https:\/\/wordpress.nibis.de\/awobs\/wp-json\/wp\/v2\/users\/760"}],"replies":[{"embeddable":true,"href":"https:\/\/wordpress.nibis.de\/awobs\/wp-json\/wp\/v2\/comments?post=1970"}],"version-history":[{"count":5,"href":"https:\/\/wordpress.nibis.de\/awobs\/wp-json\/wp\/v2\/pages\/1970\/revisions"}],"predecessor-version":[{"id":5265,"href":"https:\/\/wordpress.nibis.de\/awobs\/wp-json\/wp\/v2\/pages\/1970\/revisions\/5265"}],"wp:attachment":[{"href":"https:\/\/wordpress.nibis.de\/awobs\/wp-json\/wp\/v2\/media?parent=1970"}],"curies":[{"name":"wp","href":"https:\/\/api.w.org\/{rel}","templated":true}]}}