{"id":198,"date":"2015-08-27T16:48:55","date_gmt":"2015-08-27T14:48:55","guid":{"rendered":"http:\/\/wordpress.nibis.de\/awobs\/?page_id=198"},"modified":"2020-12-17T11:33:01","modified_gmt":"2020-12-17T10:33:01","slug":"schulportalserver-i-serv","status":"publish","type":"page","link":"https:\/\/wordpress.nibis.de\/awobs\/schulportalserver-i-serv\/","title":{"rendered":"Schulportalserver I-Serv"},"content":{"rendered":"<p><strong>IServ \u2013 leichter lernen im Netzwerk!<\/strong><\/p>\n<h4><strong>Was ist IServ?<\/strong><\/h4>\n<p>Es ist der Name f\u00fcr die <span class=\"langen\">Software<\/span>, die das technische Bindeglied schafft zwischen Sch\u00fclern, Lehrern, Eltern, Schulleitung\/Schulverwaltung. (Der Name ist ein Akronym aus den englischen Worten\u201a I surf\u2019=\u00a0ich surfe im Netz (= eigentlich: ich reite auf der Welle) und I serve\u2019 = ich bediene jemanden.)<\/p>\n<p><strong>Wozu dient der IServ?<\/strong><br \/>\nIServ ist eine Kommunikations- und Arbeitsplattform f\u00fcr Sch\u00fclerinnen und Sch\u00fcler, f\u00fcr die Lehrkr\u00e4fte, f\u00fcr alle Mitarbeiter und Eltern, die Funktionen in der Schule aus\u00fcben.<\/p>\n<p>Jeder Nutzer hat einen eigenen Mailaccount und eine Ablage f\u00fcr eigene Dateien. Alle Nutzer des IServs sind \u00fcber ein internes Adressbuch schnell erreichbar.<\/p>\n<p>Im Unterricht bietet der Portalserver die M\u00f6glichkeit Inhalte (z.B. Arbeitsbl\u00e4tter oder auch Hausaufgaben) zwischen Sch\u00fclerinnen und Lehrkr\u00e4ften auszutauschen. Die Arbeitsumgebung der Sch\u00fcler ist in der Schule die gleiche wie zu Hause.<\/p>\n<p>Mit der Zeit entsteht f\u00fcr den einzelnen Nutzer oder auch Klassen ein Archiv vieler Unterrichtsmaterialien wie Arbeitsbl\u00e4tter, Bilder und Filme, Hausaufgaben, eigene Referate usw.,\u00a0 die immer verf\u00fcgbar sind. Erkrankte Sch\u00fclerinnen und Sch\u00fcler k\u00f6nnen \u00fcber IServ auch mit Aufgaben und Informationen aus dem Unterricht versorgt werden.<\/p>\n<p>F\u00fcr die interne Kommunikation stehen gesch\u00fctzte Chatr\u00e4ume und Diskussionsforen zur Verf\u00fcgung. Sie bieten die Gelegenheit sich an Diskussionen allgemeiner Themen zu beteiligen oder solche in Gang zu setzen.<\/p>\n<p>Schulkalender, Stundenpl\u00e4ne, Vertretungspl\u00e4ne, Mensa-Men\u00fcpl\u00e4ne und viele weitere Informationen stehen allen Nutzern jederzeit zu Verf\u00fcgung.<\/p>\n<p>Alle Inhalte auf dem IServ sind ab Sommer 2015 auch \u00fcber mobile Endger\u00e4te wie Tablet-PCs oder Smartphones nutzbar. Auf dem Weg zur Schule ein Blick auf den aktuellen Vertretungsplan ? \u2013 Kein Problem.<\/p>\n<p>Die Nutzung des Schulporalservers ist an die Akezptanz unserer Nutzungsbedinngungen gebunden. Diese finden Sie hier zum Herunterladen:\u00a0\u00a0 <a href=\"http:\/\/wordpress.nibis.de\/awobs\/files\/2015\/08\/IServ_Benutzerordnung_Teil1.pdf\">IServ_Benutzerordnung_Teil1<\/a><\/p>\n<p>Mehr Informationen \u00fcber IServ finden Sie hier:\u00a0 <a href=\"https:\/\/iserv.eu\/\" target=\"_blank\" rel=\"noopener noreferrer\">IServ Portalserver<\/a><\/p>\n","protected":false},"excerpt":{"rendered":"<p>IServ \u2013 leichter lernen im Netzwerk! Was ist IServ? Es ist der Name f\u00fcr die Software, die das technische Bindeglied schafft zwischen Sch\u00fclern, Lehrern, Eltern, Schulleitung\/Schulverwaltung. (Der Name ist ein Akronym aus den englischen Worten\u201a I surf\u2019=\u00a0ich surfe im Netz (= eigentlich: ich reite auf der Welle) und I serve\u2019 = ich bediene jemanden.) Wozu [&hellip;]<\/p>\n","protected":false},"author":760,"featured_media":0,"parent":0,"menu_order":0,"comment_status":"closed","ping_status":"closed","template":"","meta":{"footnotes":""},"class_list":["post-198","page","type-page","status-publish","hentry"],"_links":{"self":[{"href":"https:\/\/wordpress.nibis.de\/awobs\/wp-json\/wp\/v2\/pages\/198","targetHints":{"allow":["GET"]}}],"collection":[{"href":"https:\/\/wordpress.nibis.de\/awobs\/wp-json\/wp\/v2\/pages"}],"about":[{"href":"https:\/\/wordpress.nibis.de\/awobs\/wp-json\/wp\/v2\/types\/page"}],"author":[{"embeddable":true,"href":"https:\/\/wordpress.nibis.de\/awobs\/wp-json\/wp\/v2\/users\/760"}],"replies":[{"embeddable":true,"href":"https:\/\/wordpress.nibis.de\/awobs\/wp-json\/wp\/v2\/comments?post=198"}],"version-history":[{"count":5,"href":"https:\/\/wordpress.nibis.de\/awobs\/wp-json\/wp\/v2\/pages\/198\/revisions"}],"predecessor-version":[{"id":4145,"href":"https:\/\/wordpress.nibis.de\/awobs\/wp-json\/wp\/v2\/pages\/198\/revisions\/4145"}],"wp:attachment":[{"href":"https:\/\/wordpress.nibis.de\/awobs\/wp-json\/wp\/v2\/media?parent=198"}],"curies":[{"name":"wp","href":"https:\/\/api.w.org\/{rel}","templated":true}]}}