{"id":2013,"date":"2017-08-22T11:58:56","date_gmt":"2017-08-22T09:58:56","guid":{"rendered":"http:\/\/wordpress.nibis.de\/awobs\/?page_id=2013"},"modified":"2018-08-09T12:26:34","modified_gmt":"2018-08-09T10:26:34","slug":"unterrichtsversaeumnisse","status":"publish","type":"page","link":"https:\/\/wordpress.nibis.de\/awobs\/unterrichtsversaeumnisse\/","title":{"rendered":"Unterrichtsvers\u00e4umnisse"},"content":{"rendered":"<p>&nbsp;<\/p>\n<p><img loading=\"lazy\" decoding=\"async\" class=\"alignleft wp-image-2014\" src=\"http:\/\/wordpress.nibis.de\/awobs\/files\/2017\/08\/Informationen-300x270.png\" alt=\"\" width=\"151\" height=\"136\" \/><\/p>\n<p>&nbsp;<\/p>\n<ul>\n<li><\/li>\n<li><\/li>\n<li><\/li>\n<li><\/li>\n<li><strong>Fernbleiben vom Unterricht<\/strong><strong> \u2013<br \/>\nMeldung der Fehlzeit und Entschuldigung durch die Eltern sind verpflichtend! <\/strong>Eine Meldung ersetzt nicht die notwendige Entschuldigung!<strong><br \/>\n<\/strong>Nimmt eine Sch\u00fclerin oder ein Sch\u00fcler mehrere Stunden an einem Tag oder an mehreren Tagen nicht am Unterricht oder verbindlichen Schulveranstaltungen teil, sind der Schule der Grund des Fernbleibens und die voraussichtliche Dauer <strong>unverz\u00fcglich, am gleichen Tag,\u00a0<\/strong> mitzuteilen. Dies kann m\u00fcndlich, fernm\u00fcndlich oder elektronisch im Sekretariat der Schule erfolgen. Ist das Sekretariat nicht besetzt, kann eine Nachricht auf dem Anrufbeantworter hinterlassen werden.<\/li>\n<li><strong>F\u00fcr<span style=\"text-decoration: underline\"> jedes<\/span> Unterrichtsvers\u00e4umnis muss eine schriftliche Entschuldigung <\/strong><strong><u>sp\u00e4testens nach drei Tagen<\/u><\/strong><strong> nach Wiederkehr bei den Klassenlehrkr\u00e4ften eingereicht werden.<\/strong> Dazu kann das untenstehende Formular genutzt werden.<\/li>\n<li>Bei <strong>langfristiger Erkrankung<\/strong> erbitten wir eine Nachricht an die Klassenlehrkr\u00e4fte.<\/li>\n<li><strong>Fernbleiben bei<\/strong> <strong>Klassenarbeiten<\/strong> &#8211; schriftliche Entschuldigung erforderlich!<\/li>\n<li><strong>Fernbleiben bei Pr\u00fcfungen<\/strong><strong> \u2013 \u00e4rztliche Bescheinigung ist erforderlich!<br \/>\n<\/strong>Fehlt eine Sch\u00fclerin oder ein Sch\u00fcler am Tag einer m\u00fcndlichen oder schriftlichen Pr\u00fcfung, muss eine \u00e4rztliche Bescheinigung in der Schule vorgelegt werden. Eine Entschuldigung der Eltern reicht nicht aus.<\/li>\n<li><strong>Fernbleiben im Praktikum <\/strong><strong>\u2013 \u00e4rztliche Bescheinigung ist erforderlich!<br \/>\n<\/strong>Fehlt eine Sch\u00fclerin oder ein Sch\u00fcler innerhalb des Praktikums, muss sp\u00e4testens nach drei Tagen eine \u00e4rztliche Bescheinigung in der Schule und im Betrieb vorgelegt werden. Eine Entschuldigung der Eltern reicht nicht aus. Dar\u00fcber hinaus sind der Betrieb und die Schule am Morgen des ersten Fehltages von der Erkrankung zu unterrichten.<\/li>\n<li><strong>Bei l\u00e4ngeren Erkrankungen<\/strong> oder in sonstigen besonders begr\u00fcndeten F\u00e4llen kann die Schulleitung die Vorlage einer <strong>\u00e4rztlichen Bescheinigung<\/strong> verlangen.<\/li>\n<li>In besonders begr\u00fcndeten F\u00e4llen kann die Schulleitung zus\u00e4tzlich eine <strong>amts\u00e4rztliche Bescheinigung <\/strong><strong><strong>verlangen.<br \/>\n<\/strong><\/strong><\/li>\n<li>Eine sp\u00e4tere Anerkennung von<strong> Entschuldigungen nach Ablauf der 3-Tage-Frist<\/strong> liegt im Ermessen der Schulleitung, wird aber in der Regel <u>nicht<\/u> akzeptiert.<\/li>\n<\/ul>\n<ul>\n<li>Die <strong>Kosten <\/strong>f\u00fcr \u00e4rztliche Bescheinigungen sind von den Eltern zu tragen.<\/li>\n<li><strong>H\u00e4ufig unentschuldigte Fehlzeiten<\/strong> werden von der Schulleitung dem Ordnungs- und Jugendamt gemeldet. Das Ordnungsamt kann ein Bu\u00dfgeld erheben.<\/li>\n<li>Bitte bedenken Sie, dass alle Fehlzeiten und besonders unentschuldigte Fehlzeiten im <strong>Zeugnis <\/strong>dokumentiert werden. Als unentschuldigte Fehlzeit gilt auch die versp\u00e4tete Einreichung von Entschuldigungen oder \u00e4rztlichen Bescheinigungen.<\/li>\n<\/ul>\n<p>&nbsp;<\/p>\n<p>Bitte nutzen Sie f\u00fcr Entschuldigungen unser Formular, das hier heruntergeladen werden kann.<\/p>\n<p><a href=\"http:\/\/wordpress.nibis.de\/awobs\/files\/2015\/08\/Entschuldigung-der-Sch%C3%BCler.pdf\">Entschuldigungsvordruck im Krankheitsfall<\/a><\/p>\n<p>&nbsp;<\/p>\n","protected":false},"excerpt":{"rendered":"<p>&nbsp; &nbsp; Fernbleiben vom Unterricht \u2013 Meldung der Fehlzeit und Entschuldigung durch die Eltern sind verpflichtend! Eine Meldung ersetzt nicht die notwendige Entschuldigung! Nimmt eine Sch\u00fclerin oder ein Sch\u00fcler mehrere Stunden an einem Tag oder an mehreren Tagen nicht am Unterricht oder verbindlichen Schulveranstaltungen teil, sind der Schule der Grund des Fernbleibens und die voraussichtliche [&hellip;]<\/p>\n","protected":false},"author":760,"featured_media":0,"parent":0,"menu_order":0,"comment_status":"closed","ping_status":"closed","template":"","meta":{"footnotes":""},"class_list":["post-2013","page","type-page","status-publish","hentry"],"_links":{"self":[{"href":"https:\/\/wordpress.nibis.de\/awobs\/wp-json\/wp\/v2\/pages\/2013","targetHints":{"allow":["GET"]}}],"collection":[{"href":"https:\/\/wordpress.nibis.de\/awobs\/wp-json\/wp\/v2\/pages"}],"about":[{"href":"https:\/\/wordpress.nibis.de\/awobs\/wp-json\/wp\/v2\/types\/page"}],"author":[{"embeddable":true,"href":"https:\/\/wordpress.nibis.de\/awobs\/wp-json\/wp\/v2\/users\/760"}],"replies":[{"embeddable":true,"href":"https:\/\/wordpress.nibis.de\/awobs\/wp-json\/wp\/v2\/comments?post=2013"}],"version-history":[{"count":22,"href":"https:\/\/wordpress.nibis.de\/awobs\/wp-json\/wp\/v2\/pages\/2013\/revisions"}],"predecessor-version":[{"id":2585,"href":"https:\/\/wordpress.nibis.de\/awobs\/wp-json\/wp\/v2\/pages\/2013\/revisions\/2585"}],"wp:attachment":[{"href":"https:\/\/wordpress.nibis.de\/awobs\/wp-json\/wp\/v2\/media?parent=2013"}],"curies":[{"name":"wp","href":"https:\/\/api.w.org\/{rel}","templated":true}]}}