{"id":24,"date":"2015-08-27T12:34:24","date_gmt":"2015-08-27T10:34:24","guid":{"rendered":"http:\/\/wordpress.nibis.de\/awobs\/?page_id=24"},"modified":"2020-07-17T11:01:04","modified_gmt":"2020-07-17T09:01:04","slug":"kontakt","status":"publish","type":"page","link":"https:\/\/wordpress.nibis.de\/awobs\/kontakt\/","title":{"rendered":"Kontakt"},"content":{"rendered":"<p><strong>Aller-Weser-Oberschule D\u00f6rverden<\/strong><br \/>\nAm S\u00fcnderberg 6<br \/>\n27313 D\u00f6rverden<br \/>\nTel. 04234-1034<br \/>\nFax. 04234-3502<\/p>\n<p>eMail: sekretariat(at)schulzentrum-doerverden.de<\/p>\n<p>Alle Lehrkr\u00e4fte sind auch per e-mail direkt erreichbar:<br \/>\n(vorname.nachname(at)schulzentrum-doerverden.de)<\/p>\n","protected":false},"excerpt":{"rendered":"<p>Aller-Weser-Oberschule D\u00f6rverden Am S\u00fcnderberg 6 27313 D\u00f6rverden Tel. 04234-1034 Fax. 04234-3502 eMail: sekretariat(at)schulzentrum-doerverden.de Alle Lehrkr\u00e4fte sind auch per e-mail direkt erreichbar: (vorname.nachname(at)schulzentrum-doerverden.de)<\/p>\n","protected":false},"author":877,"featured_media":0,"parent":0,"menu_order":0,"comment_status":"closed","ping_status":"closed","template":"","meta":{"footnotes":""},"class_list":["post-24","page","type-page","status-publish","hentry"],"_links":{"self":[{"href":"https:\/\/wordpress.nibis.de\/awobs\/wp-json\/wp\/v2\/pages\/24","targetHints":{"allow":["GET"]}}],"collection":[{"href":"https:\/\/wordpress.nibis.de\/awobs\/wp-json\/wp\/v2\/pages"}],"about":[{"href":"https:\/\/wordpress.nibis.de\/awobs\/wp-json\/wp\/v2\/types\/page"}],"author":[{"embeddable":true,"href":"https:\/\/wordpress.nibis.de\/awobs\/wp-json\/wp\/v2\/users\/877"}],"replies":[{"embeddable":true,"href":"https:\/\/wordpress.nibis.de\/awobs\/wp-json\/wp\/v2\/comments?post=24"}],"version-history":[{"count":5,"href":"https:\/\/wordpress.nibis.de\/awobs\/wp-json\/wp\/v2\/pages\/24\/revisions"}],"predecessor-version":[{"id":3952,"href":"https:\/\/wordpress.nibis.de\/awobs\/wp-json\/wp\/v2\/pages\/24\/revisions\/3952"}],"wp:attachment":[{"href":"https:\/\/wordpress.nibis.de\/awobs\/wp-json\/wp\/v2\/media?parent=24"}],"curies":[{"name":"wp","href":"https:\/\/api.w.org\/{rel}","templated":true}]}}