{"id":258,"date":"2015-08-28T08:42:59","date_gmt":"2015-08-28T06:42:59","guid":{"rendered":"http:\/\/wordpress.nibis.de\/awobs\/?page_id=258"},"modified":"2017-01-23T22:07:03","modified_gmt":"2017-01-23T21:07:03","slug":"streitschlichter","status":"publish","type":"page","link":"https:\/\/wordpress.nibis.de\/awobs\/streitschlichter\/","title":{"rendered":"Wir sind die Streitschlichter"},"content":{"rendered":"<p><img loading=\"lazy\" decoding=\"async\" class=\"alignright wp-image-260\" src=\"http:\/\/wordpress.nibis.de\/awobs\/files\/2015\/08\/Mensch_zu_Mensch.jpg\" alt=\"Mensch_zu_Mensch\" width=\"138\" height=\"148\" srcset=\"https:\/\/wordpress.nibis.de\/awobs\/files\/2015\/08\/Mensch_zu_Mensch.jpg 562w, https:\/\/wordpress.nibis.de\/awobs\/files\/2015\/08\/Mensch_zu_Mensch-281x300.jpg 281w\" sizes=\"auto, (max-width: 138px) 100vw, 138px\" \/><\/p>\n<p>Wo viele Menschen und unterschiedliche Interessen aufeinandertreffen, gibt es manchmal unterschiedliche Auffassungen zu den Themen und Geschehnissen. Wird daraus ein offener Streit, helfen unsere ausgebildeten <strong>Streitschlichter<\/strong> einen Konflikt zu beenden.<\/p>\n<p>Habt ihr \u00c4rger mit euren Misch\u00fclern,\u00a0 so k\u00f6nnt ihr zu uns kommen und gemeinsam versuchen wir\u00a0 den Streit zu schlichten, ohne dass Lehrer eingreifen.<\/p>\n<p>Wir sind Ansprechpartner f\u00fcr alle, die \u00c4rger mit Mitsch\u00fclern oder Lehrern haben. Wir versuchen, Konfliktgegner an einen Tisch zu bringen, um Kompromisse oder Wiedergutmachungen auszuhandeln.<\/p>\n<p>Die Streitschlichter sind immer Montags bis Freitags jeweils in den gro\u00dfen Pausen im Streitschlichterraum anzutreffen.<\/p>\n<figure id=\"attachment_1524\" aria-describedby=\"caption-attachment-1524\" style=\"width: 640px\" class=\"wp-caption aligncenter\"><a href=\"http:\/\/wordpress.nibis.de\/awobs\/unsere-neuen-streitschlichter-koennen-loslegen\/streitschlichterausbildung-geschnitten\/\" rel=\"attachment wp-att-1524\"><img loading=\"lazy\" decoding=\"async\" class=\"wp-image-1524 size-large\" src=\"http:\/\/wordpress.nibis.de\/awobs\/files\/2016\/11\/streitschlichterausbildung-geschnitten-800x434.jpg\" width=\"640\" height=\"347\" srcset=\"https:\/\/wordpress.nibis.de\/awobs\/files\/2016\/11\/streitschlichterausbildung-geschnitten.jpg 800w, https:\/\/wordpress.nibis.de\/awobs\/files\/2016\/11\/streitschlichterausbildung-geschnitten-300x163.jpg 300w, https:\/\/wordpress.nibis.de\/awobs\/files\/2016\/11\/streitschlichterausbildung-geschnitten-768x417.jpg 768w\" sizes=\"auto, (max-width: 640px) 100vw, 640px\" \/><\/a><figcaption id=\"caption-attachment-1524\" class=\"wp-caption-text\">Die 17 neuen StreitschlichterInnen bei ihrem Workshop<\/figcaption><\/figure>\n","protected":false},"excerpt":{"rendered":"<p>Wo viele Menschen und unterschiedliche Interessen aufeinandertreffen, gibt es manchmal unterschiedliche Auffassungen zu den Themen und Geschehnissen. Wird daraus ein offener Streit, helfen unsere ausgebildeten Streitschlichter einen Konflikt zu beenden. Habt ihr \u00c4rger mit euren Misch\u00fclern,\u00a0 so k\u00f6nnt ihr zu uns kommen und gemeinsam versuchen wir\u00a0 den Streit zu schlichten, ohne dass Lehrer eingreifen. Wir [&hellip;]<\/p>\n","protected":false},"author":760,"featured_media":0,"parent":0,"menu_order":0,"comment_status":"closed","ping_status":"closed","template":"","meta":{"footnotes":""},"class_list":["post-258","page","type-page","status-publish","hentry"],"_links":{"self":[{"href":"https:\/\/wordpress.nibis.de\/awobs\/wp-json\/wp\/v2\/pages\/258","targetHints":{"allow":["GET"]}}],"collection":[{"href":"https:\/\/wordpress.nibis.de\/awobs\/wp-json\/wp\/v2\/pages"}],"about":[{"href":"https:\/\/wordpress.nibis.de\/awobs\/wp-json\/wp\/v2\/types\/page"}],"author":[{"embeddable":true,"href":"https:\/\/wordpress.nibis.de\/awobs\/wp-json\/wp\/v2\/users\/760"}],"replies":[{"embeddable":true,"href":"https:\/\/wordpress.nibis.de\/awobs\/wp-json\/wp\/v2\/comments?post=258"}],"version-history":[{"count":12,"href":"https:\/\/wordpress.nibis.de\/awobs\/wp-json\/wp\/v2\/pages\/258\/revisions"}],"predecessor-version":[{"id":1602,"href":"https:\/\/wordpress.nibis.de\/awobs\/wp-json\/wp\/v2\/pages\/258\/revisions\/1602"}],"wp:attachment":[{"href":"https:\/\/wordpress.nibis.de\/awobs\/wp-json\/wp\/v2\/media?parent=258"}],"curies":[{"name":"wp","href":"https:\/\/api.w.org\/{rel}","templated":true}]}}