{"id":2763,"date":"2018-10-30T12:54:43","date_gmt":"2018-10-30T11:54:43","guid":{"rendered":"http:\/\/wordpress.nibis.de\/awobs\/?page_id=2763"},"modified":"2021-12-09T10:42:27","modified_gmt":"2021-12-09T09:42:27","slug":"freiwilliges-soziales-jahr","status":"publish","type":"page","link":"https:\/\/wordpress.nibis.de\/awobs\/freiwilliges-soziales-jahr\/","title":{"rendered":"Freiwilliges Soziales Jahr"},"content":{"rendered":"\n<p><span style=\"font-size: 14pt\"><strong>FSJ an unserer Schule: Hast du Interesse?<\/strong><\/span><\/p>\n\n\n\n<p><span style=\"font-size: 14pt\"><strong><em>Dann bewirb dich!<\/em><\/strong><\/span><\/p>\n\n\n\n<p>Soziale Kompetenzen wie Team-, Kommunikations- und Konfliktf\u00e4higkeit sind in der Arbeitswelt mehr und mehr gefragt und spielen bei Bewerbungen um einen Ausbildungs-, Studien- oder Arbeitsplatz zunehmend eine wichtige Rolle. Das Freiwillige Soziale Jahr ist eine gute Gelegenheit, deine Kompetenzen auszubauen. Dabei bietet die Arbeit mit Kindern und Jugendlichen ein besonderes Erfahrungs- und Lernfeld.<\/p>\n\n\n\n<p>Vor allem, wenn du Lehrer werden oder einen anderen p\u00e4dagogischen Beruf ergreifen m\u00f6chtest, ist das FSJ in einer Ganztagsschule ein hilfreicher Einstieg ins berufliche Leben. Hier kannst du dich in einem gesch\u00fctzten Raum ausprobieren, die \u201eandere Seite\u201c kennen lernen und herausfinden, ob du den Anforderungen eines p\u00e4dagogischen Berufs&nbsp;gewachsen bist. Aber auch f\u00fcr alle, die noch keine Ideen f\u00fcr ihren sp\u00e4teren Berufsweg haben, bietet das FSJ eine Vielzahl von M\u00f6glichkeiten, eigene Interessen und F\u00e4higkeiten kennen zu lernen und in verschiedene berufliche Richtungen reinzuschnuppern.<\/p>\n\n\n\n<p><strong>Aller-Weser-Oberschule D\u00f6rverden<\/strong><\/p>\n\n\n\n<p><strong>Am S\u00fcnderberg 6<\/strong><\/p>\n\n\n\n<p><strong>27313 D\u00f6rverden<\/strong><\/p>\n","protected":false},"excerpt":{"rendered":"<p>FSJ an unserer Schule: Hast du Interesse? Dann bewirb dich! Soziale Kompetenzen wie Team-, Kommunikations- und Konfliktf\u00e4higkeit sind in der Arbeitswelt mehr und mehr gefragt und spielen bei Bewerbungen um einen Ausbildungs-, Studien- oder Arbeitsplatz zunehmend eine wichtige Rolle. Das Freiwillige Soziale Jahr ist eine gute Gelegenheit, deine Kompetenzen auszubauen. Dabei bietet die Arbeit mit [&hellip;]<\/p>\n","protected":false},"author":760,"featured_media":0,"parent":0,"menu_order":0,"comment_status":"closed","ping_status":"closed","template":"","meta":{"footnotes":""},"class_list":["post-2763","page","type-page","status-publish","hentry"],"_links":{"self":[{"href":"https:\/\/wordpress.nibis.de\/awobs\/wp-json\/wp\/v2\/pages\/2763","targetHints":{"allow":["GET"]}}],"collection":[{"href":"https:\/\/wordpress.nibis.de\/awobs\/wp-json\/wp\/v2\/pages"}],"about":[{"href":"https:\/\/wordpress.nibis.de\/awobs\/wp-json\/wp\/v2\/types\/page"}],"author":[{"embeddable":true,"href":"https:\/\/wordpress.nibis.de\/awobs\/wp-json\/wp\/v2\/users\/760"}],"replies":[{"embeddable":true,"href":"https:\/\/wordpress.nibis.de\/awobs\/wp-json\/wp\/v2\/comments?post=2763"}],"version-history":[{"count":4,"href":"https:\/\/wordpress.nibis.de\/awobs\/wp-json\/wp\/v2\/pages\/2763\/revisions"}],"predecessor-version":[{"id":4553,"href":"https:\/\/wordpress.nibis.de\/awobs\/wp-json\/wp\/v2\/pages\/2763\/revisions\/4553"}],"wp:attachment":[{"href":"https:\/\/wordpress.nibis.de\/awobs\/wp-json\/wp\/v2\/media?parent=2763"}],"curies":[{"name":"wp","href":"https:\/\/api.w.org\/{rel}","templated":true}]}}