{"id":289,"date":"2015-08-30T11:06:51","date_gmt":"2015-08-30T09:06:51","guid":{"rendered":"http:\/\/wordpress.nibis.de\/awobs\/?page_id=289"},"modified":"2018-09-07T08:05:45","modified_gmt":"2018-09-07T06:05:45","slug":"schulverein","status":"publish","type":"page","link":"https:\/\/wordpress.nibis.de\/awobs\/schulverein\/","title":{"rendered":"Schulverein"},"content":{"rendered":"<p><img loading=\"lazy\" decoding=\"async\" class=\"alignleft wp-image-606\" src=\"http:\/\/wordpress.nibis.de\/awobs\/files\/2015\/08\/2010-Logo-SchulVerein-Farbe.jpg\" alt=\"2010-Logo-SchulVerein-Farbe\" width=\"256\" height=\"164\" srcset=\"https:\/\/wordpress.nibis.de\/awobs\/files\/2015\/08\/2010-Logo-SchulVerein-Farbe.jpg 800w, https:\/\/wordpress.nibis.de\/awobs\/files\/2015\/08\/2010-Logo-SchulVerein-Farbe-300x192.jpg 300w\" sizes=\"auto, (max-width: 256px) 100vw, 256px\" \/>Der Schulverein D\u00f6rverden e.V. wurde 1995 gegr\u00fcndet, um in der Oberschule und der Grundschule D\u00f6rverden dort zu helfen, wo die M\u00f6glichkeiten des Schultr\u00e4gers aufh\u00f6ren. Unser Anspruch ist es, die Schullandschaft in D\u00f6rverden durch Anschaffungen, Aktionen und Vortr\u00e4ge in allen erforderlichen Bereichen bunter und vielf\u00e4ltiger zu gestalten.<\/p>\n<p>Der Schulverein D\u00f6rverden e.V. finanziert sich ausschlie\u00dflich durch Mitgliedsbeitr\u00e4ge, Spenden und Erl\u00f6se aus unterschiedlichen Verkaufsaktionen.<br \/>\nSelbstverst\u00e4ndlich freuen wir uns auch \u00fcber h\u00f6here Zuwendungen oder Einzelspenden \u2013 Geld, das immer wieder unseren Kindern zu Gute kommt.<\/p>\n<p>\u00dcber uns und unserer neusten Termine k\u00f6nnen <a href=\"https:\/\/www.schulvereindoerverden.de\/\" target=\"_blank\" rel=\"noopener\">hier<\/a> informieren.<\/p>\n<p>Unserer aktueller Flyer steht Ihnen au\u00dferdem hier zum Download bereit: <a href=\"https:\/\/www.schulvereindoerverden.de\/wp-content\/uploads\/2018\/07\/flyer_2018.pdf\" target=\"_blank\" rel=\"noopener\">Flyer Schulverein 2018<\/a><\/p>\n<p>&nbsp;<\/p>\n","protected":false},"excerpt":{"rendered":"<p>Der Schulverein D\u00f6rverden e.V. wurde 1995 gegr\u00fcndet, um in der Oberschule und der Grundschule D\u00f6rverden dort zu helfen, wo die M\u00f6glichkeiten des Schultr\u00e4gers aufh\u00f6ren. Unser Anspruch ist es, die Schullandschaft in D\u00f6rverden durch Anschaffungen, Aktionen und Vortr\u00e4ge in allen erforderlichen Bereichen bunter und vielf\u00e4ltiger zu gestalten. Der Schulverein D\u00f6rverden e.V. finanziert sich ausschlie\u00dflich durch Mitgliedsbeitr\u00e4ge, [&hellip;]<\/p>\n","protected":false},"author":760,"featured_media":0,"parent":0,"menu_order":0,"comment_status":"closed","ping_status":"closed","template":"","meta":{"footnotes":""},"class_list":["post-289","page","type-page","status-publish","hentry"],"_links":{"self":[{"href":"https:\/\/wordpress.nibis.de\/awobs\/wp-json\/wp\/v2\/pages\/289","targetHints":{"allow":["GET"]}}],"collection":[{"href":"https:\/\/wordpress.nibis.de\/awobs\/wp-json\/wp\/v2\/pages"}],"about":[{"href":"https:\/\/wordpress.nibis.de\/awobs\/wp-json\/wp\/v2\/types\/page"}],"author":[{"embeddable":true,"href":"https:\/\/wordpress.nibis.de\/awobs\/wp-json\/wp\/v2\/users\/760"}],"replies":[{"embeddable":true,"href":"https:\/\/wordpress.nibis.de\/awobs\/wp-json\/wp\/v2\/comments?post=289"}],"version-history":[{"count":18,"href":"https:\/\/wordpress.nibis.de\/awobs\/wp-json\/wp\/v2\/pages\/289\/revisions"}],"predecessor-version":[{"id":2652,"href":"https:\/\/wordpress.nibis.de\/awobs\/wp-json\/wp\/v2\/pages\/289\/revisions\/2652"}],"wp:attachment":[{"href":"https:\/\/wordpress.nibis.de\/awobs\/wp-json\/wp\/v2\/media?parent=289"}],"curies":[{"name":"wp","href":"https:\/\/api.w.org\/{rel}","templated":true}]}}