{"id":29,"date":"2015-08-27T12:42:57","date_gmt":"2015-08-27T10:42:57","guid":{"rendered":"http:\/\/wordpress.nibis.de\/awobs\/?page_id=29"},"modified":"2023-01-19T11:03:10","modified_gmt":"2023-01-19T10:03:10","slug":"unsere-schule","status":"publish","type":"page","link":"https:\/\/wordpress.nibis.de\/awobs\/unsere-schule\/","title":{"rendered":"Unsere Schule"},"content":{"rendered":"<p><strong>Die Aller-Weser Oberschule ist eine reine Oberschule.<\/strong><\/p>\n<p>Alle Sch\u00fclerinnen und Sch\u00fcler werden gemeinsam und inklusiv beschult. Ziel ist es, jedem Kind gerecht zu werden und es begabungsgerecht zu f\u00f6rdern und zu fordern.<\/p>\n<p>Unterricht wird auf zwei Ebenen gestaltet &#8211; mit grundlegenden und erweiterten Anforderungen. In den F\u00e4chern Englisch und Mathematik werden Differenzierungskurse ab Klasse 7 und im Fach Deutsch ab Klasse 8 angeboten. Ab Klasse 9 findet eine weitere Differenzierung im Fach Chemie statt.<\/p>\n<p>Allgemeine Informationen zu Oberschule finden Sie hier: <a href=\"http:\/\/www.mk.niedersachsen.de\/portal\/live.php?navigation_id=1815&amp;article_id=91352&amp;_psmand=8\" target=\"_blank\" rel=\"noopener\">Informationen zur Oberschule<\/a><\/p>\n<p>Wir sind eine<strong> Ganztagsschule<\/strong>. Mehr Informationen dazu finden Sie unter dem entsprehenden Men\u00fcpunkt.<\/p>\n<p><strong>Mensa<\/strong><br \/>\nAn den verpflichtenden Tagen ist die Teilnahme am gemeinsamen Mittagessen in unserer Schulmensa m\u00f6glich. Auch Sch\u00fcler, die nicht an den Ganztagsangeboten teilnehmen, k\u00f6nnen das Angebot der Mensa nutzen.<\/p>\n<p>In den gro\u00dfen Pausen k\u00f6nnen unsere Cafeteriaangebote wahrgenommen werden.<\/p>\n<p>Folgende <strong>Schulabschl\u00fcsse<\/strong> k\u00f6nnen in unserer Schule erworben werden:<\/p>\n<ul>\n<li>Hauptschulabschluss nach Klasse 9<\/li>\n<li>Sekundarabschluss 1 (Hauptschule) nach Klasse 10<\/li>\n<li>Sekundarabschluss 1 (Realschule)<\/li>\n<li>Erweiterter Sekundarabschluss 1<\/li>\n<\/ul>\n<p><strong>Unterrichtszeiten:<\/strong><\/p>\n<p><strong>1.Stunde<\/strong>\u00a0\u00a0 07:55 bis 08.40 Uhr<br \/>\n<strong>2.Stunde\u00a0<\/strong>\u00a0 08:45 bis 09.30 Uhr<br \/>\nPause<br \/>\n<strong>3.Stunde<\/strong>\u00a0 09:50 bis 10.35 Uhr<br \/>\n<strong>4.Stunde<\/strong>\u00a0\u00a0 10:40 bis 11.25 Uhr<br \/>\nPause<br \/>\n<strong>5.Stunde\u00a0<\/strong>\u00a0 11:40 bis 12.25 Uhr<br \/>\nPause<br \/>\n<strong>6.Stunde\u00a0<\/strong>\u00a0 12:30 bis 13.15 Uhr<br \/>\nMittag<br \/>\n<strong>7.Stunde<\/strong>\u00a0\u00a0 14:00 bis 14.45 Uhr<br \/>\n<strong>8.Stunde<\/strong>\u00a0\u00a0 14:45 bis 15.30 Uhr<\/p>\n<figure id=\"attachment_525\" aria-describedby=\"caption-attachment-525\" style=\"width: 800px\" class=\"wp-caption alignright\"><img loading=\"lazy\" decoding=\"async\" class=\"wp-image-525 size-full\" src=\"http:\/\/wordpress.nibis.de\/awobs\/files\/2015\/08\/IMG_3042_klein.jpg\" alt=\"IMG_3042_klein\" width=\"800\" height=\"173\" \/><figcaption id=\"caption-attachment-525\" class=\"wp-caption-text\">Relief in der Mensa<\/figcaption><\/figure>\n","protected":false},"excerpt":{"rendered":"<p>Die Aller-Weser Oberschule ist eine reine Oberschule. Alle Sch\u00fclerinnen und Sch\u00fcler werden gemeinsam und inklusiv beschult. Ziel ist es, jedem Kind gerecht zu werden und es begabungsgerecht zu f\u00f6rdern und zu fordern. Unterricht wird auf zwei Ebenen gestaltet &#8211; mit grundlegenden und erweiterten Anforderungen. In den F\u00e4chern Englisch und Mathematik werden Differenzierungskurse ab Klasse 7 [&hellip;]<\/p>\n","protected":false},"author":760,"featured_media":0,"parent":0,"menu_order":0,"comment_status":"closed","ping_status":"closed","template":"","meta":{"footnotes":""},"class_list":["post-29","page","type-page","status-publish","hentry"],"_links":{"self":[{"href":"https:\/\/wordpress.nibis.de\/awobs\/wp-json\/wp\/v2\/pages\/29","targetHints":{"allow":["GET"]}}],"collection":[{"href":"https:\/\/wordpress.nibis.de\/awobs\/wp-json\/wp\/v2\/pages"}],"about":[{"href":"https:\/\/wordpress.nibis.de\/awobs\/wp-json\/wp\/v2\/types\/page"}],"author":[{"embeddable":true,"href":"https:\/\/wordpress.nibis.de\/awobs\/wp-json\/wp\/v2\/users\/760"}],"replies":[{"embeddable":true,"href":"https:\/\/wordpress.nibis.de\/awobs\/wp-json\/wp\/v2\/comments?post=29"}],"version-history":[{"count":13,"href":"https:\/\/wordpress.nibis.de\/awobs\/wp-json\/wp\/v2\/pages\/29\/revisions"}],"predecessor-version":[{"id":4820,"href":"https:\/\/wordpress.nibis.de\/awobs\/wp-json\/wp\/v2\/pages\/29\/revisions\/4820"}],"wp:attachment":[{"href":"https:\/\/wordpress.nibis.de\/awobs\/wp-json\/wp\/v2\/media?parent=29"}],"curies":[{"name":"wp","href":"https:\/\/api.w.org\/{rel}","templated":true}]}}