{"id":320,"date":"2015-10-01T19:44:11","date_gmt":"2015-10-01T17:44:11","guid":{"rendered":"http:\/\/wordpress.nibis.de\/awobs\/?page_id=320"},"modified":"2015-10-01T19:44:11","modified_gmt":"2015-10-01T17:44:11","slug":"werder-bremen-partnerschule","status":"publish","type":"page","link":"https:\/\/wordpress.nibis.de\/awobs\/schulleben-2\/werder-bremen-partnerschule\/","title":{"rendered":"Werder Bremen Partnerschule"},"content":{"rendered":"<p>Die Partnerschaft unserer Schule mit dem SV Werder Bremen besteht seit dem Beginn des Projektes 100 Schulen \u2013 100 Vereine im November 2002. Die Ziele des Partnerprogramms sind die St\u00e4rkung des Sports und soziale Projekte. Der Verein m\u00f6chte die Jugendlichen f\u00fcr Werder Bremen begeistern, sie aber auch f\u00fcr Themen wie Fair Play, Antidiskriminierung und Gewaltpr\u00e4vention sensibilisieren. Neben der Bereitstellung von 50 Freitickets j\u00e4hrlich gibt es viele weitere Angebote wie z.B. Fortbildungen, Turniere etc.<br \/>\n<img loading=\"lazy\" decoding=\"async\" src=\"http:\/\/wordpress.nibis.de\/awobs\/files\/2015\/10\/CSR-Partner_Lebenslang_aktiv_quer_3D.jpg\" alt=\"CSR-Partner_Lebenslang_aktiv_PFADE.indd\" width=\"800\" height=\"322\" class=\"alignright size-full wp-image-321\" srcset=\"https:\/\/wordpress.nibis.de\/awobs\/files\/2015\/10\/CSR-Partner_Lebenslang_aktiv_quer_3D.jpg 800w, https:\/\/wordpress.nibis.de\/awobs\/files\/2015\/10\/CSR-Partner_Lebenslang_aktiv_quer_3D-300x121.jpg 300w\" sizes=\"auto, (max-width: 800px) 100vw, 800px\" \/><\/p>\n<p>Im November 2002 startete Werder Bremen ein bis dahin bundesweit einmaliges Projekt. Gemeinsam mit 100 Schulen und 100 Vereinen f\u00f6rdert der Traditionsverein den Sport in der Region und zeigt seine soziale Verantwortung f\u00fcr Fair Play, Antidiskriminierung und Gewaltpr\u00e4vention. Mit diesem von Werders Vereinspr\u00e4sidenten und Gesch\u00e4ftsf\u00fchrer Klaus-Dieter Fischer entwickelten Projekt sind die Gr\u00fcn-Wei\u00dfen in Deutschland bis heute in einer Vorreiterrolle.<\/p>\n<p>Im Rahmen der wohl gr\u00f6\u00dften &#8222;Partnerschafts-Aktion&#8220; wurden 220 Schulen und 160 Vereine zwischen Nordseek\u00fcste und Westfalen, zwischen holl\u00e4ndischer Grenze und Mecklenburg-Vorpommern, angeschrieben. Inhalt der Postsendung war ein verlockendes Angebot des Fu\u00dfball-Bundesligisten. Werder zeigte darin Rahmenbedingungen auf, unter denen sich Schulen und Vereine als &#8222;100%-Partner&#8220; des Profi-Clubs bewerben konnten. Gefragt waren Kreativit\u00e4t und Engagement rund um den Sport und im sozialen Bereich.<\/p>\n<p>Auf welches Interesse Werder mit seiner Initiative gesto\u00dfen war, bekam der Club durch die Flut der Antworten zu sp\u00fcren. Von den angeschriebenen 380 Institutionen bewarben sich 270 um den Platz an der Seite der Werderaner, darunter viele, die nicht angeschrieben worden waren. Wie angek\u00fcndigt, bekamen jeweils 100 Schulen und 100 Vereine den Zuschlag.<br \/>\naus: http:\/\/www.werder.de\/de\/werder-bewegt\/lebenslang-aktiv\/\/100-prozent-werder-partner\/index.php <\/p>\n","protected":false},"excerpt":{"rendered":"<p>Die Partnerschaft unserer Schule mit dem SV Werder Bremen besteht seit dem Beginn des Projektes 100 Schulen \u2013 100 Vereine im November 2002. Die Ziele des Partnerprogramms sind die St\u00e4rkung des Sports und soziale Projekte. Der Verein m\u00f6chte die Jugendlichen f\u00fcr Werder Bremen begeistern, sie aber auch f\u00fcr Themen wie Fair Play, Antidiskriminierung und Gewaltpr\u00e4vention [&hellip;]<\/p>\n","protected":false},"author":760,"featured_media":0,"parent":153,"menu_order":0,"comment_status":"closed","ping_status":"closed","template":"","meta":{"footnotes":""},"class_list":["post-320","page","type-page","status-publish","hentry"],"_links":{"self":[{"href":"https:\/\/wordpress.nibis.de\/awobs\/wp-json\/wp\/v2\/pages\/320","targetHints":{"allow":["GET"]}}],"collection":[{"href":"https:\/\/wordpress.nibis.de\/awobs\/wp-json\/wp\/v2\/pages"}],"about":[{"href":"https:\/\/wordpress.nibis.de\/awobs\/wp-json\/wp\/v2\/types\/page"}],"author":[{"embeddable":true,"href":"https:\/\/wordpress.nibis.de\/awobs\/wp-json\/wp\/v2\/users\/760"}],"replies":[{"embeddable":true,"href":"https:\/\/wordpress.nibis.de\/awobs\/wp-json\/wp\/v2\/comments?post=320"}],"version-history":[{"count":3,"href":"https:\/\/wordpress.nibis.de\/awobs\/wp-json\/wp\/v2\/pages\/320\/revisions"}],"predecessor-version":[{"id":6325,"href":"https:\/\/wordpress.nibis.de\/awobs\/wp-json\/wp\/v2\/pages\/320\/revisions\/6325"}],"up":[{"embeddable":true,"href":"https:\/\/wordpress.nibis.de\/awobs\/wp-json\/wp\/v2\/pages\/153"}],"wp:attachment":[{"href":"https:\/\/wordpress.nibis.de\/awobs\/wp-json\/wp\/v2\/media?parent=320"}],"curies":[{"name":"wp","href":"https:\/\/api.w.org\/{rel}","templated":true}]}}