{"id":5292,"date":"2024-06-05T10:49:16","date_gmt":"2024-06-05T08:49:16","guid":{"rendered":"https:\/\/wordpress.nibis.de\/awobs\/?page_id=5292"},"modified":"2025-12-05T12:01:26","modified_gmt":"2025-12-05T11:01:26","slug":"foerderverein","status":"publish","type":"page","link":"https:\/\/wordpress.nibis.de\/awobs\/foerderverein\/","title":{"rendered":"F\u00f6rderverein Aller-Weser-Oberschule"},"content":{"rendered":"\n<figure class=\"wp-block-image size-full\"><img loading=\"lazy\" decoding=\"async\" width=\"797\" height=\"443\" src=\"https:\/\/wordpress.nibis.de\/awobs\/files\/2024\/06\/Foerderverein_Logo1.jpg\" alt=\"\" class=\"wp-image-5299\" srcset=\"https:\/\/wordpress.nibis.de\/awobs\/files\/2024\/06\/Foerderverein_Logo1.jpg 797w, https:\/\/wordpress.nibis.de\/awobs\/files\/2024\/06\/Foerderverein_Logo1-300x167.jpg 300w, https:\/\/wordpress.nibis.de\/awobs\/files\/2024\/06\/Foerderverein_Logo1-768x427.jpg 768w\" sizes=\"auto, (max-width: 797px) 100vw, 797px\" \/><\/figure>\n\n\n\n<p>Willkommen beim F\u00f6rderverein unserer Schule<\/p>\n\n\n\n<p>Der F\u00f6rderverein unserer Schule hat es sich zur Aufgabe gemacht, das Schulleben aktiv zu bereichern und die p\u00e4dagogische Arbeit zu unterst\u00fctzen. Gemeinsam mit Eltern, Lehrkr\u00e4ften, Sch\u00fclerinnen und Sch\u00fclern schaffen wir M\u00f6glichkeiten, die \u00fcber den regul\u00e4ren Etat hinausgehen.<\/p>\n\n\n\n<p>Durch Mitgliedsbeitr\u00e4ge, Spenden und ehrenamtliches Engagement finanzieren und f\u00f6rdern wir Projekte, Anschaffungen und Veranstaltungen, die allen zugutekommen \u2013 von zus\u00e4tzlichen Lern- und Freizeitangeboten \u00fcber moderne Ausstattung bis hin zu kulturellen und sportlichen Aktivit\u00e4ten.<\/p>\n\n\n\n<p>Unser Ziel ist es, eine lebendige Schulgemeinschaft zu st\u00e4rken, in der sich Kinder und Jugendliche wohlf\u00fchlen, entfalten und mit Freude lernen k\u00f6nnen.<\/p>\n\n\n\n<p>Wir freuen uns \u00fcber jede Unterst\u00fctzung \u2013 sei es durch eine Mitgliedschaft, eine Spende oder tatkr\u00e4ftige Mithilfe bei Aktionen. Gemeinsam k\u00f6nnen wir viel bewegen!<\/p>\n\n\n\n<figure class=\"wp-block-gallery has-nested-images columns-default is-cropped wp-block-gallery-1 is-layout-flex wp-block-gallery-is-layout-flex\">\n<figure class=\"wp-block-image size-large\"><img loading=\"lazy\" decoding=\"async\" width=\"656\" height=\"600\" data-id=\"5824\" src=\"https:\/\/wordpress.nibis.de\/awobs\/files\/2025\/12\/Trinkflaschenaktion-656x600.png\" alt=\"\" class=\"wp-image-5824\" srcset=\"https:\/\/wordpress.nibis.de\/awobs\/files\/2025\/12\/Trinkflaschenaktion-656x600.png 656w, https:\/\/wordpress.nibis.de\/awobs\/files\/2025\/12\/Trinkflaschenaktion-300x274.png 300w, https:\/\/wordpress.nibis.de\/awobs\/files\/2025\/12\/Trinkflaschenaktion-768x702.png 768w, https:\/\/wordpress.nibis.de\/awobs\/files\/2025\/12\/Trinkflaschenaktion.png 1152w\" sizes=\"auto, (max-width: 656px) 100vw, 656px\" \/><\/figure>\n\n\n\n<figure class=\"wp-block-image size-large\"><img loading=\"lazy\" decoding=\"async\" width=\"400\" height=\"600\" data-id=\"5822\" src=\"https:\/\/wordpress.nibis.de\/awobs\/files\/2025\/12\/ChatGPT-Image-23.-Nov.-2025-10_07_20-400x600.png\" alt=\"\" class=\"wp-image-5822\" srcset=\"https:\/\/wordpress.nibis.de\/awobs\/files\/2025\/12\/ChatGPT-Image-23.-Nov.-2025-10_07_20-400x600.png 400w, https:\/\/wordpress.nibis.de\/awobs\/files\/2025\/12\/ChatGPT-Image-23.-Nov.-2025-10_07_20-200x300.png 200w, https:\/\/wordpress.nibis.de\/awobs\/files\/2025\/12\/ChatGPT-Image-23.-Nov.-2025-10_07_20-768x1152.png 768w, https:\/\/wordpress.nibis.de\/awobs\/files\/2025\/12\/ChatGPT-Image-23.-Nov.-2025-10_07_20.png 1024w\" sizes=\"auto, (max-width: 400px) 100vw, 400px\" \/><\/figure>\n\n\n\n<figure class=\"wp-block-image size-large\"><img loading=\"lazy\" decoding=\"async\" width=\"400\" height=\"600\" data-id=\"5823\" src=\"https:\/\/wordpress.nibis.de\/awobs\/files\/2025\/12\/ChatGPT-Image-23.-Nov.-2025-12_04_25-400x600.png\" alt=\"\" class=\"wp-image-5823\" srcset=\"https:\/\/wordpress.nibis.de\/awobs\/files\/2025\/12\/ChatGPT-Image-23.-Nov.-2025-12_04_25-400x600.png 400w, https:\/\/wordpress.nibis.de\/awobs\/files\/2025\/12\/ChatGPT-Image-23.-Nov.-2025-12_04_25-200x300.png 200w, https:\/\/wordpress.nibis.de\/awobs\/files\/2025\/12\/ChatGPT-Image-23.-Nov.-2025-12_04_25-768x1152.png 768w, https:\/\/wordpress.nibis.de\/awobs\/files\/2025\/12\/ChatGPT-Image-23.-Nov.-2025-12_04_25.png 1024w\" sizes=\"auto, (max-width: 400px) 100vw, 400px\" \/><\/figure>\n<\/figure>\n\n\n\n<figure class=\"wp-block-gallery has-nested-images columns-default is-cropped wp-block-gallery-2 is-layout-flex wp-block-gallery-is-layout-flex\"><\/figure>\n\n\n\n<hr class=\"wp-block-separator has-alpha-channel-opacity\" \/>\n\n\n\n<figure class=\"wp-block-gallery has-nested-images columns-default is-cropped wp-block-gallery-3 is-layout-flex wp-block-gallery-is-layout-flex\">\n<figure class=\"wp-block-image size-large\"><img loading=\"lazy\" decoding=\"async\" width=\"764\" height=\"600\" data-id=\"5832\" src=\"https:\/\/wordpress.nibis.de\/awobs\/files\/2025\/12\/Herbstmarkt-1-764x600.png\" alt=\"\" class=\"wp-image-5832\" srcset=\"https:\/\/wordpress.nibis.de\/awobs\/files\/2025\/12\/Herbstmarkt-1-764x600.png 764w, https:\/\/wordpress.nibis.de\/awobs\/files\/2025\/12\/Herbstmarkt-1-300x236.png 300w, https:\/\/wordpress.nibis.de\/awobs\/files\/2025\/12\/Herbstmarkt-1-768x603.png 768w, https:\/\/wordpress.nibis.de\/awobs\/files\/2025\/12\/Herbstmarkt-1.png 1064w\" sizes=\"auto, (max-width: 764px) 100vw, 764px\" \/><\/figure>\n\n\n\n<figure class=\"wp-block-image size-large\"><img loading=\"lazy\" decoding=\"async\" width=\"800\" height=\"593\" data-id=\"5833\" src=\"https:\/\/wordpress.nibis.de\/awobs\/files\/2025\/12\/Screenshot_20251110_181911_Telegram-1-800x593.jpg\" alt=\"\" class=\"wp-image-5833\" srcset=\"https:\/\/wordpress.nibis.de\/awobs\/files\/2025\/12\/Screenshot_20251110_181911_Telegram-1-800x593.jpg 800w, https:\/\/wordpress.nibis.de\/awobs\/files\/2025\/12\/Screenshot_20251110_181911_Telegram-1-300x223.jpg 300w, https:\/\/wordpress.nibis.de\/awobs\/files\/2025\/12\/Screenshot_20251110_181911_Telegram-1-768x570.jpg 768w, https:\/\/wordpress.nibis.de\/awobs\/files\/2025\/12\/Screenshot_20251110_181911_Telegram-1.jpg 1065w\" sizes=\"auto, (max-width: 800px) 100vw, 800px\" \/><\/figure>\n\n\n\n<figure class=\"wp-block-image size-large\"><img loading=\"lazy\" decoding=\"async\" width=\"800\" height=\"593\" data-id=\"5834\" src=\"https:\/\/wordpress.nibis.de\/awobs\/files\/2025\/12\/Screenshot_20251110_181919_Telegram-1-800x593.jpg\" alt=\"\" class=\"wp-image-5834\" srcset=\"https:\/\/wordpress.nibis.de\/awobs\/files\/2025\/12\/Screenshot_20251110_181919_Telegram-1-800x593.jpg 800w, https:\/\/wordpress.nibis.de\/awobs\/files\/2025\/12\/Screenshot_20251110_181919_Telegram-1-300x222.jpg 300w, https:\/\/wordpress.nibis.de\/awobs\/files\/2025\/12\/Screenshot_20251110_181919_Telegram-1-768x569.jpg 768w, https:\/\/wordpress.nibis.de\/awobs\/files\/2025\/12\/Screenshot_20251110_181919_Telegram-1.jpg 1075w\" sizes=\"auto, (max-width: 800px) 100vw, 800px\" \/><\/figure>\n<\/figure>\n\n\n\n<hr class=\"wp-block-separator has-alpha-channel-opacity\" \/>\n\n\n\n<div data-wp-interactive=\"core\/file\" class=\"wp-block-file\"><object data-wp-bind--hidden=\"!state.hasPdfPreview\" hidden class=\"wp-block-file__embed\" data=\"https:\/\/wordpress.nibis.de\/awobs\/files\/2024\/06\/A5_Beitrittserklaerung1.pdf\" type=\"application\/pdf\" style=\"width:100%;height:600px\" aria-label=\"Einbettung von A5_Beitrittserkl\u00e4rung.\"><\/object><a id=\"wp-block-file--media-d449121f-7a2e-4546-a58c-88c4b3c02956\" href=\"https:\/\/wordpress.nibis.de\/awobs\/files\/2024\/06\/A5_Beitrittserklaerung1.pdf\">A5_Beitrittserkl\u00e4rung<\/a><a href=\"https:\/\/wordpress.nibis.de\/awobs\/files\/2024\/06\/A5_Beitrittserklaerung1.pdf\" class=\"wp-block-file__button wp-element-button\" download aria-describedby=\"wp-block-file--media-d449121f-7a2e-4546-a58c-88c4b3c02956\">Herunterladen<\/a><\/div>\n\n\n\n<p>Kontakt: fo&#101;&#114;&#100;&#x65;&#x72;&#x76;&#x65;&#x72;ei&#110;&#64;&#115;&#x63;&#x68;&#x75;&#x6c;&#x7a;en&#116;&#114;&#117;&#x6d;&#x2d;&#x64;&#x6f;&#x65;rv&#101;&#114;&#100;&#x65;&#x6e;&#x2e;&#x64;&#x65;<\/p>\n\n\n\n<p><\/p>\n","protected":false},"excerpt":{"rendered":"<p>Willkommen beim F\u00f6rderverein unserer Schule Der F\u00f6rderverein unserer Schule hat es sich zur Aufgabe gemacht, das Schulleben aktiv zu bereichern und die p\u00e4dagogische Arbeit zu unterst\u00fctzen. Gemeinsam mit Eltern, Lehrkr\u00e4ften, Sch\u00fclerinnen und Sch\u00fclern schaffen wir M\u00f6glichkeiten, die \u00fcber den regul\u00e4ren Etat hinausgehen. Durch Mitgliedsbeitr\u00e4ge, Spenden und ehrenamtliches Engagement finanzieren und f\u00f6rdern wir Projekte, Anschaffungen und [&hellip;]<\/p>\n","protected":false},"author":760,"featured_media":0,"parent":0,"menu_order":0,"comment_status":"closed","ping_status":"closed","template":"","meta":{"footnotes":""},"class_list":["post-5292","page","type-page","status-publish","hentry"],"_links":{"self":[{"href":"https:\/\/wordpress.nibis.de\/awobs\/wp-json\/wp\/v2\/pages\/5292","targetHints":{"allow":["GET"]}}],"collection":[{"href":"https:\/\/wordpress.nibis.de\/awobs\/wp-json\/wp\/v2\/pages"}],"about":[{"href":"https:\/\/wordpress.nibis.de\/awobs\/wp-json\/wp\/v2\/types\/page"}],"author":[{"embeddable":true,"href":"https:\/\/wordpress.nibis.de\/awobs\/wp-json\/wp\/v2\/users\/760"}],"replies":[{"embeddable":true,"href":"https:\/\/wordpress.nibis.de\/awobs\/wp-json\/wp\/v2\/comments?post=5292"}],"version-history":[{"count":13,"href":"https:\/\/wordpress.nibis.de\/awobs\/wp-json\/wp\/v2\/pages\/5292\/revisions"}],"predecessor-version":[{"id":5840,"href":"https:\/\/wordpress.nibis.de\/awobs\/wp-json\/wp\/v2\/pages\/5292\/revisions\/5840"}],"wp:attachment":[{"href":"https:\/\/wordpress.nibis.de\/awobs\/wp-json\/wp\/v2\/media?parent=5292"}],"curies":[{"name":"wp","href":"https:\/\/api.w.org\/{rel}","templated":true}]}}