{"id":546,"date":"2015-11-03T12:25:45","date_gmt":"2015-11-03T11:25:45","guid":{"rendered":"http:\/\/wordpress.nibis.de\/awobs\/?page_id=546"},"modified":"2025-03-14T08:44:21","modified_gmt":"2025-03-14T07:44:21","slug":"zukunftstag","status":"publish","type":"page","link":"https:\/\/wordpress.nibis.de\/awobs\/zukunftstag\/","title":{"rendered":"Zukunftstag"},"content":{"rendered":"<h1><img loading=\"lazy\" decoding=\"async\" class=\"img-responsive\" src=\"https:\/\/wordpress.nibis.de\/awobs\/files\/2025\/03\/csm_27.04.2023_df6ca2825b.png\" alt=\"\" width=\"1925\" height=\"731\" \/>Was ist der Zukunftstag f\u00fcr M\u00e4dchen und Jungen in Niedersachsen?<\/h1>\n<p>Termin: <strong>03<\/strong>.<strong> April 2025<\/strong><\/p>\n<p>M\u00e4dchen und Jungen sollen beim Zukunftstag geschlechteruntypische Berufe kennen lernen. Betriebe, Hochschulen und Einrichtungen bieten den Sch\u00fclerinnen und Sch\u00fclern die M\u00f6glichkeit, Berufe zu erkunden, die sie selbst bisher nicht in Betracht ziehen.<\/p>\n<ul>\n<li><b>M\u00e4dchen<\/b> sollen einen Einblick in technische, naturwissenschaftliche oder handwerkliche Berufe bekommen.<\/li>\n<li><b>Jungen<\/b> sollen einen Einblick in soziale, p\u00e4dagogische oder pflegerische Berufe bekommen.<\/li>\n<\/ul>\n<p><b>Wer kann mitmachen?<br \/><\/b>Sch\u00fclerinnen und Sch\u00fcler der Klassen 5 &#8211; 10 k\u00f6nnen mitmachen.<br \/>Erfahrungen haben gezeigt, dass es f\u00fcr Sch\u00fclerinnen und Sch\u00fcler der 5. und 6. Klassen sinnvoll ist, Eltern oder eine ihnen vertraute Person an ihrem Arbeitsplatz zu begleiten.<\/p>\n<p><b>Wie ist der Zukunftstag organisiert?<br \/><\/b>Der &#8222;Zukunftstag f\u00fcr M\u00e4dchen und Jungen in Niedersachsen&#8220; findet zeitgleich mit dem bundesweiten <a href=\"http:\/\/www.girls-day.de\" target=\"_blank\" rel=\"noopener noreferrer\">Girls&#8216; Day<\/a> und dem bundesweiten <a href=\"http:\/\/www.boys-day.de\" target=\"_blank\" rel=\"noopener noreferrer\">Boys&#8216; Day<\/a> statt. Der Zukunftstag wird im Rahmen der Berufsorientierungsma\u00dfnahmen angeboten. Es besteht <a href=\"http:\/\/www.mk.niedersachsen.de\/download\/4613\/Erlass_Berufsorientierung_an_allgemein_bildenden_Schulen_.pdf\" target=\"_blank\" rel=\"noopener noreferrer\">Versicherungsschutz<\/a>. Die Kinder werden f\u00fcr passende Angebote im Sinne des Zukunftstages vom Unterricht freigestellt.<\/p>\n<p><strong>In diesem Schuljahr (2024\/2025) wird der Zukunftstag am 03. April 2025\u00a0 f\u00fcr eine schulinterne Fortbildung der Lehrkr\u00e4fte genutzt.<\/strong><br \/>Es braucht daher <strong>kein Antrag auf Teilnahme<\/strong> am Zukunftstag gestellt zu werden. Der allgemeine Unterricht wird an diesem Tag nicht stattfinden.<\/p>\n<p>Die Sch\u00fclerinnen und Sch\u00fcler, die in die Betriebe gehen, geben die Teilnahmebest\u00e4tigung nach dem Zukunftstag bei ihrer Klassenlehrkraft (Jg. 5 und 6) bzw. ihrer Wirtschaftslehrkraft (Jg. 7 bis 10) ab und sind in der Lage, von ihrem Tag zu berichten.<\/p>\n<p>Die Sch\u00fclerinnen und Sch\u00fcler, die keinen Betrieb gefunden haben, erledigen die Aufgaben, die im Vorfeld mit der Klassenlehrkraft bzw. der Wirtschaftslehrkraft besprochen werden.<\/p>\n\n","protected":false},"excerpt":{"rendered":"<p>Was ist der Zukunftstag f\u00fcr M\u00e4dchen und Jungen in Niedersachsen? Termin: 03. April 2025 M\u00e4dchen und Jungen sollen beim Zukunftstag geschlechteruntypische Berufe kennen lernen. Betriebe, Hochschulen und Einrichtungen bieten den Sch\u00fclerinnen und Sch\u00fclern die M\u00f6glichkeit, Berufe zu erkunden, die sie selbst bisher nicht in Betracht ziehen. M\u00e4dchen sollen einen Einblick in technische, naturwissenschaftliche oder handwerkliche [&hellip;]<\/p>\n","protected":false},"author":760,"featured_media":0,"parent":0,"menu_order":0,"comment_status":"closed","ping_status":"closed","template":"","meta":{"footnotes":""},"class_list":["post-546","page","type-page","status-publish","hentry"],"_links":{"self":[{"href":"https:\/\/wordpress.nibis.de\/awobs\/wp-json\/wp\/v2\/pages\/546","targetHints":{"allow":["GET"]}}],"collection":[{"href":"https:\/\/wordpress.nibis.de\/awobs\/wp-json\/wp\/v2\/pages"}],"about":[{"href":"https:\/\/wordpress.nibis.de\/awobs\/wp-json\/wp\/v2\/types\/page"}],"author":[{"embeddable":true,"href":"https:\/\/wordpress.nibis.de\/awobs\/wp-json\/wp\/v2\/users\/760"}],"replies":[{"embeddable":true,"href":"https:\/\/wordpress.nibis.de\/awobs\/wp-json\/wp\/v2\/comments?post=546"}],"version-history":[{"count":28,"href":"https:\/\/wordpress.nibis.de\/awobs\/wp-json\/wp\/v2\/pages\/546\/revisions"}],"predecessor-version":[{"id":5529,"href":"https:\/\/wordpress.nibis.de\/awobs\/wp-json\/wp\/v2\/pages\/546\/revisions\/5529"}],"wp:attachment":[{"href":"https:\/\/wordpress.nibis.de\/awobs\/wp-json\/wp\/v2\/media?parent=546"}],"curies":[{"name":"wp","href":"https:\/\/api.w.org\/{rel}","templated":true}]}}