{"id":58,"date":"2015-08-27T14:26:33","date_gmt":"2015-08-27T12:26:33","guid":{"rendered":"http:\/\/wordpress.nibis.de\/awobs\/?page_id=58"},"modified":"2020-11-06T13:14:55","modified_gmt":"2020-11-06T12:14:55","slug":"impressum","status":"publish","type":"page","link":"https:\/\/wordpress.nibis.de\/awobs\/impressum\/","title":{"rendered":"Impressum"},"content":{"rendered":"<h5><span style=\"font-size: 10pt\"><strong>Land Niedersachsen (Dienstanbieter im Sinne des Telemediengesetzes)<\/strong><\/span><\/h5>\n<div class=\"entry-content\">\n<h5><span style=\"font-size: 10pt\">Das Land Niedersachsen ist eine juristische Person der \u00f6ffentlichen Rechts, vertreten durch die Schulleitung:<\/span><br \/>\n<span style=\"font-size: 10pt\">Alexander Schock, Oberschulrektor<\/span><\/h5>\n<h5><span style=\"font-size: 10pt\"><strong>Aller-Weser-Oberschule D\u00f6rverden<\/strong><\/span><br \/>\n<span style=\"font-size: 10pt\">Am S\u00fcnderberg 6<\/span><br \/>\n<span style=\"font-size: 10pt\">27313 D\u00f6rverden<\/span><br \/>\n<span style=\"font-size: 10pt\">Tel. 04234-1034<\/span><br \/>\n<span style=\"font-size: 10pt\">e-Mail: <a href=\"m&#97;&#x69;&#x6c;t&#111;&#x3a;&#x73;e&#107;&#x72;&#x65;t&#97;&#x72;&#x69;a&#116;&#x40;&#x73;c&#104;&#117;&#x6c;&#x7a;e&#110;&#x74;&#x72;u&#109;&#x2d;&#x64;o&#101;&#x72;&#x76;e&#114;&#x64;&#x65;n&#46;&#x64;&#x65;\">sekretariat(at)schulzentrum-doerverden.de<\/a><\/span><\/h5>\n<h5><span style=\"font-size: 10pt\">Verantwortlich f\u00fcr die redaktionell-journalistischen Angebote i.S.d. \u00a7 55 Abs.2 Rundfunkstaatsvertrag:<\/span><br \/>\n<span style=\"font-size: 10pt\">Alexander Schock<br \/>\n<\/span><\/h5>\n<p><span style=\"font-size: 10pt\">Redaktion: Alexander Schock, Kathalin Nadig &amp; Sandra Vogel<\/span><\/p>\n<p><span style=\"font-size: 10pt\">Schulischer Datenschutzbeauftragter: <a href=\"&#x6d;a&#x69;l&#x74;&#111;&#x3a;&#100;a&#x74;e&#x6e;&#115;&#x63;&#104;&#x75;&#116;z&#x40;s&#x63;&#104;&#x75;&#108;&#x7a;&#x65;n&#x74;r&#x75;&#109;&#x2d;&#100;o&#x65;r&#x76;&#101;&#x72;&#100;&#x65;&#110;&#46;&#x64;e\">datenschutz(at)schulzentrum-doerverden.de<\/a><\/span><\/p>\n<h5><span style=\"font-size: 10pt\"><strong>Haftungsausschluss: <\/strong><\/span><\/h5>\n<h5><span style=\"font-size: 10pt\"><strong>Haftung f\u00fcr Inhalte<br \/>\n<\/strong>Die Inhalte unserer Seiten wurden mit gr\u00f6\u00dfter Sorgfalt erstellt. F\u00fcr die Richtigkeit, Vollst\u00e4ndigkeit und Aktualit\u00e4t der Inhalte k\u00f6nnen wir jedoch keine Gew\u00e4hr \u00fcbernehmen. Als Diensteanbieter sind wir gem\u00e4\u00df \u00a7 7 Abs.1 TMG f\u00fcr eigene Inhalte auf diesen Seiten nach den allgemeinen Gesetzen verantwortlich. Nach \u00a7\u00a7 8 bis 10 TMG sind wir als Diensteanbieter jedoch nicht verpflichtet, \u00fcbermittelte oder gespeicherte fremde Informationen zu \u00fcberwachen oder nach Umst\u00e4nden zu forschen, die auf eine rechtswidrige T\u00e4tigkeit hinweisen. Verpflichtungen zur Entfernung oder Sperrung der Nutzung von Informationen nach den allgemeinen Gesetzen bleiben hiervon unber\u00fchrt. Eine diesbez\u00fcgliche Haftung ist jedoch erst ab dem Zeitpunkt der Kenntnis einer konkreten Rechtsverletzung m\u00f6glich. Bei Bekanntwerden von entsprechenden Rechtsverletzungen werden wir diese Inhalte umgehend entfernen.<\/span><\/h5>\n<h5><span style=\"font-size: 10pt\"><strong>Haftung f\u00fcr Links<br \/>\n<\/strong>Unser Angebot enth\u00e4lt Links zu externen Webseiten Dritter, auf deren Inhalte wir keinen Einfluss haben. Deshalb k\u00f6nnen wir f\u00fcr diese fremden Inhalte auch keine Gew\u00e4hr \u00fcbernehmen. F\u00fcr die Inhalte der verlinkten Seiten ist stets der jeweilige Anbieter oder Betreiber der Seiten verantwortlich. Die verlinkten Seiten wurden zum Zeitpunkt der Verlinkung auf m\u00f6gliche Rechtsverst\u00f6\u00dfe \u00fcberpr\u00fcft. Rechtswidrige Inhalte waren zum Zeitpunkt der Verlinkung nicht erkennbar. Eine permanente inhaltliche Kontrolle der verlinkten Seiten ist jedoch ohne konkrete Anhaltspunkte einer Rechtsverletzung nicht zumutbar. Bei Bekanntwerden von Rechtsverletzungen werden wir derartige Links umgehend entfernen.<\/span><\/h5>\n<h5><span style=\"font-size: 10pt\"><strong>Urheberrecht<br \/>\n<\/strong>Die durch die Seitenbetreiber erstellten Inhalte und Werke auf diesen Seiten unterliegen dem deutschen Urheberrecht. Die Vervielf\u00e4ltigung, Bearbeitung, Verbreitung und jede Art der Verwertung au\u00dferhalb der Grenzen des Urheberrechtes bed\u00fcrfen der schriftlichen Zustimmung des jeweiligen Autors bzw. Erstellers. Downloads und Kopien dieser Seite sind nur f\u00fcr den privaten, nicht kommerziellen Gebrauch gestattet. Soweit die Inhalte auf dieser Seite nicht vom Betreiber erstellt wurden, werden die Urheberrechte Dritter beachtet. Insbesondere werden Inhalte Dritter als solche gekennzeichnet. Sollten Sie trotzdem auf eine Urheberrechtsverletzung aufmerksam werden, bitten wir um einen entsprechenden Hinweis. Bei Bekanntwerden von Rechtsverletzungen werden wir derartige Inhalte umgehend entfernen.<\/span><\/h5>\n<h5><span style=\"font-size: 10pt\"><strong>Datenschutz<br \/>\n<\/strong>Die Nutzung unserer Webseite ist in der Regel ohne Angabe personenbezogener Daten m\u00f6glich. Soweit auf unseren Seiten personenbezogene Daten (beispielsweise Name, Anschrift oder eMail-Adressen) erhoben werden, erfolgt dies, soweit m\u00f6glich, stets auf freiwilliger Basis. Diese Daten werden ohne Ihre ausdr\u00fcckliche Zustimmung nicht an Dritte weitergegeben.<\/span><br \/>\n<span style=\"font-size: 10pt\">Wir weisen darauf hin, dass die Daten\u00fcbertragung im Internet (z.B. bei der Kommunikation per E-Mail) Sicherheitsl\u00fccken aufweisen kann. Ein l\u00fcckenloser Schutz der Daten vor dem Zugriff durch Dritte ist nicht m\u00f6glich.<\/span><br \/>\n<span style=\"font-size: 10pt\">Der Nutzung von im Rahmen der Impressumspflicht ver\u00f6ffentlichten Kontaktdaten durch Dritte zur \u00dcbersendung von nicht ausdr\u00fccklich angeforderter Werbung und Informationsmaterialien wird hiermit ausdr\u00fccklich widersprochen. Die Betreiber der Seiten behalten sich ausdr\u00fccklich rechtliche Schritte im Falle der unverlangten Zusendung von Werbeinformationen, etwa durch Spam-Mails, vor.<\/span><br \/>\n<span style=\"font-size: 10pt\">Website Impressum erstellt durch <a href=\"http:\/\/www.impressum-generator.de\/\">impressum-generator.de<\/a> von der Kanzlei Hasselbach, <a href=\"http:\/\/www.kanzlei-hasselbach.de\/\">www.kanzlei-hasselbach.de<\/a><\/span><\/h5>\n<\/div>\n<div id=\"main\">\n<div id=\"container\">\n<div id=\"content\" role=\"main\">\n<div id=\"post-553\" class=\"post-553 page type-page status-publish hentry\">\n<h1 class=\"entry-title\"><span style=\"font-size: 10pt\">Datenschutzerkl\u00e4rung (EU-DSGVO)<\/span><\/h1>\n<div class=\"entry-content\">\n<p><span style=\"font-size: 10pt\"><strong>I. Name und Anschrift des Verantwortlichen<br \/>\n<\/strong><\/span><\/p>\n<h5><span style=\"font-size: 10pt\"><strong>Aller-Weser-Oberschule D\u00f6rverden<\/strong><\/span><br \/>\n<span style=\"font-size: 10pt\">Am S\u00fcnderberg 6<\/span><br \/>\n<span style=\"font-size: 10pt\">27313 D\u00f6rverden<\/span><br \/>\n<span style=\"font-size: 10pt\">Tel. 04234-1034<\/span><br \/>\n<span style=\"font-size: 10pt\">e-Mail: <a href=\"&#x6d;&#x61;&#105;&#108;&#116;o&#x3a;&#x73;&#x65;&#107;&#114;et&#x61;&#x72;&#x69;&#97;&#116;&#64;&#x73;&#x63;&#x68;&#117;&#108;&#122;e&#x6e;&#x74;&#x72;&#117;&#109;-d&#x6f;&#x65;&#x72;&#118;&#101;r&#x64;&#x65;&#x6e;&#46;&#100;&#101;\">sekretariat(at)schulzentrum-doerverden.de<\/a><\/span><\/h5>\n<p><span style=\"font-size: 10pt\"><strong>Vertretungsberechtigt<\/strong><\/span><br \/>\n<span style=\"font-size: 10pt\">Alexander Schock, Schulleiter<\/span><\/p>\n<p><span style=\"font-size: 10pt\"><strong>II. Kontaktdaten der oder des beh\u00f6rdlichen Datenschutzbeauftragten<br \/>\n<\/strong><\/span><span style=\"font-size: 10pt\">Schulischer Datenschutzbeauftragter: <a href=\"&#x6d;&#x61;&#x69;&#x6c;&#x74;&#x6f;&#x3a;&#x64;&#x61;&#x74;&#x65;&#x6e;&#x73;&#x63;&#x68;&#x75;&#x74;&#x7a;&#x40;&#x73;&#x63;&#x68;&#x75;&#x6c;&#x7a;&#x65;&#x6e;&#x74;&#x72;&#x75;&#x6d;&#x2d;&#x64;&#x6f;&#x65;&#x72;&#x76;&#x65;&#x72;&#x64;&#x65;&#x6e;&#x2e;&#x64;&#x65;\">datenschutz(at)schulzentrum-doerverden.de<\/a><\/span><\/p>\n<p><span style=\"font-size: 10pt\"><strong>III. Name und Anschrift unseres Host-Providers<br \/>\n<\/strong>Nieders\u00e4chsisches Landesinstitut f\u00fcr schulische Qualit\u00e4tsentwicklung (NLQ)<\/span><br \/>\n<span style=\"font-size: 10pt\">vertreten durch die Pr\u00e4sidentin Frau Dr. Elke Richlick<\/span><br \/>\n<span style=\"font-size: 10pt\">Ke\u00dflerstra\u00dfe 52<\/span><br \/>\n<span style=\"font-size: 10pt\">31134 Hildesheim<\/span><\/p>\n<p><span style=\"font-size: 10pt\"><strong>IV. Bereitstellung der Website und Erstellung von Logfiles<br \/>\n<\/strong>Bei jedem Aufruf unserer Internetseite erfasst unser System automatisiert Daten und Informationen vom Computersystem des aufrufenden Rechners. Folgende Daten werden hierbei erhoben:<\/span><\/p>\n<p><span style=\"font-size: 10pt\">(1) Datum und Uhrzeit des Zugriffes<\/span><br \/>\n<span style=\"font-size: 10pt\">(2) Vom System protokollierte Fehler beim Aufruf unserer Seiten<\/span><br \/>\n<span style=\"font-size: 10pt\">(3) Die IP-Adresse des Nutzers<\/span><br \/>\n<span style=\"font-size: 10pt\">(4) Die Betriebssystemversion des Nutzers<\/span><br \/>\n<span style=\"font-size: 10pt\">(5) Der Browsertyp des Nutzers<\/span><br \/>\n<span style=\"font-size: 10pt\">(6) Die vom Nutzer aufgerufene Seite<\/span><br \/>\n<span style=\"font-size: 10pt\">(7) Die Weiterleitung auf eine externe Seite<\/span><\/p>\n<p><span style=\"font-size: 10pt\">Die Daten werden in den Logfiles gespeichert. Eine Speicherung dieser Daten zusammen mit anderen personenbezogenen Daten des Nutzers findet nicht statt. Zweck der Datenspeicherung ist technische Optimierung unserer Internetseite. Rechtsgrundlage f\u00fcr die vor\u00fcbergehende Speicherung der Daten ist Art. 6 Abs.1 lit.f DSGVO.<\/span><\/p>\n<p><span style=\"font-size: 10pt\">Die Daten werden f\u00fcr 52 Wochen gespeichert, sie werden lediglich statistisch ausgewertet. Danach werden sie gel\u00f6scht.<\/span><\/p>\n<p><span style=\"font-size: 10pt\"><strong>V. Verwendung von Cookies<br \/>\n<\/strong>Beim Anmelden in WordPress werden Cookies eingerichtet, um die Anmeldeinformationen und Anzeigeoptionen zu speichern. Anmelde-Cookies verfallen nach zwei Tagen und Cookies f\u00fcr die Anzeigeoptionen nach einem Jahr. Falls Sie bei der Anmeldung \u201eAngemeldet bleiben\u201c ausgew\u00e4hlt haben, wird Ihre Anmeldung zwei Wochen lang aufrechterhalten. Mit der Abmeldung aus Ihrem Konto werden die Anmelde-Cookies gel\u00f6scht.<\/span><\/p>\n<p><span style=\"font-size: 10pt\"><strong>VI. Speicherung personenbezogener Daten bei Kontaktaufnahme<br \/>\n<\/strong>Sofern Sie per E-Mail den Kontakt mit uns aufnehmen, werden die von Ihnen \u00fcbermittelten personenbezogenen Daten automatisch gespeichert. Diese Daten werden f\u00fcr Zwecke der Bearbeitung Ihres Anliegens und der Kontaktaufnahme mit Ihnen gespeichert.<\/span><\/p>\n<p><span style=\"font-size: 10pt\">Wenn Sie Gebrauch von unserem Kontaktformular machen, werden die folgenden personenbezogenen Daten von Ihnen gespeichert: Ihr Name, Ihre Anschrift, Ihre E-Mail-Adresse.<\/span><\/p>\n<p><span style=\"font-size: 10pt\">Die L\u00f6schung der Daten erfolgt, sobald deren Speicherung f\u00fcr die Bearbeitung Ihres Anliegens nicht mehr erforderlich ist.<\/span><\/p>\n<p><span style=\"font-size: 10pt\"><strong>VII. Kontaktformulare<br \/>\n<\/strong>Wenn Sie einen Kommentar auf unserer Website schreiben, kann das eine Einwilligung sein, Ihren Namen, E-Mailadresse und Website in Cookies zu speichern. Dies ist eine Komfortfunktion, damit Sie nicht, wenn Sie einen weiteren Kommentar schreiben, all diese Daten erneut eingeben m\u00fcssen. Diese Cookies werden ein Jahr lang gespeichert.<\/span><\/p>\n<p><span style=\"font-size: 10pt\"><strong>VIII. Medien<br \/>\n<\/strong>Wenn Sie ein registrierter Benutzer sind und Fotos auf diese Website laden, sollten Sie vermeiden Fotos mit einer EXIF-GPS-Standort hochzuladen. Besucher dieser Website k\u00f6nnten Fotos, die auf dieser Website gespeichert sind, herunterladen und deren Standort-Informationen extrahieren.<\/span><\/p>\n<p><span style=\"font-size: 10pt\"><strong>IX. Eingebettete Inhalte von anderen Websites<br \/>\n<\/strong>Beitr\u00e4ge auf dieser Website k\u00f6nnen eingebettete Inhalte beinhalten (z. B. Videos, Bilder, Beitr\u00e4ge etc.). Eingebettete Inhalte von anderen Websites verhalten sich exakt so, als ob der Besucher die andere Website besucht h\u00e4tte.<\/span><br \/>\n<span style=\"font-size: 10pt\">Diese Websites k\u00f6nnen Daten \u00fcber Sie sammeln, Cookies benutzen, zus\u00e4tzliche Tracking-Dienste von Dritten einbetten und Ihre Interaktion mit diesem eingebetteten Inhalt aufzeichnen, inklusive Ihrer Interaktion mit dem eingebetteten Inhalt, falls Sie ein Konto haben und auf dieser Website angemeldet sind.\u201c<\/span><\/p>\n<p><span style=\"font-size: 10pt\"><strong>X. Betroffenenrechte<br \/>\n<\/strong>Sie k\u00f6nnen folgende Rechte geltend machen:<\/span><\/p>\n<p><span style=\"font-size: 10pt\"><em>\u2022 Auskunft\/ Akteneinsicht<\/em><\/span><br \/>\n<span style=\"font-size: 10pt\">Gem. Art. 15 DSGVO haben Sie das Recht, Auskunft bzw. Akteneinsicht \u00fcber die von uns verarbeiteten personenbezogenen Daten zu erhalten.<\/span><\/p>\n<p><span style=\"font-size: 10pt\"><em>\u2022 Berichtigung<\/em><\/span><br \/>\n<span style=\"font-size: 10pt\">Sind bei uns gespeicherte personenbezogene Daten unrichtig oder unvollst\u00e4ndig, haben Sie gem. Art. 16 DSGVO das Recht, diese berichtigen bzw. vervollst\u00e4ndigen zu lassen.<\/span><\/p>\n<p><span style=\"font-size: 10pt\"><em>\u2022 L\u00f6schung<\/em><\/span><br \/>\n<span style=\"font-size: 10pt\">Art. 17 DSGVO normiert das Recht auf L\u00f6schung personenbezogener Daten. Dieses Recht steht Ihnen insbesondere dann zu, wenn die Speicherung der personenbezogenen Daten zur Erf\u00fcllung unserer gesetzlichen Aufgaben nicht mehr erforderlich ist oder Sie Ihre Einwilligung zur Datenverarbeitung mit Wirkung f\u00fcr die Zukunft widerrufen haben.<\/span><\/p>\n<p><span style=\"font-size: 10pt\"><em>\u2022 Einschr\u00e4nkung der Verarbeitung<\/em><\/span><br \/>\n<span style=\"font-size: 10pt\">Gem. Art. 18 DSGVO k\u00f6nnen Sie die Einschr\u00e4nkung der personenbezogenen Daten verlangen, wenn<\/span><br \/>\n<span style=\"font-size: 10pt\">\u2013 die Richtigkeit der Daten von Ihnen bestritten wird<\/span><br \/>\n<span style=\"font-size: 10pt\">\u2013 die Verarbeitung unrechtm\u00e4\u00dfig ist, Sie aber deren L\u00f6schung ablehnen<\/span><br \/>\n<span style=\"font-size: 10pt\">\u2013 wir die Daten nicht mehr ben\u00f6tigen, Sie jedoch diese zur Geltendmachung, Aus\u00fcbung oder Verteidigung von Rechtsanspr\u00fcchen ben\u00f6tigen<\/span><br \/>\n<span style=\"font-size: 10pt\">\u2013 oder Sie gem\u00e4\u00df Art. 21 DSGVO Widerspruch gegen die Verarbeitung eingelegt haben<\/span><\/p>\n<p><span style=\"font-size: 10pt\"><em>\u2022 Widerspruch<\/em><\/span><br \/>\n<span style=\"font-size: 10pt\">Sie k\u00f6nnen bei Gr\u00fcnden, die sich aus Ihrer besonderen Situation ergeben, ein Widerspruchsrecht geltend machen. Gem. Art. 21 DSGVO ist jedoch zu ber\u00fccksichtigten, ob schutzw\u00fcrdige Gr\u00fcnde f\u00fcr die Verarbeitung vorliegen oder die Verarbeitung der Geltendmachung, Aus\u00fcbung oder Verteidigung von Rechtsanspr\u00fcchen dient.<\/span><\/p>\n<p><span style=\"font-size: 10pt\"><em>\u2022 Daten\u00fcbertragbarkeit<\/em><\/span><br \/>\n<span style=\"font-size: 10pt\">Ist die Verarbeitung Ihrer Daten mit Hilfe eines automatisierten Verfahrens erfolgt, haben Sie gem. Art. 20 DSGVO das Recht, die Daten in einem g\u00e4ngigen und maschinenlesbaren Format zu erhalten und an eine andere Schule zu \u00fcbermitteln bzw. durch uns \u00fcbermitteln zu lassen.<\/span><\/p>\n<p><span style=\"font-size: 10pt\"><em>\u2022 Widerruf der Einwilligung<\/em><\/span><br \/>\n<span style=\"font-size: 10pt\">Sie haben gem. Art. 7 Absatz 3 DSGVO das Recht, uns erteilte Einwilligungen jederzeit mit Wirkung f\u00fcr die Zukunft zu widerrufen.<\/span><\/p>\n<p><span style=\"font-size: 10pt\"><em>\u2022 Beschwerde<\/em><\/span><br \/>\n<span style=\"font-size: 10pt\">Art. 77 DSGVO normiert ein Beschwerderecht bei der Aufsichtsbeh\u00f6rde. Die f\u00fcr uns zust\u00e4ndige Aufsichtsbeh\u00f6rde ist die Landesbeauftragte f\u00fcr den Datenschutz Niedersachsen, Prinzenstra\u00dfe 5, 30159 Hannover. E-Mail: &#112;o&#x73;t&#x73;t&#x65;l&#x6c;&#101;&#x40;&#108;&#x66;&#100;&#x2e;&#110;i&#101;d&#x65;r&#x73;a&#x63;&#104;&#x73;&#101;&#x6e;&#46;&#x64;&#101;<\/span><\/p>\n<\/div>\n<\/div>\n<\/div>\n<\/div>\n<\/div>\n","protected":false},"excerpt":{"rendered":"<p>Land Niedersachsen (Dienstanbieter im Sinne des Telemediengesetzes) Das Land Niedersachsen ist eine juristische Person der \u00f6ffentlichen Rechts, vertreten durch die Schulleitung: Alexander Schock, Oberschulrektor Aller-Weser-Oberschule D\u00f6rverden Am S\u00fcnderberg 6 27313 D\u00f6rverden Tel. 04234-1034 e-Mail: sekretariat(at)schulzentrum-doerverden.de Verantwortlich f\u00fcr die redaktionell-journalistischen Angebote i.S.d. \u00a7 55 Abs.2 Rundfunkstaatsvertrag: Alexander Schock Redaktion: Alexander Schock, Kathalin Nadig &amp; Sandra Vogel [&hellip;]<\/p>\n","protected":false},"author":760,"featured_media":0,"parent":0,"menu_order":0,"comment_status":"closed","ping_status":"closed","template":"","meta":{"footnotes":""},"class_list":["post-58","page","type-page","status-publish","hentry"],"_links":{"self":[{"href":"https:\/\/wordpress.nibis.de\/awobs\/wp-json\/wp\/v2\/pages\/58","targetHints":{"allow":["GET"]}}],"collection":[{"href":"https:\/\/wordpress.nibis.de\/awobs\/wp-json\/wp\/v2\/pages"}],"about":[{"href":"https:\/\/wordpress.nibis.de\/awobs\/wp-json\/wp\/v2\/types\/page"}],"author":[{"embeddable":true,"href":"https:\/\/wordpress.nibis.de\/awobs\/wp-json\/wp\/v2\/users\/760"}],"replies":[{"embeddable":true,"href":"https:\/\/wordpress.nibis.de\/awobs\/wp-json\/wp\/v2\/comments?post=58"}],"version-history":[{"count":28,"href":"https:\/\/wordpress.nibis.de\/awobs\/wp-json\/wp\/v2\/pages\/58\/revisions"}],"predecessor-version":[{"id":4077,"href":"https:\/\/wordpress.nibis.de\/awobs\/wp-json\/wp\/v2\/pages\/58\/revisions\/4077"}],"wp:attachment":[{"href":"https:\/\/wordpress.nibis.de\/awobs\/wp-json\/wp\/v2\/media?parent=58"}],"curies":[{"name":"wp","href":"https:\/\/api.w.org\/{rel}","templated":true}]}}