{"id":692,"date":"2015-12-02T21:48:40","date_gmt":"2015-12-02T20:48:40","guid":{"rendered":"http:\/\/wordpress.nibis.de\/awobs\/?page_id=692"},"modified":"2020-12-10T13:04:10","modified_gmt":"2020-12-10T12:04:10","slug":"elternbriefe","status":"publish","type":"page","link":"https:\/\/wordpress.nibis.de\/awobs\/elternbriefe\/","title":{"rendered":"Elternbriefe"},"content":{"rendered":"<p style=\"text-align: center\"><img loading=\"lazy\" decoding=\"async\" class=\"size-thumbnail wp-image-696 alignleft\" src=\"http:\/\/wordpress.nibis.de\/awobs\/files\/2015\/12\/Informationsangebote-150x150.jpg\" alt=\"Informationsangebote\" width=\"150\" height=\"150\" \/><\/p>\n<p>In diesem Infoarchiv finden Sie die versendeten Elternbriefe zum Herunterladen.<br \/><span style=\"font-size: 10pt\">Wir h\u00f6ren immer wieder von Eltern, dass sie von unseren Informationen nicht erreicht werden.<\/span><br \/><span style=\"font-size: 10pt\">Neben der Nutzung des Internetauftrittes unserer Schule m\u00f6chten wir Ihnen die M\u00f6glichkeit geben, sich unsere Elterninformationen auch als Mail-Newsletter zusenden zu lassen. Dazu ben\u00f6tigen wir lediglich eine Mail von Ihnen, um Ihre Mailadresse in unser Adressverzeichnis eingeben zu k\u00f6nnen. Senden Sie Ihren Wunsch einfach an diese Mailadresse:<a href=\"&#109;&#97;&#x69;l&#116;&#x6f;&#x3a;e&#108;&#x74;&#x65;r&#110;&#x69;&#x6e;f&#111;&#x40;&#x73;c&#104;&#x75;&#x6c;z&#101;&#x6e;t&#114;&#117;&#x6d;-&#100;&#x6f;&#x65;r&#118;&#x65;&#x72;d&#101;&#x6e;&#x2e;d&#101;\"> elterninfo(at)schulzentrum-doerverden.de<\/a>.<\/span><span style=\"font-size: 10pt\"><br \/><\/span><span style=\"font-size: 10pt\">Beachten Sie bitte, dass es sich dabei ausschlie\u00dflich um allgemeine Informationen f\u00fcr alle Eltern unserer Schule handelt. <\/span><span style=\"font-size: 10pt\">Spezielle Informationen \u00fcber Ihr Kind oder die Klasse des Kindes werden Ihnen, wie gewohnt, per Schreiben mitgeteilt und sind nicht Bestandteil dieses Services.<\/span><\/p>\n<p>\u27a1\u00a0\u00a0\u00a0 Elternbrief<a href=\"https:\/\/wordpress.nibis.de\/awobs\/files\/2020\/01\/Elternbrief-Januar-2020.pdf\" target=\"_blank\" rel=\"noopener noreferrer\"> Januar 2020<\/a><\/p>\n<p>\u27a1\u00a0\u00a0\u00a0 Elternbrief<a href=\"https:\/\/wordpress.nibis.de\/awobs\/files\/2020\/04\/Elternbrief-04_2020.pdf\" target=\"_blank\" rel=\"noopener noreferrer\"> April 2020<\/a><\/p>\n<p>\u27a1\u00a0\u00a0\u00a0 Elternbrief<a href=\"https:\/\/wordpress.nibis.de\/awobs\/files\/2020\/05\/Elterninfo-25.05.20.pdf\" target=\"_blank\" rel=\"noopener noreferrer\"> Mai 2020<\/a><\/p>\n<p>\u27a1\u00a0\u00a0\u00a0 Elternbrief<a href=\"https:\/\/wordpress.nibis.de\/awobs\/files\/2020\/09\/Elternbrief-September-2020.pdf\"> September 2020<\/a><\/p>\n<p>\u27a1\u00a0\u00a0\u00a0 Elternbrief <a href=\"https:\/\/wordpress.nibis.de\/awobs\/files\/2020\/10\/Elternbrief-Oktober-2020.pdf\">Oktober 2020<\/a><\/p>\n<p>\u00a0<\/p>\n<p>\u00a0<\/p>\n\n\n<p><\/p>\n","protected":false},"excerpt":{"rendered":"<p>In diesem Infoarchiv finden Sie die versendeten Elternbriefe zum Herunterladen.Wir h\u00f6ren immer wieder von Eltern, dass sie von unseren Informationen nicht erreicht werden.Neben der Nutzung des Internetauftrittes unserer Schule m\u00f6chten wir Ihnen die M\u00f6glichkeit geben, sich unsere Elterninformationen auch als Mail-Newsletter zusenden zu lassen. Dazu ben\u00f6tigen wir lediglich eine Mail von Ihnen, um Ihre Mailadresse [&hellip;]<\/p>\n","protected":false},"author":876,"featured_media":0,"parent":0,"menu_order":0,"comment_status":"closed","ping_status":"closed","template":"","meta":{"footnotes":""},"class_list":["post-692","page","type-page","status-publish","hentry"],"_links":{"self":[{"href":"https:\/\/wordpress.nibis.de\/awobs\/wp-json\/wp\/v2\/pages\/692","targetHints":{"allow":["GET"]}}],"collection":[{"href":"https:\/\/wordpress.nibis.de\/awobs\/wp-json\/wp\/v2\/pages"}],"about":[{"href":"https:\/\/wordpress.nibis.de\/awobs\/wp-json\/wp\/v2\/types\/page"}],"author":[{"embeddable":true,"href":"https:\/\/wordpress.nibis.de\/awobs\/wp-json\/wp\/v2\/users\/876"}],"replies":[{"embeddable":true,"href":"https:\/\/wordpress.nibis.de\/awobs\/wp-json\/wp\/v2\/comments?post=692"}],"version-history":[{"count":52,"href":"https:\/\/wordpress.nibis.de\/awobs\/wp-json\/wp\/v2\/pages\/692\/revisions"}],"predecessor-version":[{"id":4133,"href":"https:\/\/wordpress.nibis.de\/awobs\/wp-json\/wp\/v2\/pages\/692\/revisions\/4133"}],"wp:attachment":[{"href":"https:\/\/wordpress.nibis.de\/awobs\/wp-json\/wp\/v2\/media?parent=692"}],"curies":[{"name":"wp","href":"https:\/\/api.w.org\/{rel}","templated":true}]}}