{"id":70,"date":"2015-08-27T14:31:07","date_gmt":"2015-08-27T12:31:07","guid":{"rendered":"http:\/\/wordpress.nibis.de\/awobs\/?page_id=70"},"modified":"2025-10-09T18:47:03","modified_gmt":"2025-10-09T16:47:03","slug":"ganztagsschule","status":"publish","type":"page","link":"https:\/\/wordpress.nibis.de\/awobs\/ganztagsschule\/","title":{"rendered":"Wir sind eine Ganztagsschule"},"content":{"rendered":"\n<h4>Nachmittagsangebote finden\u00a0an drei Tagen in der Woche statt (Montag, Dienstag, Mittwoch).<\/h4>\n<p><em>Theater, Musik, Kunst, Sport, Sch\u00fclerzeitung, Billard, Kicker, Kochen, Backen, Hausaufgaben und vieles mehr<\/em><\/p>\n<p><u>Ablauf:<\/u><\/p>\n<p>13.15 Uhr Mittagessen in der Mensa (3,50 \u20ac)<\/p>\n<p>13.30 Uhr Spiele-Ausgabe f\u00fcr eine aktive Pause<br \/><br \/>14.00 Uhr Beginn der Arbeitsgemeinschaften<\/p>\n<p>15.30 Uhr Schulschluss<br \/><br \/><\/p>\n<p><strong>Ausk\u00fcnfte zum Ganztagsprogramm erteilt:<\/strong><\/p>\n<p>Oliver Schaal, Didaktischer Leiter, Telefon (0 42 34) 10 34<\/p>\n<p>\u00a0<\/p>\n\n\n\n<div class=\"wp-block-image\"><figure class=\"aligncenter size-large is-resized\"><img loading=\"lazy\" decoding=\"async\" src=\"https:\/\/wordpress.nibis.de\/awobs\/files\/2023\/08\/20230831_Tanz_AG_Alkaledi-450x600.jpg\" alt=\"\" class=\"wp-image-5060\" width=\"500\" height=\"667\" srcset=\"https:\/\/wordpress.nibis.de\/awobs\/files\/2023\/08\/20230831_Tanz_AG_Alkaledi-450x600.jpg 450w, https:\/\/wordpress.nibis.de\/awobs\/files\/2023\/08\/20230831_Tanz_AG_Alkaledi-225x300.jpg 225w, https:\/\/wordpress.nibis.de\/awobs\/files\/2023\/08\/20230831_Tanz_AG_Alkaledi-768x1024.jpg 768w, https:\/\/wordpress.nibis.de\/awobs\/files\/2023\/08\/20230831_Tanz_AG_Alkaledi-1152x1536.jpg 1152w, https:\/\/wordpress.nibis.de\/awobs\/files\/2023\/08\/20230831_Tanz_AG_Alkaledi-rotated.jpg 1512w\" sizes=\"auto, (max-width: 500px) 100vw, 500px\" \/><figcaption><strong>Sch\u00fclerinnen und Sch\u00fcler trainieren dienstags mit Tanztrainerin Susanne Al-Kaledi in der Arbeitsgemeinschaft &#8222;Orientalischer Tanz f\u00fcr M\u00e4dchen&#8220;.<\/strong><\/figcaption><\/figure><\/div>\n\n\n\n<div class=\"wp-block-image\"><figure class=\"aligncenter size-large\"><img loading=\"lazy\" decoding=\"async\" width=\"560\" height=\"600\" src=\"https:\/\/wordpress.nibis.de\/awobs\/files\/2023\/08\/20230831_Zeichnung_KunstAG_DiKeck-560x600.jpg\" alt=\"\" class=\"wp-image-5061\" srcset=\"https:\/\/wordpress.nibis.de\/awobs\/files\/2023\/08\/20230831_Zeichnung_KunstAG_DiKeck-560x600.jpg 560w, https:\/\/wordpress.nibis.de\/awobs\/files\/2023\/08\/20230831_Zeichnung_KunstAG_DiKeck-280x300.jpg 280w, https:\/\/wordpress.nibis.de\/awobs\/files\/2023\/08\/20230831_Zeichnung_KunstAG_DiKeck-768x823.jpg 768w, https:\/\/wordpress.nibis.de\/awobs\/files\/2023\/08\/20230831_Zeichnung_KunstAG_DiKeck.jpg 1223w\" sizes=\"auto, (max-width: 560px) 100vw, 560px\" \/><figcaption><strong>Um das Thema &#8222;Zeichnen&#8220; geht es in der Kunst-AG der Verdener K\u00fcnstlerin Belinda Di Keck &#8211; jeden Mittwoch in der Ganztagsschule.<\/strong><\/figcaption><\/figure><\/div>\n\n\n\n<div class=\"wp-block-image\"><figure class=\"aligncenter size-large\"><img loading=\"lazy\" decoding=\"async\" width=\"800\" height=\"569\" src=\"https:\/\/wordpress.nibis.de\/awobs\/files\/2023\/08\/20230831_Gruppenfoto_AGleiter-800x569.jpg\" alt=\"\" class=\"wp-image-5066\" srcset=\"https:\/\/wordpress.nibis.de\/awobs\/files\/2023\/08\/20230831_Gruppenfoto_AGleiter-800x569.jpg 800w, https:\/\/wordpress.nibis.de\/awobs\/files\/2023\/08\/20230831_Gruppenfoto_AGleiter-300x213.jpg 300w, https:\/\/wordpress.nibis.de\/awobs\/files\/2023\/08\/20230831_Gruppenfoto_AGleiter-768x546.jpg 768w, https:\/\/wordpress.nibis.de\/awobs\/files\/2023\/08\/20230831_Gruppenfoto_AGleiter-1536x1092.jpg 1536w, https:\/\/wordpress.nibis.de\/awobs\/files\/2023\/08\/20230831_Gruppenfoto_AGleiter.jpg 1689w\" sizes=\"auto, (max-width: 800px) 100vw, 800px\" \/><figcaption><strong>Lehrkr\u00e4fte und Dozenten arbeiten im Nachmittagsbereich der Aller-Weser-Oberschule D\u00f6rverden eng zusammen und bieten insgesamt 38 Arbeitsgemeinschaften an.<\/strong><\/figcaption><\/figure><\/div>\n\n\n","protected":false},"excerpt":{"rendered":"<p>Nachmittagsangebote finden\u00a0an drei Tagen in der Woche statt (Montag, Dienstag, Mittwoch). Theater, Musik, Kunst, Sport, Sch\u00fclerzeitung, Billard, Kicker, Kochen, Backen, Hausaufgaben und vieles mehr Ablauf: 13.15 Uhr Mittagessen in der Mensa (3,50 \u20ac) 13.30 Uhr Spiele-Ausgabe f\u00fcr eine aktive Pause 14.00 Uhr Beginn der Arbeitsgemeinschaften 15.30 Uhr Schulschluss Ausk\u00fcnfte zum Ganztagsprogramm erteilt: Oliver Schaal, Didaktischer [&hellip;]<\/p>\n","protected":false},"author":760,"featured_media":0,"parent":0,"menu_order":0,"comment_status":"closed","ping_status":"closed","template":"","meta":{"footnotes":""},"class_list":["post-70","page","type-page","status-publish","hentry"],"_links":{"self":[{"href":"https:\/\/wordpress.nibis.de\/awobs\/wp-json\/wp\/v2\/pages\/70","targetHints":{"allow":["GET"]}}],"collection":[{"href":"https:\/\/wordpress.nibis.de\/awobs\/wp-json\/wp\/v2\/pages"}],"about":[{"href":"https:\/\/wordpress.nibis.de\/awobs\/wp-json\/wp\/v2\/types\/page"}],"author":[{"embeddable":true,"href":"https:\/\/wordpress.nibis.de\/awobs\/wp-json\/wp\/v2\/users\/760"}],"replies":[{"embeddable":true,"href":"https:\/\/wordpress.nibis.de\/awobs\/wp-json\/wp\/v2\/comments?post=70"}],"version-history":[{"count":69,"href":"https:\/\/wordpress.nibis.de\/awobs\/wp-json\/wp\/v2\/pages\/70\/revisions"}],"predecessor-version":[{"id":5778,"href":"https:\/\/wordpress.nibis.de\/awobs\/wp-json\/wp\/v2\/pages\/70\/revisions\/5778"}],"wp:attachment":[{"href":"https:\/\/wordpress.nibis.de\/awobs\/wp-json\/wp\/v2\/media?parent=70"}],"curies":[{"name":"wp","href":"https:\/\/api.w.org\/{rel}","templated":true}]}}