{"id":74,"date":"2015-08-27T14:32:24","date_gmt":"2015-08-27T12:32:24","guid":{"rendered":"http:\/\/wordpress.nibis.de\/awobs\/?page_id=74"},"modified":"2023-08-31T10:48:46","modified_gmt":"2023-08-31T08:48:46","slug":"mensa","status":"publish","type":"page","link":"https:\/\/wordpress.nibis.de\/awobs\/mensa\/","title":{"rendered":"Mensa"},"content":{"rendered":"<h2>Unser Essen &#8211; g\u00fcnstig, lecker, maximal flexibel<\/h2>\n<p>Sch\u00fclerinnen und Sch\u00fcler k\u00f6nnen t\u00e4glich entscheiden, ob sie essen m\u00f6chten oder nicht und aus verschiedenen Gerichten ausw\u00e4hlen.<\/p>\n<p>Der Verkauf der Essens-Tickets findet montags bis mittwochs um 11.25 Uhr (2. gro\u00dfe Pause) in der Mensa statt.<\/p>\n<p>Verschiedene leckere Gerichte stehen zur Auswahl &#8211; erg\u00e4nzt durch Salat, Dessert und Mineralwasser (kostenlos).<\/p>\n<p>Preis: 3,50 \u20ac<\/p>\n<p>Mensa-Leitung: Sabine Bold.<\/p>\n<p><strong>Wir w\u00fcnschen guten Appetit!<\/strong><\/p>\n","protected":false},"excerpt":{"rendered":"<p>Unser Essen &#8211; g\u00fcnstig, lecker, maximal flexibel Sch\u00fclerinnen und Sch\u00fcler k\u00f6nnen t\u00e4glich entscheiden, ob sie essen m\u00f6chten oder nicht und aus verschiedenen Gerichten ausw\u00e4hlen. Der Verkauf der Essens-Tickets findet montags bis mittwochs um 11.25 Uhr (2. gro\u00dfe Pause) in der Mensa statt. Verschiedene leckere Gerichte stehen zur Auswahl &#8211; erg\u00e4nzt durch Salat, Dessert und Mineralwasser [&hellip;]<\/p>\n","protected":false},"author":760,"featured_media":0,"parent":0,"menu_order":0,"comment_status":"closed","ping_status":"closed","template":"","meta":{"footnotes":""},"class_list":["post-74","page","type-page","status-publish","hentry"],"_links":{"self":[{"href":"https:\/\/wordpress.nibis.de\/awobs\/wp-json\/wp\/v2\/pages\/74","targetHints":{"allow":["GET"]}}],"collection":[{"href":"https:\/\/wordpress.nibis.de\/awobs\/wp-json\/wp\/v2\/pages"}],"about":[{"href":"https:\/\/wordpress.nibis.de\/awobs\/wp-json\/wp\/v2\/types\/page"}],"author":[{"embeddable":true,"href":"https:\/\/wordpress.nibis.de\/awobs\/wp-json\/wp\/v2\/users\/760"}],"replies":[{"embeddable":true,"href":"https:\/\/wordpress.nibis.de\/awobs\/wp-json\/wp\/v2\/comments?post=74"}],"version-history":[{"count":15,"href":"https:\/\/wordpress.nibis.de\/awobs\/wp-json\/wp\/v2\/pages\/74\/revisions"}],"predecessor-version":[{"id":5065,"href":"https:\/\/wordpress.nibis.de\/awobs\/wp-json\/wp\/v2\/pages\/74\/revisions\/5065"}],"wp:attachment":[{"href":"https:\/\/wordpress.nibis.de\/awobs\/wp-json\/wp\/v2\/media?parent=74"}],"curies":[{"name":"wp","href":"https:\/\/api.w.org\/{rel}","templated":true}]}}