{"id":914,"date":"2021-02-05T10:55:00","date_gmt":"2021-02-05T09:55:00","guid":{"rendered":"http:\/\/wordpress.nibis.de\/awobs\/?page_id=914"},"modified":"2021-02-05T11:32:28","modified_gmt":"2021-02-05T10:32:28","slug":"hinweise-zu-witterungsbedingten-unterrichtsausfaellen","status":"publish","type":"page","link":"https:\/\/wordpress.nibis.de\/awobs\/hinweise-zu-witterungsbedingten-unterrichtsausfaellen\/","title":{"rendered":"Hinweise zu witterungsbedingten Unterrichtsausf\u00e4llen"},"content":{"rendered":"<div class=\"entry-content\">\n<p><a href=\"http:\/\/wordpress.nibis.de\/awobs\/glaette-jpg\/\" rel=\"attachment wp-att-844\"><img loading=\"lazy\" decoding=\"async\" class=\"alignleft wp-image-844\" src=\"http:\/\/wordpress.nibis.de\/awobs\/files\/2016\/01\/glaette.jpg.gif\" alt=\"glaette.jpg\" width=\"126\" height=\"117\" \/><\/a><\/p>\n<p>Eisregen, pl\u00f6tzliche Stra\u00dfengl\u00e4tte, Schneechaos oder ein verheerendes Orkantief \u2013 alles F\u00e4lle, die eine schnelle Entscheidung \u00fcber einen Unterrichtsausfall an den Schulen im Landkreis Verden erforderlich machen k\u00f6nnen.<\/p>\n<div id=\"nolis_content_site\">\n<div class=\"print_href print_abbr\">\n<div class=\"template1\">\n<div class=\"platz platz1\">\n<div class=\"rahmen\">\n<div class=\"innen\">\n<p class=\"bodytext\">Grunds\u00e4tzlich gilt, dass Eltern, die eine unzumutbare Gef\u00e4hrdung ihrer Kinder auf dem Schulweg durch extreme Witterungsverh\u00e4ltnisse bef\u00fcrchten, ihre Kinder auch dann zu Hause behalten oder vorzeitig vom Unterricht abholen k\u00f6nnen, wenn kein genereller Unterrichtsausfall angeordnet worden ist.<\/p>\n<\/div>\n<\/div>\n<\/div>\n<\/div>\n<\/div>\n<\/div>\n<p class=\"bodytext\">Die Schulen gew\u00e4hrleisten f\u00fcr Sch\u00fclerinnen und Sch\u00fcler, die trotz des angeordneten Unterrichtsausfalls zur Schule kommen, die Betreuung.<\/p>\n<p class=\"bodytext\">Bitte bedenken Sie, dass bei extremen Wetterverh\u00e4ltnissen die Sch\u00fclerbef\u00f6rderung eingeschr\u00e4nkt oder versp\u00e4tet sein kann und w\u00e4gen Sie auch hier eine zumutbare Gef\u00e4hrdung Ihres Kindes selber ab.<\/p>\n<div id=\"nolis_content_site\">\n<div class=\"print_href print_abbr\">\n<div class=\"template1\">\n<div class=\"platz platz1\">\n<div class=\"rahmen\">\n<div class=\"innen\">\n<p>Grunds\u00e4tzlich gilt, dass der Landkreis \u00fcber einen eventuellen Unterrichtsausfall und die damit verbundene Einstellung der Sch\u00fclerbef\u00f6rderung entscheidet. Entsprechende <strong>Meldungen f\u00fcr den Landkreis Verden<\/strong> werden von <strong>allen nieders\u00e4chsischen Rundfunkanstalten und von Radio Bremen<\/strong> gesendet. Erfolgen keine Ansagen im Rundfunk, finden sowohl der Unterricht als auch die Sch\u00fclerbef\u00f6rderung statt.<\/p>\n<p>Neben den Rundfunkdurchsagen werden Schulausfallmeldungen auch auf der Internetseite der <a class=\"link_katalog\" title=\"Verkehrsmanagementzentrale Niedersachsen (http:\/\/www.vmz-niedersachsen.de)\" href=\"http:\/\/www.vmz-niedersachsen.de\" target=\"_blank\" rel=\"noopener noreferrer\">Verkehrsmanagementzentrale Niedersachsen<\/a> ver\u00f6ffentlicht.<br \/>\n<span id=\"more-810\"><\/span><br \/>\nZus\u00e4tzlich informiert der Landkreis\u00a0auch \u00fcber seinen <a class=\"link_katalog\" title=\"Twitter LandkreisVerden (http:\/\/www.twitter.com\/LandkreisVerden)\" href=\"http:\/\/www.twitter.com\/LandkreisVerden\" target=\"_blank\" rel=\"noopener noreferrer\">Twitter Feed<\/a> sowie \u00fcber die so genannte <strong>\u201eBIWAPP\u201c<\/strong>.\u00a0 <a href=\"https:\/\/www.landkreis-verden.de\/buergerservice-landkreis-politik\/buergerservice\/biwapp-buerger-info-warn-app\/\">Infos dazu hier.<\/a><\/p>\n<table border=\"0\" align=\"left\">\n<tbody>\n<tr>\n<td style=\"width: 274.233px\"><\/td>\n<td style=\"width: 267.767px\" align=\"left\" valign=\"top\"><\/td>\n<\/tr>\n<\/tbody>\n<\/table>\n<\/div>\n<\/div>\n<\/div>\n<\/div>\n<\/div>\n<\/div>\n<\/div>\n<div class=\"entry-utility\">Dieser Beitrag wurde unter <a href=\"http:\/\/wordpress.nibis.de\/awobs\/category\/allgemein\/\" rel=\"category tag\">Allgemein<\/a> ver\u00f6ffentlicht. Setze ein Lesezeichen auf den <a title=\"Permalink zu Info: Hinweise zu witterungsbedingten Unterrichtsausf\u00e4llen\" href=\"http:\/\/wordpress.nibis.de\/awobs\/info-hinweise-zu-witterungsbedingten-unterrichtsausfaellen\/\" rel=\"bookmark\">Permalink<\/a>. <span class=\"edit-link\"><a class=\"post-edit-link\" href=\"http:\/\/wordpress.nibis.de\/awobs\/wp-admin\/post.php?post=810&amp;action=edit\">Bearbeiten<\/a><\/span><\/div>\n","protected":false},"excerpt":{"rendered":"<p>Eisregen, pl\u00f6tzliche Stra\u00dfengl\u00e4tte, Schneechaos oder ein verheerendes Orkantief \u2013 alles F\u00e4lle, die eine schnelle Entscheidung \u00fcber einen Unterrichtsausfall an den Schulen im Landkreis Verden erforderlich machen k\u00f6nnen. Grunds\u00e4tzlich gilt, dass Eltern, die eine unzumutbare Gef\u00e4hrdung ihrer Kinder auf dem Schulweg durch extreme Witterungsverh\u00e4ltnisse bef\u00fcrchten, ihre Kinder auch dann zu Hause behalten oder vorzeitig vom Unterricht [&hellip;]<\/p>\n","protected":false},"author":760,"featured_media":0,"parent":0,"menu_order":0,"comment_status":"closed","ping_status":"closed","template":"","meta":{"footnotes":""},"class_list":["post-914","page","type-page","status-publish","hentry"],"_links":{"self":[{"href":"https:\/\/wordpress.nibis.de\/awobs\/wp-json\/wp\/v2\/pages\/914","targetHints":{"allow":["GET"]}}],"collection":[{"href":"https:\/\/wordpress.nibis.de\/awobs\/wp-json\/wp\/v2\/pages"}],"about":[{"href":"https:\/\/wordpress.nibis.de\/awobs\/wp-json\/wp\/v2\/types\/page"}],"author":[{"embeddable":true,"href":"https:\/\/wordpress.nibis.de\/awobs\/wp-json\/wp\/v2\/users\/760"}],"replies":[{"embeddable":true,"href":"https:\/\/wordpress.nibis.de\/awobs\/wp-json\/wp\/v2\/comments?post=914"}],"version-history":[{"count":6,"href":"https:\/\/wordpress.nibis.de\/awobs\/wp-json\/wp\/v2\/pages\/914\/revisions"}],"predecessor-version":[{"id":4176,"href":"https:\/\/wordpress.nibis.de\/awobs\/wp-json\/wp\/v2\/pages\/914\/revisions\/4176"}],"wp:attachment":[{"href":"https:\/\/wordpress.nibis.de\/awobs\/wp-json\/wp\/v2\/media?parent=914"}],"curies":[{"name":"wp","href":"https:\/\/api.w.org\/{rel}","templated":true}]}}