{"id":92,"date":"2015-08-27T14:45:38","date_gmt":"2015-08-27T12:45:38","guid":{"rendered":"http:\/\/wordpress.nibis.de\/awobs\/?page_id=92"},"modified":"2024-11-28T10:12:33","modified_gmt":"2024-11-28T09:12:33","slug":"schulsozialarbeit","status":"publish","type":"page","link":"https:\/\/wordpress.nibis.de\/awobs\/schulsozialarbeit\/","title":{"rendered":"Schulsozialarbeit"},"content":{"rendered":"<p>Mein Name ist Markus Gohde, ich bin Schulsozialarbeiter an der Aller-Weser Oberschule in<br \/>\nD\u00f6rverden. Schulsozialarbeit gilt als sozialp\u00e4dagogisches Unterst\u00fctzungsangebot in der<br \/>\nSchule. Sie richtet sich an alle Kinder, Jugendlichen und Erwachsenen. Zu den Aufgaben<br \/>\ngeh\u00f6ren:<\/p>\n<p><img loading=\"lazy\" decoding=\"async\" class=\"alignleft\" src=\"https:\/\/wordpress.nibis.de\/awobs\/files\/2024\/10\/markus-gohde.1024x1024.jpg\" alt=\"\" width=\"293\" height=\"293\" \/>\u2022 Beratung und Begleitung von Sch\u00fcler*innen<br \/>\n\u2022 Unterst\u00fctzung in Einzelf\u00e4llen<br \/>\n\u2022 Sozialp\u00e4dagogische Gruppenarbeit<br \/>\n\u2022 Offene Gespr\u00e4chs-, Kontakt- und Freizeitangebote<br \/>\n\u2022 Mitwirkung in Unterrichtsprojekten \/ bei Veranstaltungen<br \/>\n\u2022 Unterst\u00fctzung in schulischen Gremien<br \/>\n\u2022 Zusammenarbeit mit und Beratung der Lehrkr\u00e4fte<br \/>\n\u2022 Gespr\u00e4chsangebote f\u00fcr Bezugserwachsene<br \/>\n\u2022 Offene Angebote<br \/>\n\u2022 Ganztagsschule<br \/>\n\u2022 Netzwerkarbeit<br \/>\n\u2022 \u2026<\/p>\n<p><strong>Sch\u00fclerinnen und Sch\u00fcler werden unterst\u00fctzt und beraten bei:<\/strong><br \/>\n\u2022 \u00c4rger mit den Eltern, Betreuern oder Freunden<br \/>\n\u2022 Fragen zum Praktikumsplatz oder der Ausbildungsstelle<br \/>\n\u2022 Beziehungsstress<br \/>\n\u2022 Schwierigkeiten in der Schule<br \/>\n\u2022 Mobbing und \u00c4ngsten<br \/>\n\u2022 \u2026<br \/>\nWir suchen gemeinsam nach L\u00f6sungen in Einzelgespr\u00e4chen, in der Gruppe oder in<br \/>\ngemeinsamen Treffen mit den Erziehungsberechtigten und den Lehrkr\u00e4ften.<br \/>\n<strong>Wichtig f\u00fcr dich, Schulsozialarbeit unterliegt der Schweigepflicht. Das bedeutet, ich<\/strong><br \/>\n<strong>behalte das, was du mir im Vertrauen erz\u00e4hlst f\u00fcr mich. Es gibt wenige Ausnahmen,<\/strong><br \/>\n<strong>dar\u00fcber kl\u00e4re ich dich vor unserem Gespr\u00e4ch auf.<\/strong><\/p>\n<p><strong>Erziehungsberechtigte werden unterst\u00fctzt und beraten zu:<\/strong><br \/>\n\u2022 Erziehungsthemen<br \/>\n\u2022 Unterst\u00fctzungsleistungen au\u00dferhalb der Schule<br \/>\n\u2022 Themen in der Familie wie Trennung der Eltern, Patchwork etc.<br \/>\n\u2022 \u2026<br \/>\nWir tauschen uns aus in Einzelgespr\u00e4chen, im Elternkaffee oder in gemeinsamen<br \/>\nGespr\u00e4chen mit weiteren Beteiligten.<\/p>\n<p><strong>Lehrkr\u00e4fte, Sch\u00fclerassistent*innen, die Schulleitung und p\u00e4dagogische<\/strong><br \/>\n<strong>Mitarbeiter*innen werden beraten und unterst\u00fctzt zu folgenden Themen:<\/strong><br \/>\n\u2022 Projektarbeit<br \/>\n\u2022 Klassenkonferenzen<br \/>\n\u2022 Gemeinschaftsveranstaltungen<br \/>\n\u2022 Dienstbesprechungen<br \/>\n\u2022 Elterngespr\u00e4chen<br \/>\n\u2022 Ganztagsangebot<br \/>\n\u2022 Klassengemeinschaft<br \/>\n\u2022 \u2026<br \/>\n<strong>Erreichbarkeit<\/strong><br \/>\nE-Mail: &#109;&#x61;&#114;&#x6b;u&#x73;&#46;&#103;&#x6f;&#104;&#x64;e&#x40;s&#99;&#x68;&#117;&#x6c;z&#x65;n&#116;&#x72;&#117;&#x6d;-&#x64;o&#101;&#x72;&#118;&#x65;r&#x64;e&#110;&#x2e;&#100;&#x65;<br \/>\nTelefon: 04234-1034<br \/>\nAu\u00dferdem haben die Sch\u00fcler*innen, denen es schwerf\u00e4llt, mich in der Schule<br \/>\nanzusprechen, die M\u00f6glichkeit, mich \u00fcber das Diensthandy Schulsozialarbeit<br \/>\nbeispielsweise per Messenger zu kontaktieren:<br \/>\nMobil: 015562 656533<\/p>\n<p><strong>\u00a0<\/strong><\/p>\n<p><strong>\u00a0<\/strong><\/p>\n<p><strong>\u00a0<\/strong><\/p>\n<p><strong>\u00a0<\/strong><\/p>\n<p><strong>\u00a0<\/strong><\/p>\n<p><strong>\u00a0<\/strong><\/p>\n<p><strong>\u00a0<\/strong><\/p>\n","protected":false},"excerpt":{"rendered":"<p>Mein Name ist Markus Gohde, ich bin Schulsozialarbeiter an der Aller-Weser Oberschule in D\u00f6rverden. Schulsozialarbeit gilt als sozialp\u00e4dagogisches Unterst\u00fctzungsangebot in der Schule. Sie richtet sich an alle Kinder, Jugendlichen und Erwachsenen. Zu den Aufgaben geh\u00f6ren: \u2022 Beratung und Begleitung von Sch\u00fcler*innen \u2022 Unterst\u00fctzung in Einzelf\u00e4llen \u2022 Sozialp\u00e4dagogische Gruppenarbeit \u2022 Offene Gespr\u00e4chs-, Kontakt- und Freizeitangebote \u2022 [&hellip;]<\/p>\n","protected":false},"author":760,"featured_media":0,"parent":0,"menu_order":0,"comment_status":"closed","ping_status":"closed","template":"","meta":{"footnotes":""},"class_list":["post-92","page","type-page","status-publish","hentry"],"_links":{"self":[{"href":"https:\/\/wordpress.nibis.de\/awobs\/wp-json\/wp\/v2\/pages\/92","targetHints":{"allow":["GET"]}}],"collection":[{"href":"https:\/\/wordpress.nibis.de\/awobs\/wp-json\/wp\/v2\/pages"}],"about":[{"href":"https:\/\/wordpress.nibis.de\/awobs\/wp-json\/wp\/v2\/types\/page"}],"author":[{"embeddable":true,"href":"https:\/\/wordpress.nibis.de\/awobs\/wp-json\/wp\/v2\/users\/760"}],"replies":[{"embeddable":true,"href":"https:\/\/wordpress.nibis.de\/awobs\/wp-json\/wp\/v2\/comments?post=92"}],"version-history":[{"count":25,"href":"https:\/\/wordpress.nibis.de\/awobs\/wp-json\/wp\/v2\/pages\/92\/revisions"}],"predecessor-version":[{"id":5495,"href":"https:\/\/wordpress.nibis.de\/awobs\/wp-json\/wp\/v2\/pages\/92\/revisions\/5495"}],"wp:attachment":[{"href":"https:\/\/wordpress.nibis.de\/awobs\/wp-json\/wp\/v2\/media?parent=92"}],"curies":[{"name":"wp","href":"https:\/\/api.w.org\/{rel}","templated":true}]}}