{"id":101,"date":"2023-06-13T11:13:57","date_gmt":"2023-06-13T09:13:57","guid":{"rendered":"https:\/\/wordpress.nibis.de\/barrierefreiheit\/?page_id=101"},"modified":"2025-02-13T10:45:12","modified_gmt":"2025-02-13T09:45:12","slug":"der-aufbau-ihrer-seite","status":"publish","type":"page","link":"https:\/\/wordpress.nibis.de\/barrierefreiheit\/der-aufbau-ihrer-seite\/","title":{"rendered":"Die Website konfigurieren"},"content":{"rendered":"\n<h2 class=\"wp-block-heading\">Einstellungen<\/h2>\n\n\n\n<p>Um Ihre Seite von Anfang an m\u00f6glichst barrierefrei zu gestalten, nehmen Sie bitte einige Grundeinstellungen vor:<\/p>\n\n\n\n<ol class=\"wp-block-list\"><li>Zu den statischen Seiten, die Sie auf jeden Fall einrichten, geh\u00f6rt neben den unter den <a href=\"https:\/\/wordpress.nibis.de\/barrierefreiheit\/rechtsvorgaben\/\">rechtlichen Vorgaben<\/a> angef\u00fchrten Seiten die Seite &#8222;Leichte Sprache&#8220;. Bieten Sie diese oben auf der rechten Seite den Bereich Leichte Sprache an. Weitere Informationen zu dieser Sprachform und zum Inhalts dieses Bereichs finden Sie auf der Seite <a href=\"https:\/\/wordpress.nibis.de\/barrierefreiheit\/einfache-und-leichte-sprache\/\" data-type=\"page\" data-id=\"26\">&#8222;Einfache und Leichte Sprache&#8220;<\/a>. <\/li><li>Lassen Sie vom NiBiS-Rechenzentrum das Plugin Hurrakify aktivieren. Die Wirkung dieses Plugins k\u00f6nnen Sie auf dieser Seite sehen: Einige W\u00f6rter werden mit unterbrochen Linien unterstrichen. Fahren Sie mit der Maus \u00fcber ein solches Wort, l\u00e4d eine Erkl\u00e4rung  in einer Sprechblase. <strong>Da Hurrakify automatisch W\u00f6rter erkennt, die in dem hinterlegten W\u00f6rterbuch stehen, kann es nie die Qualit\u00e4t einer \u00dcbersetzung in Leichte Sprache erreichen oder eine solche ersetzen.<\/strong> Dieses Plugin ist daher eher geeignet, um Seiten in Leichter Sprache zu erg\u00e4nzen.<\/li><li>Nutzen und gehen Sie die vielen Einstellungen von WP Accesibility durch, das das NiBiS-Rechenzentrum momentan noch auf Anfrage f\u00fcr Sie im Angebot hat. Hier ist empfehlenswert, folgende Einstellungen aktiviert zu haben:<ol><li>die Barrierefreiheit-Werkzeugleiste, die den Leserinnen und Lesern zus\u00e4tzliche Einstellungen erm\u00f6glicht, sofern ihr Browser diese nicht automatisch anbietet,<\/li><li>einige allgemeine Probleme automatisch zu l\u00f6sen,<\/li><li>die lange Beschreibung von Bildern in den Accessibility Features zu aktivieren.<\/li><li>Zudem bietet das Tool WP Accessibility Ihnen die M\u00f6glichkeit, den Farb-Kontrast zu testen und andere administrative Tools zu nutzen wie einen Test des CSS.<\/li><\/ol><\/li><li>Versehen Sie die Fu\u00dfleiste bzw. das Seiten- oder Widget-Men\u00fc wie hier idealerweise neben der allgemeinen Kontaktadresse mit folgenden Kontaktm\u00f6glichkeiten:<ol><li>Ein Button zum Melden von Barrieren<\/li><li>Ein <a href=\"https:\/\/wordpress.nibis.de\/barrierefreiheit\/kontaktfelder-konfigurieren\/\" data-type=\"page\" data-id=\"447\">Kontaktfeld <\/a>zum Anfragen von \u00dcbersetzungen in Leichte Sprache \/ Geb\u00e4rdensprache<\/li><li>Und: Binden Sie doch zus\u00e4tzlich noch die M\u00f6glichkeit ins <a href=\"https:\/\/wordpress.nibis.de\/barrierefreiheit\/kontaktfelder-konfigurieren\/\" data-type=\"page\" data-id=\"447\">Kontaktformular <\/a>mit ein, dass Geh\u00f6rlose gleich ein verdolmetschtes Gespr\u00e4ch verabreden k\u00f6nnen.  Der <a rel=\"noreferrer noopener\" href=\"https:\/\/www.tess-relay-dienste.de\/dienste\/tesign\" target=\"_blank\">entsprechende Dienst &#8222;Tess&#8220;<\/a>, der dies anbietet, wird von der Bundesnetzagentur gef\u00f6rdert.<\/li><\/ol><\/li><\/ol>\n\n\n\n<p><\/p>\n\n\n\n<h2 class=\"wp-block-heading\">Tipps und Kurzanleitungen<\/h2>\n\n\n<div id=\"faq-259\" class=\"arconix-faq-wrap\"><div id=\"faq-WierichteichdenMenpunkt8222LeichteSprache8220ein\" class=\"arconix-faq-title faq-closed\">Wie richte ich den Men\u00fcpunkt &#8222;Leichte Sprache&#8220; ein?<\/div><div class=\"arconix-faq-content faq-closed\">\r\n<div class=\"wp-block-group has-transparent-background-color has-background tw-shadow\"><div class=\"wp-block-group__inner-container is-layout-flow wp-block-group-is-layout-flow\">\r\n<div class=\"wp-block-group\"><div class=\"wp-block-group__inner-container is-layout-flow wp-block-group-is-layout-flow\">\r\n<h2 class=\"wp-block-heading\">Tipp: Men\u00fcs einrichten<\/h2>\r\n\r\n\r\n\r\n<ol>\r\n<li>Erstellen Sie die n\u00f6tigen Seiten.<\/li>\r\n<li>Ihr Men\u00fc k\u00f6nnen sie unter Design &#8211; Men\u00fcs bearbeiten. Verschieben Sie einfach Ihre Seiten mit der Maus und Sortieren Sie sie so Schritt f\u00fcr Schritt zu einem untergliederten Men\u00fc.<\/li>\r\n<\/ol>\r\n<\/div><\/div>\r\n\r\n\r\n\r\n<div class=\"wp-block-cover is-light has-custom-content-position is-position-center-right\"><img loading=\"lazy\" decoding=\"async\" width=\"1024\" height=\"500\" sizes=\"auto, (max-width: 799px) 200vw, (max-width: 1356px) 100vw, 1356px\" class=\"wp-block-cover__image-background wp-image-105\" src=\"https:\/\/wordpress.nibis.de\/barrierefreiheit\/files\/2023\/06\/grafik-1024x500.png\" alt=\"\" data-object-fit=\"cover\" srcset=\"https:\/\/wordpress.nibis.de\/barrierefreiheit\/files\/2023\/06\/grafik-1024x500.png 1024w, https:\/\/wordpress.nibis.de\/barrierefreiheit\/files\/2023\/06\/grafik-300x146.png 300w, https:\/\/wordpress.nibis.de\/barrierefreiheit\/files\/2023\/06\/grafik-768x375.png 768w, https:\/\/wordpress.nibis.de\/barrierefreiheit\/files\/2023\/06\/grafik.png 1356w\" \/>\r\n<div class=\"wp-block-cover__inner-container is-layout-flow wp-block-cover-is-layout-flow\">\u00a0 \r\n\r\n\u00a0 \r\n\r\n\u00a0 \r\n\r\n\u00a0 \r\n\r\n\u00a0 \r\n\r\n<mark>Im rechten Bereich dieser Ansicht k\u00f6nnen Sie die Men\u00fcstruktur <\/mark> <mark>per Drag and Drop anpassen<\/mark> <\/div>\r\n<\/div>\r\n<\/div><\/div>\r\n<\/div><\/div>\n\n\n<div id=\"faq-263\" class=\"arconix-faq-wrap\"><div id=\"faq-WiebindeichHurrakialsWrterbuchein\" class=\"arconix-faq-title faq-closed\">Wie binde ich Hurraki als W\u00f6rterbuch ein?<\/div><div class=\"arconix-faq-content faq-closed\">\r\n<div class=\"wp-block-group has-transparent-background-color has-background tw-shadow\"><div class=\"wp-block-group__inner-container is-layout-flow wp-block-group-is-layout-flow\">\r\n<div class=\"wp-block-group\"><div class=\"wp-block-group__inner-container is-layout-flow wp-block-group-is-layout-flow\">\r\n<h2 class=\"wp-block-heading\">Tipp: Hurrakify einrichten<\/h2>\r\n\r\n\r\nDie Plugins, darunter auch Hurrakify, finden Sie links im WordPress-Men\u00fc. Wenn die eingestellte Sprache zu der Ihrer Seite passt, werden die Tool-Tipp-Erl\u00e4uterungen mit den Worterkl\u00e4rungen automatisch eingebunden. <\/div><\/div>\r\n\r\n\r\n\r\n<figure class=\"wp-block-image size-large\"><img loading=\"lazy\" decoding=\"async\" width=\"1024\" height=\"772\" class=\"wp-image-206\" src=\"https:\/\/wordpress.nibis.de\/barrierefreiheit\/files\/2023\/07\/grafik-1024x772.png\" alt=\"\" srcset=\"https:\/\/wordpress.nibis.de\/barrierefreiheit\/files\/2023\/07\/grafik-1024x772.png 1024w, https:\/\/wordpress.nibis.de\/barrierefreiheit\/files\/2023\/07\/grafik-300x226.png 300w, https:\/\/wordpress.nibis.de\/barrierefreiheit\/files\/2023\/07\/grafik-768x579.png 768w, https:\/\/wordpress.nibis.de\/barrierefreiheit\/files\/2023\/07\/grafik.png 1162w\" sizes=\"auto, (max-width: 1024px) 100vw, 1024px\" \/><\/figure>\r\n<\/div><\/div>\r\n<\/div><\/div>\n\n\n<div id=\"faq-265\" class=\"arconix-faq-wrap\"><div id=\"faq-WorichteichdieBarrierefreiheitmeinesThemesbesserein\" class=\"arconix-faq-title faq-closed\">Wo richte ich die Barrierefreiheit meines Themes besser ein?<\/div><div class=\"arconix-faq-content faq-closed\">\r\n<div class=\"wp-block-group has-transparent-background-color has-background tw-shadow\"><div class=\"wp-block-group__inner-container is-layout-flow wp-block-group-is-layout-flow\">\r\n<h2>Tipp: WP Accessibility einrichten<\/h2>\r\n<figure class=\"wp-block-image size-large\"><img loading=\"lazy\" decoding=\"async\" width=\"1024\" height=\"671\" class=\"wp-image-210\" src=\"https:\/\/wordpress.nibis.de\/barrierefreiheit\/files\/2023\/07\/grafik-2-1024x671.png\" alt=\"\" srcset=\"https:\/\/wordpress.nibis.de\/barrierefreiheit\/files\/2023\/07\/grafik-2-1024x671.png 1024w, https:\/\/wordpress.nibis.de\/barrierefreiheit\/files\/2023\/07\/grafik-2-300x197.png 300w, https:\/\/wordpress.nibis.de\/barrierefreiheit\/files\/2023\/07\/grafik-2-768x503.png 768w, https:\/\/wordpress.nibis.de\/barrierefreiheit\/files\/2023\/07\/grafik-2.png 1352w\" sizes=\"auto, (max-width: 1024px) 100vw, 1024px\" \/><\/figure>\r\n<\/div><\/div>\r\n<h2><a href=\"http:\/\/Widget: rollstuhlgerechte Orte anzeigen\">Tipp: Widget Wheelmap integrieren<\/a><\/h2>\r\n<\/div><\/div>\n\n\n<div id=\"faq-437\" class=\"arconix-faq-wrap\"><div id=\"faq-WofindeichIconsBilderzurKennzeichnungvonBarrierefreiheitsaspektenfrmeineWebsite\" class=\"arconix-faq-title faq-closed\">Wo finde ich Icons \/ Bilder zur Kennzeichnung von Barrierefreiheitsaspekten f\u00fcr meine Website?<\/div><div class=\"arconix-faq-content faq-closed\"><p>Die Icons \/ Bilder auf folgenden Seiten k\u00f6nnen ohne vorausgehende Pr\u00fcfung \/ Zertifizierung genutzt werden:<\/p>\n<ul>\n<li>Geb\u00e4rdensprache:\n<ul>\n<li>beim Anbieter Fontawesome https:\/\/fontawesome.com\/v5\/icons\/sign-language?f=classic&amp;s=solid<\/li>\n<li>bei der Bundesfachstelle Barrierefreiheit: https:\/\/www.bundesfachstelle-barrierefreiheit.de\/DE\/Fachwissen\/Information-und-Kommunikation\/Logos\/logos_node.html<\/li>\n<\/ul>\n<\/li>\n<li>Leichte Sprache:\n<ul>\n<li>beim Anbieter Fontawesome https:\/\/fontawesome.com\/v5\/icons\/book-reader?f=classic&amp;s=solid<\/li>\n<li>https:\/\/www.uni-hildesheim.de\/leichtesprache\/forschung-und-projekte\/pruefsiegel\/<\/li>\n<li>bei der Bundesfachstelle Barrierefreiheit: https:\/\/www.bundesfachstelle-barrierefreiheit.de\/DE\/Fachwissen\/Information-und-Kommunikation\/Logos\/logos_node.html<\/li>\n<\/ul>\n<\/li>\n<\/ul>\n<\/div><\/div>\n","protected":false},"excerpt":{"rendered":"<p>Einstellungen Um Ihre Seite von Anfang an m\u00f6glichst barrierefrei zu gestalten, nehmen Sie bitte einige Grundeinstellungen vor: Zu den statischen Seiten, die Sie auf jeden Fall einrichten, geh\u00f6rt neben den unter den rechtlichen Vorgaben angef\u00fchrten Seiten die Seite &#8222;Leichte Sprache&#8220;. Bieten Sie diese oben auf der rechten Seite den Bereich Leichte Sprache an. Weitere Informationen&hellip; <a class=\"continue\" href=\"https:\/\/wordpress.nibis.de\/barrierefreiheit\/faq\/wo-finde-ich-icons-bilder-zur-kennzeichnung-von-barrierefreiheitsaspekten-fuer-meine-website\/\">mehr<span> Wo finde ich Icons \/ Bilder zur Kennzeichnung von Barrierefreiheitsaspekten f\u00fcr meine Website?<\/span><\/a><\/p>\n","protected":false},"author":190,"featured_media":0,"parent":0,"menu_order":0,"comment_status":"closed","ping_status":"closed","template":"","meta":{"footnotes":""},"class_list":["post-101","page","type-page","status-publish","hentry"],"_links":{"self":[{"href":"https:\/\/wordpress.nibis.de\/barrierefreiheit\/wp-json\/wp\/v2\/pages\/101","targetHints":{"allow":["GET"]}}],"collection":[{"href":"https:\/\/wordpress.nibis.de\/barrierefreiheit\/wp-json\/wp\/v2\/pages"}],"about":[{"href":"https:\/\/wordpress.nibis.de\/barrierefreiheit\/wp-json\/wp\/v2\/types\/page"}],"author":[{"embeddable":true,"href":"https:\/\/wordpress.nibis.de\/barrierefreiheit\/wp-json\/wp\/v2\/users\/190"}],"replies":[{"embeddable":true,"href":"https:\/\/wordpress.nibis.de\/barrierefreiheit\/wp-json\/wp\/v2\/comments?post=101"}],"version-history":[{"count":32,"href":"https:\/\/wordpress.nibis.de\/barrierefreiheit\/wp-json\/wp\/v2\/pages\/101\/revisions"}],"predecessor-version":[{"id":844,"href":"https:\/\/wordpress.nibis.de\/barrierefreiheit\/wp-json\/wp\/v2\/pages\/101\/revisions\/844"}],"wp:attachment":[{"href":"https:\/\/wordpress.nibis.de\/barrierefreiheit\/wp-json\/wp\/v2\/media?parent=101"}],"curies":[{"name":"wp","href":"https:\/\/api.w.org\/{rel}","templated":true}]}}