{"id":140,"date":"2023-06-16T17:09:01","date_gmt":"2023-06-16T15:09:01","guid":{"rendered":"https:\/\/wordpress.nibis.de\/barrierefreiheit\/?page_id=140"},"modified":"2023-07-14T08:42:09","modified_gmt":"2023-07-14T06:42:09","slug":"das-impressum","status":"publish","type":"page","link":"https:\/\/wordpress.nibis.de\/barrierefreiheit\/das-impressum\/","title":{"rendered":"Das Impressum"},"content":{"rendered":"\n<p>Sie erstellen eine Schulhomepage? Nach \u00a75 TMG m\u00fcssen folgende Angaben in einem Impressum aufgef\u00fchrt werden:<br>\u00bb Land \/ Schultr\u00e4ger als Diensteanbieter (es muss klar ersichtlich sein, wer Diensteanbieter ist. Land als K\u00f6rperschaft des \u00f6ffentlichen Rechts und Aufsichtsbeh\u00f6rde)<br>\u00bb Schulleiter als Vertreter des Landes mit Adressangabe der Schule (nur in Niedersachsen)<br>\u00bb Name der Schule (Empfehlung)<br>\u00bb tats\u00e4chliche Postanschrift (kein Postfach!)<br>\u00bb Schulleiter (Empfehlung &#8211; eine etwaige Klage ist dem Land und nicht der Schule zuzustellen)<\/p>\n\n\n\n<p>Zur Erl\u00e4uterung<\/p>\n\n\n\n<p>Eine Impressumspflicht gilt auch f\u00fcr Schulen.<\/p>\n\n\n\n<p>a) Als Diensteanbieter einer Schulhomepage aus dem Angebot des Landes ist das Land anzusehen. F\u00fcr das Land Niedersachsen gilt, dass der Schulleiter als Vertreter des Landes Niedersachsen mit der Adressangabe der Schule zu benennen ist. <\/p>\n\n\n\n<p>b) Bei Privatschulen ist dagegen nicht das Land \u2013 sondern der private Schultr\u00e4ger \u2013 als Diensteanbieter anzusehen. <\/p>\n\n\n\n<p>Ein Verantwortlicher muss bei allen journalistisch-redaktionell gestalteten Angeboten mit Vor- und Nachnamen angegeben werden, so auch auf der Homepage. Dies werden die Mitglieder der schulischen Redaktion sein.<\/p>\n\n\n\n<h2 class=\"wp-block-heading\"><br>Kommunikationsangaben<br><\/h2>\n\n\n\n<p>\u00bb E-Mail-Adresse<br>\u00bb Telefon (Pflichteingabe in Deutschland)<br>\u00bb Telefaxnummer &#8211; nicht zwingend<br>\u00bb Neben der E-Mail-Adresse m\u00fcsste aber mindestens ein weiteres Kommunikationsmittel angegeben werden<br>\u00bb Haftungsausschluss<br>\u00bb Datenschutzerkl\u00e4rung &#8211; denken Se auch an Dienste, die Ihre Seite auffinden wie Suchmaschinen<\/p>\n","protected":false},"excerpt":{"rendered":"<p>Sie erstellen eine Schulhomepage? Nach \u00a75 TMG m\u00fcssen folgende Angaben in einem Impressum aufgef\u00fchrt werden:\u00bb Land \/ Schultr\u00e4ger als Diensteanbieter (es muss klar ersichtlich sein, wer Diensteanbieter ist. Land als K\u00f6rperschaft des \u00f6ffentlichen Rechts und Aufsichtsbeh\u00f6rde)\u00bb Schulleiter als Vertreter des Landes mit Adressangabe der Schule (nur in Niedersachsen)\u00bb Name der Schule (Empfehlung)\u00bb tats\u00e4chliche Postanschrift (kein&hellip; <a class=\"continue\" href=\"https:\/\/wordpress.nibis.de\/barrierefreiheit\/das-impressum\/\">mehr<span> Das Impressum<\/span><\/a><\/p>\n","protected":false},"author":190,"featured_media":0,"parent":0,"menu_order":0,"comment_status":"closed","ping_status":"closed","template":"","meta":{"footnotes":""},"class_list":["post-140","page","type-page","status-publish","hentry"],"_links":{"self":[{"href":"https:\/\/wordpress.nibis.de\/barrierefreiheit\/wp-json\/wp\/v2\/pages\/140","targetHints":{"allow":["GET"]}}],"collection":[{"href":"https:\/\/wordpress.nibis.de\/barrierefreiheit\/wp-json\/wp\/v2\/pages"}],"about":[{"href":"https:\/\/wordpress.nibis.de\/barrierefreiheit\/wp-json\/wp\/v2\/types\/page"}],"author":[{"embeddable":true,"href":"https:\/\/wordpress.nibis.de\/barrierefreiheit\/wp-json\/wp\/v2\/users\/190"}],"replies":[{"embeddable":true,"href":"https:\/\/wordpress.nibis.de\/barrierefreiheit\/wp-json\/wp\/v2\/comments?post=140"}],"version-history":[{"count":2,"href":"https:\/\/wordpress.nibis.de\/barrierefreiheit\/wp-json\/wp\/v2\/pages\/140\/revisions"}],"predecessor-version":[{"id":184,"href":"https:\/\/wordpress.nibis.de\/barrierefreiheit\/wp-json\/wp\/v2\/pages\/140\/revisions\/184"}],"wp:attachment":[{"href":"https:\/\/wordpress.nibis.de\/barrierefreiheit\/wp-json\/wp\/v2\/media?parent=140"}],"curies":[{"name":"wp","href":"https:\/\/api.w.org\/{rel}","templated":true}]}}