{"id":196,"date":"2023-07-14T14:20:14","date_gmt":"2023-07-14T12:20:14","guid":{"rendered":"https:\/\/wordpress.nibis.de\/barrierefreiheit\/?page_id=196"},"modified":"2023-07-14T14:28:03","modified_gmt":"2023-07-14T12:28:03","slug":"die-datenschutzerklaerung","status":"publish","type":"page","link":"https:\/\/wordpress.nibis.de\/barrierefreiheit\/die-datenschutzerklaerung\/","title":{"rendered":"Die Datenschutzerkl\u00e4rung"},"content":{"rendered":"\n<p>Mit der EU-Datenschutzgrundverordnung (EU-DSGVO) von 2018 ist auch eine Datenschutzerkl\u00e4rung Pflicht geworden. Auf der folgenden<br>Seite finden Sie ein Muster f\u00fcr die Datenschutzerkl\u00e4rung f\u00fcr Ihre WordPress-Instanz auf dem NiBiS<br><a href=\"http:\/\/wordpress.nibis.de\/datenschutz-grundverordnung-dsgvo\/\">http:\/\/wordpress.nibis.de\/datenschutz-grundverordnung-dsgvo\/<\/a><\/p>\n\n\n\n<p>Ein Muster f\u00fcr eine Datenschutzerkl\u00e4rung in Leichter Sprache finden Sie hier: https:\/\/wordpress.nibis.de\/barrierefreiheit\/datenschutz-erklaerung\/<\/p>\n\n\n\n<p><br>Wie das Impressum muss die Datenschutzerkl\u00e4rung auf einer Website leicht erkennbar<br>platziert sein.<\/p>\n\n\n\n<p><\/p>\n","protected":false},"excerpt":{"rendered":"<p>Mit der EU-Datenschutzgrundverordnung (EU-DSGVO) von 2018 ist auch eine Datenschutzerkl\u00e4rung Pflicht geworden. Auf der folgendenSeite finden Sie ein Muster f\u00fcr die Datenschutzerkl\u00e4rung f\u00fcr Ihre WordPress-Instanz auf dem NiBiShttp:\/\/wordpress.nibis.de\/datenschutz-grundverordnung-dsgvo\/ Ein Muster f\u00fcr eine Datenschutzerkl\u00e4rung in Leichter Sprache finden Sie hier: https:\/\/wordpress.nibis.de\/barrierefreiheit\/datenschutz-erklaerung\/ Wie das Impressum muss die Datenschutzerkl\u00e4rung auf einer Website leicht erkennbarplatziert sein.<\/p>\n","protected":false},"author":190,"featured_media":0,"parent":0,"menu_order":0,"comment_status":"closed","ping_status":"closed","template":"","meta":{"footnotes":""},"class_list":["post-196","page","type-page","status-publish","hentry"],"_links":{"self":[{"href":"https:\/\/wordpress.nibis.de\/barrierefreiheit\/wp-json\/wp\/v2\/pages\/196","targetHints":{"allow":["GET"]}}],"collection":[{"href":"https:\/\/wordpress.nibis.de\/barrierefreiheit\/wp-json\/wp\/v2\/pages"}],"about":[{"href":"https:\/\/wordpress.nibis.de\/barrierefreiheit\/wp-json\/wp\/v2\/types\/page"}],"author":[{"embeddable":true,"href":"https:\/\/wordpress.nibis.de\/barrierefreiheit\/wp-json\/wp\/v2\/users\/190"}],"replies":[{"embeddable":true,"href":"https:\/\/wordpress.nibis.de\/barrierefreiheit\/wp-json\/wp\/v2\/comments?post=196"}],"version-history":[{"count":3,"href":"https:\/\/wordpress.nibis.de\/barrierefreiheit\/wp-json\/wp\/v2\/pages\/196\/revisions"}],"predecessor-version":[{"id":201,"href":"https:\/\/wordpress.nibis.de\/barrierefreiheit\/wp-json\/wp\/v2\/pages\/196\/revisions\/201"}],"wp:attachment":[{"href":"https:\/\/wordpress.nibis.de\/barrierefreiheit\/wp-json\/wp\/v2\/media?parent=196"}],"curies":[{"name":"wp","href":"https:\/\/api.w.org\/{rel}","templated":true}]}}