{"id":277,"date":"2023-07-31T13:34:25","date_gmt":"2023-07-31T11:34:25","guid":{"rendered":"https:\/\/wordpress.nibis.de\/barrierefreiheit\/?page_id=277"},"modified":"2024-01-25T12:04:27","modified_gmt":"2024-01-25T11:04:27","slug":"ihr-bereich-leichte-sprache","status":"publish","type":"page","link":"https:\/\/wordpress.nibis.de\/barrierefreiheit\/ihr-bereich-leichte-sprache\/","title":{"rendered":"Ihr Bereich Leichte Sprache"},"content":{"rendered":"\n<h2 class=\"wp-block-heading\">Das Layout<\/h2>\n\n\n\n<p>Die nach aktuellem Stand der Forschung \u00fcblichen Layoutvorgaben f\u00fcr Leichte Sprache sind bei barrierefreien Themes eines CMS \/ WordPress ggf. schon eingearbeitet:<\/p>\n\n\n\n<ul class=\"wp-block-list\"><li>serifenlose Schriftart,<\/li><li>gr\u00f6\u00dfere Schrift und<\/li><li>gr\u00f6\u00dferer Zeilenabstand.<\/li><\/ul>\n\n\n\n<p>Oder Sie aktivieren diese Layoutvorgaben f\u00fcr alle Inhaltselemente in Leichter Sprache.<\/p>\n\n\n\n<h2 class=\"wp-block-heading\">Das Schreiben von Texten<\/h2>\n\n\n\n<p>Schreiben Sie Texte, die sp\u00e4ter in Leichte Sprache \u00fcbersetzt werden sollen oder wollen Sie Texte oder Formulare in Leichter Sprache verfassen? Gehen Sie so vor, dass Sie bestimmte Problempunkte bei der Formulierung Ihres Textes von Anfang an bedenken:<\/p>\n\n\n\n<ul class=\"wp-block-list\"><li>Nennen Sie immer die Akteure.<\/li><li>Vermeiden Sie Passivkonstruktionen.<\/li><li>Formulieren Sie positiv bzw. mit ausdrucksstarken Verben.<\/li><li>Machen Sie sich die Chronologie in Ihren Texten bewusst und bauen Sie ihre Texte entsprechend auf.<\/li><li>Trennen Sie lange oder missverst\u00e4ndliche W\u00f6rter mit einem Mediopunkt. Dies ist bsonders bei Fachbegriffen wichtig, die die Fokusgruppe nicht kennt. Hier z.B. aus einem Kirchenlied das Wort \u201cLebens\u00b7au\u201d, bei dem die Problematik sofort einleuchtet..<\/li><\/ul>\n\n\n\n<p>Wenn Sie Texte entsprechend vorbereitet haben, k\u00f6nnen Sie sich bei der Weiterarbeitung am Ausgangstext auch ein wenig helfen lassen. Hierzu gibt es einige Werkzeuge, die <a href=\"https:\/\/wordpress.nibis.de\/barrierefreiheit\/hilfsmittel-und-werkzeuge\/\" data-type=\"page\" data-id=\"284\">auf der hier verlinkten Unterseite<\/a> beschrieben werden.<\/p>\n\n\n\n<h2 class=\"wp-block-heading\">Erl\u00e4uternde Bilder<\/h2>\n\n\n\n<p>Erinnern Sie sich an die Corona-Informationen? Die Bilddatenbank auf dem NiBiS enth\u00e4lt viele Bilder aus dem Bildungsbereich, die f\u00fcr Bildung kostenfrei eingesetzt werden d\u00fcrfen. Hiermit war es kein Problem, die Szenarien A und B f\u00fcr die Organisation des Schulunterrichts zu anschaulich zu erk\u00e4ren. Mit diesem f\u00fcr Schulen kostenfreien Bilderfundus k\u00f6nnen aber auch viele andere Sachverhalte erl\u00e4utert werden: https:\/\/bidab.nibis.de\/<\/p>\n\n\n\n<h2 class=\"wp-block-heading\">Leichte Sprache auf dem Bildungsportal<\/h2>\n\n\n\n<p>F\u00fcr die Erstellung und Ver\u00f6ffentlichung von Texten in Leichter Sprache haben wir f\u00fcr den Bereich Schule und Bildung in Niedersachsen aktuell folgendes Verfahren entwickelt, das sich nat\u00fcrlich auch auf Schulhomepages und andere Seiten \u00fcbertragen l\u00e4sst:<\/p>\n\n\n\n<ol class=\"wp-block-list\"><li>Vorbereitung:<ol><li>Das Redaktionsteam erstellt seine Seiten mit Blick auf eine bestimmte Fokusgruppe. Im Bereich des Kultusministeriums sehen wir f\u00fcr die Themen, die Erziehungsberechtigte sowie Sch\u00fclerinnen und Sch\u00fcler ansprechen, eine \u00dcbersetzung in Leichte Sprache vor.<\/li><li>Die Seite in Leichter Sprache wird inhaltlich vorbereitet und von \u00dcbersetzerinnen und \u00dcbersetzern in Leichte Sprache \u00fcbersetzt. Wir haben einige Software-Tools getestet, die Ihnen Vorschl\u00e4ge f\u00fcr die sprachliche \u00dcberarbeitung Ihrer Texte machen k\u00f6nnen. Diese sind auf der Seite &#8222;<a href=\"https:\/\/wordpress.nibis.de\/barrierefreiheit\/hilfsmittel-und-werkzeuge\/\" data-type=\"page\" data-id=\"284\">Hilfsmittel und Werkzeuge<\/a>&#8220; verlinkt und kurz beschrieben.<\/li><li>Die \u00dcbersetzung in Leichte Sprache wird im Team von Fachleuten und \u00dcbersetzenden noch einmal \u00fcberpr\u00fcft. Falls n\u00f6tig, werden Hinweise zur Rechtsg\u00fcltigkeit oder ein Haftungsausschluss formuliert. Oft wird eine Seite in diesem Stadium schon mit einer Kennzeichnung als Leichte Sprache, aber ohne Zertifizierung, ver\u00f6ffentlicht.<\/li><\/ol><\/li><li>Pr\u00fcfung: <ol><li>Ein B\u00fcro f\u00fcr Leichte Sprache \/ eine entsprechende wissenschaftliche Einrichtung pr\u00fcft den Text und erarbeitet R\u00fcckmeldungen. Anbieter f\u00fcr eine solche Pr\u00fcfung finden Sie unter &#8222;<a href=\"https:\/\/wordpress.nibis.de\/barrierefreiheit\/pruefung-und-zertifizierung\/\" data-type=\"page\" data-id=\"37\">Pr\u00fcfung und Zertifizierung<\/a>&#8222;.<\/li><li>Die R\u00fcckmeldungen werden von \u00dcbersetzenden und Fachleuten zusammen eingearbeitet.<\/li><\/ol><\/li><li>Zertifizierung: Der Text erh\u00e4lt nach der Verst\u00e4ndlichkeitspr\u00fcfung das Zertifikat &#8222;gepr\u00fcfte Leichte Sprache&#8220;.<\/li><\/ol>\n\n\n\n<p><\/p>\n\n\n\n<p><\/p>\n","protected":false},"excerpt":{"rendered":"<p>Das Layout Die nach aktuellem Stand der Forschung \u00fcblichen Layoutvorgaben f\u00fcr Leichte Sprache sind bei barrierefreien Themes eines CMS \/ WordPress ggf. schon eingearbeitet: serifenlose Schriftart, gr\u00f6\u00dfere Schrift und gr\u00f6\u00dferer Zeilenabstand. Oder Sie aktivieren diese Layoutvorgaben f\u00fcr alle Inhaltselemente in Leichter Sprache. Das Schreiben von Texten Schreiben Sie Texte, die sp\u00e4ter in Leichte Sprache \u00fcbersetzt&hellip; <a class=\"continue\" href=\"https:\/\/wordpress.nibis.de\/barrierefreiheit\/ihr-bereich-leichte-sprache\/\">mehr<span> Ihr Bereich Leichte Sprache<\/span><\/a><\/p>\n","protected":false},"author":190,"featured_media":0,"parent":0,"menu_order":0,"comment_status":"closed","ping_status":"closed","template":"","meta":{"footnotes":""},"class_list":["post-277","page","type-page","status-publish","hentry"],"_links":{"self":[{"href":"https:\/\/wordpress.nibis.de\/barrierefreiheit\/wp-json\/wp\/v2\/pages\/277","targetHints":{"allow":["GET"]}}],"collection":[{"href":"https:\/\/wordpress.nibis.de\/barrierefreiheit\/wp-json\/wp\/v2\/pages"}],"about":[{"href":"https:\/\/wordpress.nibis.de\/barrierefreiheit\/wp-json\/wp\/v2\/types\/page"}],"author":[{"embeddable":true,"href":"https:\/\/wordpress.nibis.de\/barrierefreiheit\/wp-json\/wp\/v2\/users\/190"}],"replies":[{"embeddable":true,"href":"https:\/\/wordpress.nibis.de\/barrierefreiheit\/wp-json\/wp\/v2\/comments?post=277"}],"version-history":[{"count":7,"href":"https:\/\/wordpress.nibis.de\/barrierefreiheit\/wp-json\/wp\/v2\/pages\/277\/revisions"}],"predecessor-version":[{"id":640,"href":"https:\/\/wordpress.nibis.de\/barrierefreiheit\/wp-json\/wp\/v2\/pages\/277\/revisions\/640"}],"wp:attachment":[{"href":"https:\/\/wordpress.nibis.de\/barrierefreiheit\/wp-json\/wp\/v2\/media?parent=277"}],"curies":[{"name":"wp","href":"https:\/\/api.w.org\/{rel}","templated":true}]}}