{"id":307,"date":"2023-08-01T13:31:52","date_gmt":"2023-08-01T11:31:52","guid":{"rendered":"https:\/\/wordpress.nibis.de\/barrierefreiheit\/?page_id=307"},"modified":"2023-08-01T13:31:53","modified_gmt":"2023-08-01T11:31:53","slug":"ueberschriften-und-beschriftungen","status":"publish","type":"page","link":"https:\/\/wordpress.nibis.de\/barrierefreiheit\/ueberschriften-und-beschriftungen\/","title":{"rendered":"\u00dcberschriften und Beschriftungen"},"content":{"rendered":"\n<p>Gestalten Sie die \u00dcberschriften und Beschriftungen so, dass diese den zugeh\u00f6rigen Bereich gut beschreiben und die Hierarchien der \u00dcberschriften klar erkennbar sind. Denn nur so k\u00f6nnen Menschen mit Sinneseinschr\u00e4nkungen entscheiden, ob ein bestimmter Abschnitt f\u00fcr sie wichtig ist, wo sie genau was finden. Wichtige Aspekte in diesem Bereich sind zum Beispiel:<\/p>\n\n\n\n<ul class=\"wp-block-list\"><li>Damit Screenreader korrekt vorlesen k\u00f6nnen, muss jede Seite mit einer \u00dcberschrift H1 beginnen.<\/li><li>Eine \u00dcberschrift &#8222;Kontakt&#8220; muss immer ein Kontaktformular enthalten. F\u00fcr andere Zwecke k\u00f6nnen Titel wie &#8222;Ansprechpartner&#8220; oder dergleichen gew\u00e4hlt werden.<\/li><\/ul>\n\n\n\n<p>Das bedeutet konkret:<\/p>\n\n\n\n<ul class=\"wp-block-list\"><li>\u00dcberschriften m\u00fcssen eindeutig sein. Beschriftungen m\u00fcssen sinngebend sein. Bezeichnen Sie Gleiches auch gleich.<\/li><li>Benutzen Sie immer Gliederungsebenen, um \u00dcberschriften einzubringen. Jede Seite braucht im Hauptbereich wenigstens eine \u00dcberschrift auf der Ebene H1.<\/li><li>Eingebundene Medien m\u00fcssen auf Barrieren getestet und optimiert werden.<\/li><li>Grafiken brauchen einen Alternativtext und eine Beschreibung, Videos Untertitel.<\/li><li>Tabellen m\u00fcssen einen inhaltlichen Zweck haben. Als reine Layouthilfe stellen sie Barrieren dar.<\/li><li>Wiederkehrende Elementfolgen wie z.B. Linklisten oder der Seitenaufbau m\u00fcssen immer gleich sein.<\/li><li>Hervorhebungen m\u00fcssen f\u00fcr alle Menschen klar erkennbar sein.<\/li><\/ul>\n\n\n\n<p>Beispiele:<\/p>\n\n\n\n<ul class=\"wp-block-list\"><li>Unabh\u00e4ngig vom Bereich, auf dem das Feld zu finden ist, m\u00fcssen Formulartypen immer die Standard-\u00dcberschrift, also z.B. &#8222;Kontakt&#8220;, bekommen. Dies erlaubt schnelleres Zurechtfinden auf unbekannten Seiten.<br>Spezifiziert wird der Inhalt eines Feldes mit der Beschreibung (z.B. der Kontaktperson).<\/li><\/ul>\n\n\n\n<ul class=\"wp-block-list\"><li>Inhaltlich relevante Videos brauchen entsprechend klare Untertitel (H\u00f6rfassung) und Grafiken eine sprechende Beschreibung, damit sie auch gelesen werden k\u00f6nnen.<\/li><\/ul>\n","protected":false},"excerpt":{"rendered":"<p>Gestalten Sie die \u00dcberschriften und Beschriftungen so, dass diese den zugeh\u00f6rigen Bereich gut beschreiben und die Hierarchien der \u00dcberschriften klar erkennbar sind. Denn nur so k\u00f6nnen Menschen mit Sinneseinschr\u00e4nkungen entscheiden, ob ein bestimmter Abschnitt f\u00fcr sie wichtig ist, wo sie genau was finden. Wichtige Aspekte in diesem Bereich sind zum Beispiel: Damit Screenreader korrekt vorlesen&hellip; <a class=\"continue\" href=\"https:\/\/wordpress.nibis.de\/barrierefreiheit\/ueberschriften-und-beschriftungen\/\">mehr<span> \u00dcberschriften und Beschriftungen<\/span><\/a><\/p>\n","protected":false},"author":190,"featured_media":0,"parent":0,"menu_order":0,"comment_status":"closed","ping_status":"closed","template":"","meta":{"footnotes":""},"class_list":["post-307","page","type-page","status-publish","hentry"],"_links":{"self":[{"href":"https:\/\/wordpress.nibis.de\/barrierefreiheit\/wp-json\/wp\/v2\/pages\/307","targetHints":{"allow":["GET"]}}],"collection":[{"href":"https:\/\/wordpress.nibis.de\/barrierefreiheit\/wp-json\/wp\/v2\/pages"}],"about":[{"href":"https:\/\/wordpress.nibis.de\/barrierefreiheit\/wp-json\/wp\/v2\/types\/page"}],"author":[{"embeddable":true,"href":"https:\/\/wordpress.nibis.de\/barrierefreiheit\/wp-json\/wp\/v2\/users\/190"}],"replies":[{"embeddable":true,"href":"https:\/\/wordpress.nibis.de\/barrierefreiheit\/wp-json\/wp\/v2\/comments?post=307"}],"version-history":[{"count":1,"href":"https:\/\/wordpress.nibis.de\/barrierefreiheit\/wp-json\/wp\/v2\/pages\/307\/revisions"}],"predecessor-version":[{"id":309,"href":"https:\/\/wordpress.nibis.de\/barrierefreiheit\/wp-json\/wp\/v2\/pages\/307\/revisions\/309"}],"wp:attachment":[{"href":"https:\/\/wordpress.nibis.de\/barrierefreiheit\/wp-json\/wp\/v2\/media?parent=307"}],"curies":[{"name":"wp","href":"https:\/\/api.w.org\/{rel}","templated":true}]}}