{"id":312,"date":"2023-08-01T13:36:10","date_gmt":"2023-08-01T11:36:10","guid":{"rendered":"https:\/\/wordpress.nibis.de\/barrierefreiheit\/?page_id=312"},"modified":"2023-08-01T13:36:11","modified_gmt":"2023-08-01T11:36:11","slug":"hervorhebungen-im-text","status":"publish","type":"page","link":"https:\/\/wordpress.nibis.de\/barrierefreiheit\/hervorhebungen-im-text\/","title":{"rendered":"Hervorhebungen im Text"},"content":{"rendered":"\n<p>Hervorhebungen strukturieren den Text. Allerdings sind nicht alle Farben und alle Schriftarten gleicherma\u00dfen erkennbar. Gunds\u00e4tzlich verwendet unser CMS eine in empirischen Untersuchungen nachgewiesen gut lesbare Schriftart. Allerdings bietet der Texteditor auch Formatierungsm\u00f6glichkeiten an, die sinvollerweise nicht miteinader kombiniert werden sollten.<\/p>\n\n\n\n<p>Achten Sie bei Herforhebung also auf folgende Hinweise:<\/p>\n\n\n\n<ul class=\"wp-block-list\"><li>Nutzen Sie m\u00f6glichst schwarze Fettschrift, weil diese auch von unge\u00fcbten Leserinnen und Lesern gut erkannt wird.<\/li><li>Vermeiden Sie Hervorhebungen durch Kursivschrift, da diese sich in Untersuchungen zur Lesbarkeit als weniger gut lesbar herausgestellt hat.<\/li><li>Vermeiden Sie <strong>rein <\/strong>farbliche Hervorhebungen (rot, gr\u00fcn, gelb etc.), da diese von Menschen mit bestimmten Fehlsichtigkeiten nicht erkannt werden k\u00f6nnen..Nutzen Sie in solchen F\u00e4len zus\u00e4tzlich Fettung.<\/li><\/ul>\n","protected":false},"excerpt":{"rendered":"<p>Hervorhebungen strukturieren den Text. Allerdings sind nicht alle Farben und alle Schriftarten gleicherma\u00dfen erkennbar. Gunds\u00e4tzlich verwendet unser CMS eine in empirischen Untersuchungen nachgewiesen gut lesbare Schriftart. Allerdings bietet der Texteditor auch Formatierungsm\u00f6glichkeiten an, die sinvollerweise nicht miteinader kombiniert werden sollten. Achten Sie bei Herforhebung also auf folgende Hinweise: Nutzen Sie m\u00f6glichst schwarze Fettschrift, weil diese&hellip; <a class=\"continue\" href=\"https:\/\/wordpress.nibis.de\/barrierefreiheit\/hervorhebungen-im-text\/\">mehr<span> Hervorhebungen im Text<\/span><\/a><\/p>\n","protected":false},"author":190,"featured_media":0,"parent":0,"menu_order":0,"comment_status":"closed","ping_status":"closed","template":"","meta":{"footnotes":""},"class_list":["post-312","page","type-page","status-publish","hentry"],"_links":{"self":[{"href":"https:\/\/wordpress.nibis.de\/barrierefreiheit\/wp-json\/wp\/v2\/pages\/312","targetHints":{"allow":["GET"]}}],"collection":[{"href":"https:\/\/wordpress.nibis.de\/barrierefreiheit\/wp-json\/wp\/v2\/pages"}],"about":[{"href":"https:\/\/wordpress.nibis.de\/barrierefreiheit\/wp-json\/wp\/v2\/types\/page"}],"author":[{"embeddable":true,"href":"https:\/\/wordpress.nibis.de\/barrierefreiheit\/wp-json\/wp\/v2\/users\/190"}],"replies":[{"embeddable":true,"href":"https:\/\/wordpress.nibis.de\/barrierefreiheit\/wp-json\/wp\/v2\/comments?post=312"}],"version-history":[{"count":1,"href":"https:\/\/wordpress.nibis.de\/barrierefreiheit\/wp-json\/wp\/v2\/pages\/312\/revisions"}],"predecessor-version":[{"id":314,"href":"https:\/\/wordpress.nibis.de\/barrierefreiheit\/wp-json\/wp\/v2\/pages\/312\/revisions\/314"}],"wp:attachment":[{"href":"https:\/\/wordpress.nibis.de\/barrierefreiheit\/wp-json\/wp\/v2\/media?parent=312"}],"curies":[{"name":"wp","href":"https:\/\/api.w.org\/{rel}","templated":true}]}}