{"id":316,"date":"2023-08-01T13:37:48","date_gmt":"2023-08-01T11:37:48","guid":{"rendered":"https:\/\/wordpress.nibis.de\/barrierefreiheit\/?page_id=316"},"modified":"2023-08-01T13:39:03","modified_gmt":"2023-08-01T11:39:03","slug":"barrierefreiheit-von-tabellen","status":"publish","type":"page","link":"https:\/\/wordpress.nibis.de\/barrierefreiheit\/barrierefreiheit-von-tabellen\/","title":{"rendered":"Barrierefreiheit von Tabellen"},"content":{"rendered":"\n<p>Tabellen haben eine inhaltliche Funktion in Wertetabellen und Statistiken. In diesem Falle haben die entsprechenden Spalten \u00dcberschriften und sind inhaltlich miteinander verbunden. F\u00fcr solche Arten von Tabellen gibt es in Screenreadern verankerte Konventrionen des Vorlesens, die die Sturktur der Tabelle deutlich machen. Tabellen, die nur aus Layoutgr\u00fcnden (z.B. zur Regulierung von m Abst\u00e4nden im Text) eingef\u00fcgt werden, lassen sich nicht barrierearn erschlie\u00dfen. Sie sind auf mobilen Endger\u00e4ten ggf. nicht entsprechend anzeigbar und lassen sich nicht sinnvoll vorlesen.<\/p>\n\n\n\n<p>Das bedeutet konkret:<\/p>\n\n\n\n<p><strong>Tabellen sollten nicht ohne inhaltliche Funktion verwendet werden. Haben sie eine inhaltliche Funktion, sollten sie auch redaktionell durch \u00dcberschriften strukturiert werden, die auch eine bedeutungsvolle Reihenfolge haben. Denn Screenreader lesen Zeile f\u00fcr Zeile von links nach rechts.<\/strong><\/p>\n\n\n\n<p>Vgl.: hierzu eine \u00dcbersicht der Erfolgskriterien und Konformit\u00e4tsbedingungen der&nbsp;Web Content Accessibility Guidelines&nbsp;(WCAG) 2.1: https:\/\/www.barrierefreies-webdesign.de\/richtlinien\/wcag-2.1\/erfolgskriterien\/bedeutungstragende-reihenfolge.html<\/p>\n","protected":false},"excerpt":{"rendered":"<p>Tabellen haben eine inhaltliche Funktion in Wertetabellen und Statistiken. In diesem Falle haben die entsprechenden Spalten \u00dcberschriften und sind inhaltlich miteinander verbunden. F\u00fcr solche Arten von Tabellen gibt es in Screenreadern verankerte Konventrionen des Vorlesens, die die Sturktur der Tabelle deutlich machen. Tabellen, die nur aus Layoutgr\u00fcnden (z.B. zur Regulierung von m Abst\u00e4nden im Text)&hellip; <a class=\"continue\" href=\"https:\/\/wordpress.nibis.de\/barrierefreiheit\/barrierefreiheit-von-tabellen\/\">mehr<span> Barrierefreiheit von Tabellen<\/span><\/a><\/p>\n","protected":false},"author":190,"featured_media":0,"parent":0,"menu_order":0,"comment_status":"closed","ping_status":"closed","template":"","meta":{"footnotes":""},"class_list":["post-316","page","type-page","status-publish","hentry"],"_links":{"self":[{"href":"https:\/\/wordpress.nibis.de\/barrierefreiheit\/wp-json\/wp\/v2\/pages\/316","targetHints":{"allow":["GET"]}}],"collection":[{"href":"https:\/\/wordpress.nibis.de\/barrierefreiheit\/wp-json\/wp\/v2\/pages"}],"about":[{"href":"https:\/\/wordpress.nibis.de\/barrierefreiheit\/wp-json\/wp\/v2\/types\/page"}],"author":[{"embeddable":true,"href":"https:\/\/wordpress.nibis.de\/barrierefreiheit\/wp-json\/wp\/v2\/users\/190"}],"replies":[{"embeddable":true,"href":"https:\/\/wordpress.nibis.de\/barrierefreiheit\/wp-json\/wp\/v2\/comments?post=316"}],"version-history":[{"count":2,"href":"https:\/\/wordpress.nibis.de\/barrierefreiheit\/wp-json\/wp\/v2\/pages\/316\/revisions"}],"predecessor-version":[{"id":319,"href":"https:\/\/wordpress.nibis.de\/barrierefreiheit\/wp-json\/wp\/v2\/pages\/316\/revisions\/319"}],"wp:attachment":[{"href":"https:\/\/wordpress.nibis.de\/barrierefreiheit\/wp-json\/wp\/v2\/media?parent=316"}],"curies":[{"name":"wp","href":"https:\/\/api.w.org\/{rel}","templated":true}]}}