{"id":330,"date":"2023-08-03T15:58:00","date_gmt":"2023-08-03T13:58:00","guid":{"rendered":"https:\/\/wordpress.nibis.de\/barrierefreiheit\/?page_id=330"},"modified":"2025-03-17T11:27:50","modified_gmt":"2025-03-17T10:27:50","slug":"bilder-und-videos","status":"publish","type":"page","link":"https:\/\/wordpress.nibis.de\/barrierefreiheit\/bilder-und-videos\/","title":{"rendered":"Bilder und Videos"},"content":{"rendered":"\n<div class=\"wp-block-group\"><div class=\"wp-block-group__inner-container is-layout-flow wp-block-group-is-layout-flow\">\n<h2 class=\"wp-block-heading\"><strong>Medien barrierefrei einbinden<\/strong><\/h2>\n\n\n\n<p>Denken Sie beim Einbinden von Videos an<\/p>\n\n\n\n<ul class=\"wp-block-list\"><li><strong>aussagekr\u00e4ftige Untertitel<\/strong>: Videos sollten Untertitel haben, damit sie auch tauben und schwerh\u00f6rigen Menschen zug\u00e4nglich sind. Genaueres vgl. <a href=\"https:\/\/ksl-msi-nrw.de\/de\/node\/3652 und hier: https:\/\/www.uni-goettingen.de\/de\/667663.html\">hier<\/a>.<\/li><li><strong>eine konsequente Umsetzung<\/strong>: Ein guter Leitfaden zum Vorgehen findet sich hier: <a href=\"https:\/\/bik-fuer-alle.de\/leitfaden-zur-umsetzung-von-informationen-in-gebaerdensprache.html\">https:\/\/bik-fuer-alle.de\/leitfaden-zur-umsetzung-von-informationen-in-gebaerdensprache.html<\/a><\/li><\/ul>\n\n\n\n<p>Beachten Sie bei Bildern:<\/p>\n\n\n\n<ul class=\"wp-block-list\"><li><strong>Vermeiden Sie Bilder von Text.<\/strong> Wenn sie aus bestimmten Gr\u00fcnden dennoch unbedingt (z.B. f\u00fcr Logos) gebraucht werden sollen, bedenken Sie dies:<br \/>Eine Sonderform von Bildern sind Schriftgrafiken. Hier m\u00fcssen die Kriterien f\u00fcr Texte und f\u00fcr Bilder gelten. Schriftgrafiken sollten in der Gr\u00f6\u00dfe einstellbar sein.<\/li><li><strong>Beachten Sie die Funktion von Bildern: <\/strong>Handelt es sich um ein illustrierendes Bild oder ein Logo? Wird ein Bild gar als Schalter verwendet?<br \/>Die grunds\u00e4tzliche Pflicht zur Verwendung des Alternativtextes f\u00fcr eine Bildbeschreibung muss teilweise modifiziert betrachtet werden. Oft haben Bilder und Logos auf Seiten mehrere Funktionen. Dies wird z.B. am Logo des Bildungsportals deutlich:<ul><li>Einerseits soll es zur Orientierung dienen, indem es immer zeigt, auf welcher Website man sich befindet. Zugleich wird es aber auch als &#8222;Home-Taste&#8220; verwendet, die einen zur Startseite bringt.<\/li><li>W\u00fcrde das Logo ohne weitere Funktion eingebunden, m\u00fcsste der Alternativtext lauten: &#8222;Logo des Bildungsportals&#8220;. Handelt es sich aber, wie dies auf dem Bildungsportal der Fall ist, um einen Home-Button, lautet der Alternativtext: &#8222;Link zur Startseite des Bildungsportals&#8220;.<br \/>Dies gilt entsprechend f\u00fcr alle Bilder, die mit einer Zusatzfunktion eingebunden werden und Grafiken, die konkret als sog. &#8222;Schalter&#8220; gestaltet sind, wie wir es in vielen Anwendungen auf dem Portal finden.<\/li><\/ul><\/li><\/ul>\n\n\n\n<h2 class=\"wp-block-heading\">Angebote von lizenzfreien Bildern \/ Videos \/ Sounds<\/h2>\n\n\n\n<p>Es gibt einige Angebote f\u00fcr Bilder, die sich auch gut im Kontext Leichte \/ Einfache Sprache einsetzen lassen. Hier Angebote, die Sie lizenzfrei nutzen d\u00fcrfen:<\/p>\n\n\n\n<ul class=\"wp-block-list\"><li><a href=\"https:\/\/bidab.nibis.de\/\">NiBiS-Bilddatenbank<\/a><\/li><li><a href=\"https:\/\/creazilla.com\/de\">Creazilla<\/a><\/li><li><a href=\"https:\/\/www.openpeeps.com\/\">Openpeeps <\/a> und <a href=\"https:\/\/www.humaaans.com\/\">Humaaans<\/a> lassen sich in Ausdruck und Aussehen anpassen<\/li><li><a href=\"https:\/\/openmoji.org\/\">Emojis<\/a><\/li><li><a href=\"https:\/\/www.videvo.net\/de\/\">Videvo<\/a><\/li><\/ul>\n\n\n\n<h2 class=\"wp-block-heading\">Weiterlesen<\/h2>\n\n\n\n<ul class=\"wp-block-list\"><li>Eine sehr anschauliche \u00dcbersicht der Uni G\u00f6ttingen dar\u00fcber, wie Videos barrierefrei gestaltet werden finden Sie <a href=\"https:\/\/www.uni-goettingen.de\/de\/barrierefreie+lehr-+und+lernvideos+in+der+hochschule+(ballviho)\/653953.html\">hier<\/a>.<\/li><li>Den Leitfaden zur Erstellung barrierefreier Lehrvideos der Uni G\u00f6ttingen k\u00f6nnen Sie <a href=\"https:\/\/www.uni-goettingen.de\/de\/667664.html\">hier <\/a>einsehen.<\/li><\/ul>\n<\/div><\/div>\n","protected":false},"excerpt":{"rendered":"<p>Medien barrierefrei einbinden Denken Sie beim Einbinden von Videos an aussagekr\u00e4ftige Untertitel: Videos sollten Untertitel haben, damit sie auch tauben und schwerh\u00f6rigen Menschen zug\u00e4nglich sind. Genaueres vgl. hier. eine konsequente Umsetzung: Ein guter Leitfaden zum Vorgehen findet sich hier: https:\/\/bik-fuer-alle.de\/leitfaden-zur-umsetzung-von-informationen-in-gebaerdensprache.html Beachten Sie bei Bildern: Vermeiden Sie Bilder von Text. Wenn sie aus bestimmten Gr\u00fcnden dennoch&hellip; <a class=\"continue\" href=\"https:\/\/wordpress.nibis.de\/barrierefreiheit\/bilder-und-videos\/\">mehr<span> Bilder und Videos<\/span><\/a><\/p>\n","protected":false},"author":190,"featured_media":0,"parent":0,"menu_order":0,"comment_status":"closed","ping_status":"closed","template":"","meta":{"footnotes":""},"class_list":["post-330","page","type-page","status-publish","hentry"],"_links":{"self":[{"href":"https:\/\/wordpress.nibis.de\/barrierefreiheit\/wp-json\/wp\/v2\/pages\/330","targetHints":{"allow":["GET"]}}],"collection":[{"href":"https:\/\/wordpress.nibis.de\/barrierefreiheit\/wp-json\/wp\/v2\/pages"}],"about":[{"href":"https:\/\/wordpress.nibis.de\/barrierefreiheit\/wp-json\/wp\/v2\/types\/page"}],"author":[{"embeddable":true,"href":"https:\/\/wordpress.nibis.de\/barrierefreiheit\/wp-json\/wp\/v2\/users\/190"}],"replies":[{"embeddable":true,"href":"https:\/\/wordpress.nibis.de\/barrierefreiheit\/wp-json\/wp\/v2\/comments?post=330"}],"version-history":[{"count":11,"href":"https:\/\/wordpress.nibis.de\/barrierefreiheit\/wp-json\/wp\/v2\/pages\/330\/revisions"}],"predecessor-version":[{"id":923,"href":"https:\/\/wordpress.nibis.de\/barrierefreiheit\/wp-json\/wp\/v2\/pages\/330\/revisions\/923"}],"wp:attachment":[{"href":"https:\/\/wordpress.nibis.de\/barrierefreiheit\/wp-json\/wp\/v2\/media?parent=330"}],"curies":[{"name":"wp","href":"https:\/\/api.w.org\/{rel}","templated":true}]}}