{"id":336,"date":"2023-08-03T16:00:56","date_gmt":"2023-08-03T14:00:56","guid":{"rendered":"https:\/\/wordpress.nibis.de\/barrierefreiheit\/?page_id=336"},"modified":"2023-08-03T16:02:32","modified_gmt":"2023-08-03T14:02:32","slug":"ueberlegungen-zu-links","status":"publish","type":"page","link":"https:\/\/wordpress.nibis.de\/barrierefreiheit\/ueberlegungen-zu-links\/","title":{"rendered":"Links und Verlinkungen"},"content":{"rendered":"\n<p><strong>Nutzer einer Spracheingabesoftware k\u00f6nnen Bedienelemente wie Links, Schaltfl\u00e4chen oder Eingabefelder aktivieren, indem sie den sichtbaren Namen sagen, auch in der Verbindung mit Befehlen (z. B. Klick \u201eAbschicken\u201c). Wenn die sichtbare Beschriftung nicht im zug\u00e4nglichen Namen des Bedienelements (also dem Text, der programmatisch als Beschriftung ermittelt wird) vorkommt, l\u00e4sst sich das Bedienelement nicht oder nur \u00fcber Umwege mittels Spracheingabe aktivieren.<\/strong><\/p>\n\n\n\n<h2 class=\"wp-block-heading\">Verlinkungen im Inhaltsbereich<\/h2>\n\n\n\n<p>Vermeiden Sie, dass sich Links im Flie\u00dftext der Seite befinden. Besser ist es, wenn sie sich auf Teaser, Linkklisten und ggf. Fu\u00dfnoten konzentrieren.<\/p>\n\n\n\n<p>Wo immer Sie einen Link einf\u00fcgen, geben Sie auch den Kontext des Links an. Denn insbesondere Nutzerinnen und Nutzer von Screenreadern brauchen den Hinweis, dass Sie hier auf ggf. eine andere Website kommen. So k\u00f6nnen Sie besser entscheiden, ob sie dem Link folgen m\u00f6chten.<\/p>\n\n\n\n<p>Teaser-Titel haben nicht direkt die M\u00f6glichkeit, einen Linktitel anzugeben. Nutzen Sie hier doch erkl\u00e4rende Zwischentexte oder dergleichen.<\/p>\n\n\n\n<p>Bei Seiten, die durch Bild-Karten srukturiert sind, und Linklisten sollten Sie den Linktitel entsprechend mit Hinweisen f\u00fcllen.<\/p>\n","protected":false},"excerpt":{"rendered":"<p>Nutzer einer Spracheingabesoftware k\u00f6nnen Bedienelemente wie Links, Schaltfl\u00e4chen oder Eingabefelder aktivieren, indem sie den sichtbaren Namen sagen, auch in der Verbindung mit Befehlen (z. B. Klick \u201eAbschicken\u201c). Wenn die sichtbare Beschriftung nicht im zug\u00e4nglichen Namen des Bedienelements (also dem Text, der programmatisch als Beschriftung ermittelt wird) vorkommt, l\u00e4sst sich das Bedienelement nicht oder nur \u00fcber&hellip; <a class=\"continue\" href=\"https:\/\/wordpress.nibis.de\/barrierefreiheit\/ueberlegungen-zu-links\/\">mehr<span> Links und Verlinkungen<\/span><\/a><\/p>\n","protected":false},"author":190,"featured_media":0,"parent":0,"menu_order":0,"comment_status":"closed","ping_status":"closed","template":"","meta":{"footnotes":""},"class_list":["post-336","page","type-page","status-publish","hentry"],"_links":{"self":[{"href":"https:\/\/wordpress.nibis.de\/barrierefreiheit\/wp-json\/wp\/v2\/pages\/336","targetHints":{"allow":["GET"]}}],"collection":[{"href":"https:\/\/wordpress.nibis.de\/barrierefreiheit\/wp-json\/wp\/v2\/pages"}],"about":[{"href":"https:\/\/wordpress.nibis.de\/barrierefreiheit\/wp-json\/wp\/v2\/types\/page"}],"author":[{"embeddable":true,"href":"https:\/\/wordpress.nibis.de\/barrierefreiheit\/wp-json\/wp\/v2\/users\/190"}],"replies":[{"embeddable":true,"href":"https:\/\/wordpress.nibis.de\/barrierefreiheit\/wp-json\/wp\/v2\/comments?post=336"}],"version-history":[{"count":2,"href":"https:\/\/wordpress.nibis.de\/barrierefreiheit\/wp-json\/wp\/v2\/pages\/336\/revisions"}],"predecessor-version":[{"id":339,"href":"https:\/\/wordpress.nibis.de\/barrierefreiheit\/wp-json\/wp\/v2\/pages\/336\/revisions\/339"}],"wp:attachment":[{"href":"https:\/\/wordpress.nibis.de\/barrierefreiheit\/wp-json\/wp\/v2\/media?parent=336"}],"curies":[{"name":"wp","href":"https:\/\/api.w.org\/{rel}","templated":true}]}}