{"id":37,"date":"2023-06-07T12:49:58","date_gmt":"2023-06-07T10:49:58","guid":{"rendered":"https:\/\/wordpress.nibis.de\/barrierefreiheit\/?page_id=37"},"modified":"2023-10-09T11:05:52","modified_gmt":"2023-10-09T09:05:52","slug":"pruefung-und-zertifizierung","status":"publish","type":"page","link":"https:\/\/wordpress.nibis.de\/barrierefreiheit\/pruefung-und-zertifizierung\/","title":{"rendered":"Leichte Sprache: Pr\u00fcfung und Zertifizierung"},"content":{"rendered":"\n<p>Sind alle Seiten fertig \u00fcbersetzt? Dann steht noch eine Pr\u00fcfung durch die Zielgruppe \/ Zertifizerung aus, damit Sie sichergehen k\u00f6nnen, dass Ihr Text auch wirklich ankommt. Hier bietet es sich an, die regionalen B\u00fcros f\u00fcr Leichte Sprache anzufragen.<\/p>\n\n\n\n<p>Im folgenden finden Sie Anbieter f\u00fcr den Bereich Niedersachsen:<\/p>\n\n\n\n<ul class=\"wp-block-list\"><li><a href=\"https:\/\/www.uni-hildesheim.de\/leichtesprache\/forschung-und-projekte\/pruefsiegel\/\">Das Pr\u00fcfsiegel der Pr\u00fcfungsstelle Leichte Sprache an der Universit\u00e4t Hildesheim<\/a> (wissenschaftlich gepr\u00fcft, keine Zielgruppenpr\u00fcfung)<\/li><li><a href=\"https:\/\/www.diakonie-himmelsthuer.de\/angebote\/buero-fuer-leichte-sprache\">\u00dcbersetzung und Pr\u00fcfung durch das B\u00fcro f\u00fcr Leichte Sprache in Hildesheim Himmelsth\u00fcr<\/a><\/li><li><a href=\"https:\/\/www.lebenshilfe-braunschweig.de\/dienstleistungen\/buero-fuer-leichte-sprache\">\u00dcbersetzung und Pr\u00fcfung durch das B\u00fcro f\u00fcr Leichte Sprache in Braunschweig<\/a><\/li><li><a href=\"http:\/\/www.verbund-leichte-sprache.de\">\u00dcbersetzung und Pr\u00fcfung durch den Verbund Leichte Sprache in Braunschweig<\/a><\/li><li><a href=\"https:\/\/www.hw-hannover.de\/fuer-unternehmen\/buero-fuer-leichte-sprache\">\u00dcbersetzung und Pr\u00fcfung durch das B\u00fcro f\u00fcr Leichte Sprache der hannoverschen Werkst\u00e4tten<\/a><\/li><li><a href=\"https:\/\/normalinlinden.de\/inklusive-schreibwerkstatt-leichte-sprache\/\">\u00dcbertragung und Pr\u00fcfung durch die inklusive Schreibwerkstatt Leichte Sprache in Hannover Linden<\/a><\/li><\/ul>\n\n\n\n<p>Weitere Anbieter nehmen wir gern mit auf.<\/p>\n\n\n\n<h2 class=\"wp-block-heading\">Weitere Themen<\/h2>\n\n\n\n<p>Leichte Sprache ist nicht nur f\u00fcr Ihre Webseite wichtig\u2026 Darum finden Sie hier Tipps und Informationen zum Thema.<\/p>\n\n\n\n<ul class=\"wp-block-list\"><li>Pr\u00fcfungen: <a href=\"https:\/\/pruef-mit.de\/2022\/02\/01\/leichte-sprache-in-pruefungen-bessere-beteiligung-an-der-beruflichen-bildung\/\">Berufliche Aus- und Weiterbildung<\/a><\/li><\/ul>\n\n\n\n<p><\/p>\n","protected":false},"excerpt":{"rendered":"<p>Sind alle Seiten fertig \u00fcbersetzt? Dann steht noch eine Pr\u00fcfung durch die Zielgruppe \/ Zertifizerung aus, damit Sie sichergehen k\u00f6nnen, dass Ihr Text auch wirklich ankommt. Hier bietet es sich an, die regionalen B\u00fcros f\u00fcr Leichte Sprache anzufragen. Im folgenden finden Sie Anbieter f\u00fcr den Bereich Niedersachsen: Das Pr\u00fcfsiegel der Pr\u00fcfungsstelle Leichte Sprache an der&hellip; <a class=\"continue\" href=\"https:\/\/wordpress.nibis.de\/barrierefreiheit\/pruefung-und-zertifizierung\/\">mehr<span> Leichte Sprache: Pr\u00fcfung und Zertifizierung<\/span><\/a><\/p>\n","protected":false},"author":190,"featured_media":0,"parent":0,"menu_order":0,"comment_status":"closed","ping_status":"closed","template":"","meta":{"footnotes":""},"class_list":["post-37","page","type-page","status-publish","hentry"],"_links":{"self":[{"href":"https:\/\/wordpress.nibis.de\/barrierefreiheit\/wp-json\/wp\/v2\/pages\/37","targetHints":{"allow":["GET"]}}],"collection":[{"href":"https:\/\/wordpress.nibis.de\/barrierefreiheit\/wp-json\/wp\/v2\/pages"}],"about":[{"href":"https:\/\/wordpress.nibis.de\/barrierefreiheit\/wp-json\/wp\/v2\/types\/page"}],"author":[{"embeddable":true,"href":"https:\/\/wordpress.nibis.de\/barrierefreiheit\/wp-json\/wp\/v2\/users\/190"}],"replies":[{"embeddable":true,"href":"https:\/\/wordpress.nibis.de\/barrierefreiheit\/wp-json\/wp\/v2\/comments?post=37"}],"version-history":[{"count":9,"href":"https:\/\/wordpress.nibis.de\/barrierefreiheit\/wp-json\/wp\/v2\/pages\/37\/revisions"}],"predecessor-version":[{"id":538,"href":"https:\/\/wordpress.nibis.de\/barrierefreiheit\/wp-json\/wp\/v2\/pages\/37\/revisions\/538"}],"wp:attachment":[{"href":"https:\/\/wordpress.nibis.de\/barrierefreiheit\/wp-json\/wp\/v2\/media?parent=37"}],"curies":[{"name":"wp","href":"https:\/\/api.w.org\/{rel}","templated":true}]}}