{"id":405,"date":"2023-08-21T11:09:07","date_gmt":"2023-08-21T09:09:07","guid":{"rendered":"https:\/\/wordpress.nibis.de\/barrierefreiheit\/?page_id=405"},"modified":"2023-09-15T09:45:16","modified_gmt":"2023-09-15T07:45:16","slug":"impressum","status":"publish","type":"page","link":"https:\/\/wordpress.nibis.de\/barrierefreiheit\/impressum\/","title":{"rendered":"Impressum"},"content":{"rendered":"\n<p>Das NiBiS-Rechenzentrum wird vom Nieders\u00e4chsisches Landesinstitut f\u00fcr schulische Qualit\u00e4tsentwicklung (NLQ) betrieben und bietet Anwendungen f\u00fcr das Bildungsportal und die Bildungsangebote des Landes Niedersachsen.<\/p>\n\n\n\n<p>WordPress ist ein technisches Angebot des NiBiS-Rechenzentrums und wird durch die Direktorin des NLQ, Frau Dr. Elke Richlick, gesetzlich vertreten.<\/p>\n\n\n\n<p>Technisch verantwortlich gem\u00e4\u00df \u00a7 6 MDStV ist Fachbereich 52 de NLQ hier vertreten durch Martin Gembus<\/p>\n\n\n\n<p>Verantwortlich f\u00fcr die redaktionellen Inhalte dieser Seite gem\u00e4\u00df \u00a7 18 Abs. 2 MDStV: Ilga Bliek, FB 52.<\/p>\n\n\n\n<h2 class=\"wp-block-heading\">Kontaktadresse<\/h2>\n\n\n\n<p>Nieders\u00e4chsisches Landesinstitut f\u00fcr schulische Qualit\u00e4tsentwicklung (NLQ), <br>K\u00f6rperschaft des \u00f6ffentlichen Rechts<br>Ke\u00dflerstra\u00dfe 52<br>31134 Hildesheim<\/p>\n\n\n\n<p>Telefon: 05121 1695-400<br>Telefax: 05121 1695-450<br>E-Mail: wordpress(at)nibis.de<\/p>\n\n\n\n<h2 class=\"wp-block-heading\"><strong>Datenschutz<\/strong><\/h2>\n\n\n\n<h3 class=\"wp-block-heading\">B<strong>eh\u00f6rdlicher Datenschutzbeauftragter des NLQ<\/strong>:<\/h3>\n\n\n\n<p>Tel.: 05121 1695-297<br>E-Mail:&nbsp;<a href=\"&#x6d;&#x61;&#x69;&#108;&#116;o:&#x64;&#x61;&#x74;&#101;&#110;sc&#x68;&#x75;&#x74;&#122;&#64;nl&#x71;&#x2e;&#x6e;&#105;&#98;is&#x2e;&#x64;&#x65;\">&#100;&#x61;&#116;&#x65;&#110;&#x73;c&#x68;u&#116;&#x7a;&#64;&#x6e;&#108;&#x71;&#46;&#x6e;i&#101;&#x64;&#101;&#x72;&#115;&#x61;&#99;&#x68;s&#x65;n&#46;&#x64;&#101;<\/a><\/p>\n\n\n\n<h3 class=\"wp-block-heading\"><strong>Vertretung<\/strong><\/h3>\n\n\n\n<p>Tel.: 05121 1695-416<br>E-Mail:&nbsp;<a href=\"m&#97;&#105;&#x6c;&#x74;o&#58;&#100;&#x61;&#x74;&#x65;n&#115;&#99;&#x68;&#x75;tz&#64;&#x6e;&#x6c;&#x71;&#46;&#110;&#105;&#x62;&#x69;s&#46;&#100;&#x65;\">da&#116;&#101;&#110;&#115;&#x63;&#x68;&#x75;&#x74;&#x7a;&#64;n&#108;&#113;&#46;&#110;&#x69;&#x65;&#x64;&#x65;&#x72;sa&#99;&#104;&#115;&#101;&#x6e;&#x2e;&#x64;&#x65;<\/a><\/p>\n\n\n\n<h2 class=\"wp-block-heading\"><strong>Missbr\u00e4uchliche Nutzung<\/strong><\/h2>\n\n\n\n<p>Sollten Sie missbr\u00e4uchliche Nutzungen aus dem IP-Adressbereich des Nieders\u00e4chsischen Bildungsservers feststellen, senden Sie bitte eine E-Mail an die Adresse&nbsp;<a href=\"&#109;&#x61;&#105;&#x6c;t&#x6f;:&#97;&#x62;&#117;&#x73;e&#x40;n&#105;&#x62;&#105;&#x73;&#46;&#x64;e\">&#x61;b&#x75;&#115;e&#x40;&#110;&#x69;&#x62;i&#x73;&#46;d&#x65;<\/a>.<\/p>\n\n\n\n<h2 class=\"wp-block-heading\" id=\"block-fee3bde0-7b7d-4117-9a5b-e2bc90b394e6\">Haftung f\u00fcr Inhalte<\/h2>\n\n\n\n<p id=\"block-dae0efcf-1e16-459e-b109-5b07b0c50cdd\">Als Diensteanbieter sind wir f\u00fcr eigene Inhalte auf diesen Seiten nach den allgemeinen Gesetzen verantwortlich. Wir sind als Diensteanbieter jedoch nicht verpflichtet, \u00fcbermittelte oder gespeicherte fremde Informationen zu \u00fcberwachen oder nach Umst\u00e4nden zu forschen, die auf eine rechtswidrige T\u00e4tigkeit hinweisen.<\/p>\n\n\n\n<p id=\"block-eeedc752-6e00-42fd-ae12-ef1d2b5083d3\">Verpflichtungen zur Entfernung oder Sperrung der Nutzung von Informationen nach den allgemeinen Gesetzen bleiben hiervon unber\u00fchrt. Eine diesbez\u00fcgliche Haftung ist jedoch erst ab dem Zeitpunkt der Kenntnis einer konkreten Rechtsverletzung m\u00f6glich. Bei Bekanntwerden von entsprechenden Rechtsverletzungen werden wir diese Inhalte umgehend entfernen<\/p>\n\n\n\n<h2 class=\"wp-block-heading\" id=\"block-ee8bea81-9895-4393-8e65-f015562d6756\">Haftung f\u00fcr Links<\/h2>\n\n\n\n<p id=\"block-34e55f21-9df4-48d3-976e-a3f5cc4162bf\">Unser Angebot enth\u00e4lt Links zu externen Websites Dritter, auf deren Inhalte wir keinen Einfluss haben. Deshalb k\u00f6nnen wir f\u00fcr diese fremden Inhalte auch keine Gew\u00e4hr \u00fcbernehmen. F\u00fcr die Inhalte der verlinkten Seiten ist stets der jeweilige Anbieter oder Betreiber der Seiten verantwortlich. Die verlinkten Seiten wurden zum Zeitpunkt der Verlinkung auf m\u00f6gliche Rechtsverst\u00f6\u00dfe \u00fcberpr\u00fcft. Rechtswidrige Inhalte waren zum Zeitpunkt der Verlinkung nicht erkennbar.<\/p>\n\n\n\n<p id=\"block-e6c21ef2-06de-4ce1-9ce8-3430ce11990d\">Eine permanente inhaltliche Kontrolle der verlinkten Seiten ist jedoch ohne konkrete Anhaltspunkte einer Rechtsverletzung nicht zumutbar. Bei Bekanntwerden von Rechtsverletzungen werden wir derartige Links umgehend entfernen.<\/p>\n\n\n\n<h2 class=\"wp-block-heading\" id=\"block-2a96467c-c8a9-4220-a393-90efc4c4c3bb\">Urheberrecht:<\/h2>\n\n\n\n<p id=\"block-9ec58101-3f4c-4f08-abdd-43fc853f8a6a\">Die Inhalte und Werke auf diesen Seiten unterliegen dem deutschen Urheberrecht. Die Vervielf\u00e4ltigung, Bearbeitung, Verbreitung und jede Art der Verwertung au\u00dferhalb der Grenzen des Urheberrechts bed\u00fcrfen der schriftlichen Zustimmung des jeweiligen Autors, Erstellers bzw. Rechteinhabers. Dies gilt sowohl f\u00fcr vom Seitenbetreiber erstellte Werke und Inhalte, als auch f\u00fcr Werke und Inhalte Dritter, die im \u00dcbrigen als solche gekennzeichnet sind. Sollten Sie dennoch auf eine Urheberrechtsverletzung aufmerksam werden, bitten wir um entsprechenden Hinweis. Bei Bekanntwerden von Rechtsverletzungen werden wir derartige Inhalte umgehend entfernen.<\/p>\n","protected":false},"excerpt":{"rendered":"<p>Das NiBiS-Rechenzentrum wird vom Nieders\u00e4chsisches Landesinstitut f\u00fcr schulische Qualit\u00e4tsentwicklung (NLQ) betrieben und bietet Anwendungen f\u00fcr das Bildungsportal und die Bildungsangebote des Landes Niedersachsen. WordPress ist ein technisches Angebot des NiBiS-Rechenzentrums und wird durch die Direktorin des NLQ, Frau Dr. Elke Richlick, gesetzlich vertreten. Technisch verantwortlich gem\u00e4\u00df \u00a7 6 MDStV ist Fachbereich 52 de NLQ hier&hellip; <a class=\"continue\" href=\"https:\/\/wordpress.nibis.de\/barrierefreiheit\/impressum\/\">mehr<span> Impressum<\/span><\/a><\/p>\n","protected":false},"author":190,"featured_media":0,"parent":0,"menu_order":0,"comment_status":"closed","ping_status":"closed","template":"","meta":{"footnotes":""},"class_list":["post-405","page","type-page","status-publish","hentry"],"_links":{"self":[{"href":"https:\/\/wordpress.nibis.de\/barrierefreiheit\/wp-json\/wp\/v2\/pages\/405","targetHints":{"allow":["GET"]}}],"collection":[{"href":"https:\/\/wordpress.nibis.de\/barrierefreiheit\/wp-json\/wp\/v2\/pages"}],"about":[{"href":"https:\/\/wordpress.nibis.de\/barrierefreiheit\/wp-json\/wp\/v2\/types\/page"}],"author":[{"embeddable":true,"href":"https:\/\/wordpress.nibis.de\/barrierefreiheit\/wp-json\/wp\/v2\/users\/190"}],"replies":[{"embeddable":true,"href":"https:\/\/wordpress.nibis.de\/barrierefreiheit\/wp-json\/wp\/v2\/comments?post=405"}],"version-history":[{"count":8,"href":"https:\/\/wordpress.nibis.de\/barrierefreiheit\/wp-json\/wp\/v2\/pages\/405\/revisions"}],"predecessor-version":[{"id":469,"href":"https:\/\/wordpress.nibis.de\/barrierefreiheit\/wp-json\/wp\/v2\/pages\/405\/revisions\/469"}],"wp:attachment":[{"href":"https:\/\/wordpress.nibis.de\/barrierefreiheit\/wp-json\/wp\/v2\/media?parent=405"}],"curies":[{"name":"wp","href":"https:\/\/api.w.org\/{rel}","templated":true}]}}