{"id":447,"date":"2023-09-06T12:01:21","date_gmt":"2023-09-06T10:01:21","guid":{"rendered":"https:\/\/wordpress.nibis.de\/barrierefreiheit\/?page_id=447"},"modified":"2025-06-30T14:39:44","modified_gmt":"2025-06-30T12:39:44","slug":"kontaktfelder-konfigurieren","status":"publish","type":"page","link":"https:\/\/wordpress.nibis.de\/barrierefreiheit\/kontaktfelder-konfigurieren\/","title":{"rendered":"Kontaktfelder konfigurieren"},"content":{"rendered":"\n<p>WordPress bietet \u00fcber das Plugin &#8222;Contact Form&#8220; die M\u00f6glichkeit f\u00fcr vielf\u00e4ltig anpassbare Kontaktformulare. Hier werden zwei Kontaktfelder vorgestellt, die barrierearme Anmeldung von einem \u00dcbersetzungswunsch bzw. einem Informationsgespr\u00e4ch in Geb\u00e4rdensprache erm\u00f6glichen:<\/p>\n\n\n\n<h2 class=\"wp-block-heading\">Barrierefreier Spamschutz<\/h2>\n\n\n\n<p>Im NiBiS-WordPress k\u00f6nnen Sie auf Honeypot vertrauen. Dieser Spamschutz erfolgt nach Aktivierung im Hintergrund.<\/p>\n\n\n\n<p>Im Bereich &#8222;Formulare&#8220; finden Sie nach Aktivierung des Plugins &#8222;Honeypot&#8220;. Hier m\u00fcssen Sie aus Gr\u00fcnden der Barrierefreiheit keine weiteren Einstellungen vornehmen, da es diese automatisch anbietet. Es ist aber ratsam, &#8222;Inline-CSS verschieben&#8220; zu aktivieren sowie &#8222;Zeit-\u00dcberpr\u00fcfung&#8220;.  Beim Konfigurieren der Kontaktfelder haben Sie einen Schalter &#8222;Honeypot&#8220;, mit dem Sie einen entsprechenden Code erzeugen k\u00f6nnen.<\/p>\n\n\n\n<h2 class=\"wp-block-heading\">Kontaktformular mit Geb\u00e4rdensprachangebot<\/h2>\n\n\n\n<div class=\"wp-block-group\"><div class=\"wp-block-group__inner-container is-layout-flow wp-block-group-is-layout-flow\">\n<p class=\"has-off-white-background-color has-background\">a) Reiter &#8222;Formular&#8220;:<br \/><\/p>\n\n\n\n<figure class=\"wp-block-image size-large\"><img loading=\"lazy\" decoding=\"async\" width=\"1024\" height=\"708\" src=\"https:\/\/wordpress.nibis.de\/barrierefreiheit\/files\/2024\/07\/image-2-1024x708.png\" alt=\"Email-Text konfigurieren\" class=\"wp-image-795\" srcset=\"https:\/\/wordpress.nibis.de\/barrierefreiheit\/files\/2024\/07\/image-2-1024x708.png 1024w, https:\/\/wordpress.nibis.de\/barrierefreiheit\/files\/2024\/07\/image-2-300x207.png 300w, https:\/\/wordpress.nibis.de\/barrierefreiheit\/files\/2024\/07\/image-2-768x531.png 768w, https:\/\/wordpress.nibis.de\/barrierefreiheit\/files\/2024\/07\/image-2.png 1427w\" sizes=\"auto, (max-width: 1024px) 100vw, 1024px\" \/><\/figure>\n\n\n\n<p class=\"has-off-white-background-color has-background\">b) Reiter &#8222;E-Mail&#8220;:<br \/><\/p>\n\n\n\n<figure class=\"wp-block-image size-full\"><img loading=\"lazy\" decoding=\"async\" width=\"920\" height=\"719\" src=\"https:\/\/wordpress.nibis.de\/barrierefreiheit\/files\/2023\/09\/image-1.png\" alt=\"\" class=\"wp-image-449\" srcset=\"https:\/\/wordpress.nibis.de\/barrierefreiheit\/files\/2023\/09\/image-1.png 920w, https:\/\/wordpress.nibis.de\/barrierefreiheit\/files\/2023\/09\/image-1-300x234.png 300w, https:\/\/wordpress.nibis.de\/barrierefreiheit\/files\/2023\/09\/image-1-768x600.png 768w\" sizes=\"auto, (max-width: 920px) 100vw, 920px\" \/><\/figure>\n<\/div><\/div>\n\n\n\n<h2 class=\"wp-block-heading\">Anfrage einer \u00dcbersetzung in Leichte Sprache \/ Geb\u00e4rdensprache<\/h2>\n\n\n\n<p class=\"has-off-white-background-color has-background\">a) Reiter &#8222;Formular&#8220;:<\/p>\n\n\n\n<figure class=\"wp-block-image size-large\"><img loading=\"lazy\" decoding=\"async\" width=\"1024\" height=\"708\" src=\"https:\/\/wordpress.nibis.de\/barrierefreiheit\/files\/2024\/07\/image-3-1024x708.png\" alt=\"\" class=\"wp-image-796\" srcset=\"https:\/\/wordpress.nibis.de\/barrierefreiheit\/files\/2024\/07\/image-3-1024x708.png 1024w, https:\/\/wordpress.nibis.de\/barrierefreiheit\/files\/2024\/07\/image-3-300x207.png 300w, https:\/\/wordpress.nibis.de\/barrierefreiheit\/files\/2024\/07\/image-3-768x531.png 768w, https:\/\/wordpress.nibis.de\/barrierefreiheit\/files\/2024\/07\/image-3.png 1427w\" sizes=\"auto, (max-width: 1024px) 100vw, 1024px\" \/><\/figure>\n\n\n\n<p class=\"has-off-white-background-color has-background\">b) Reiter &#8222;E-Mail&#8220;:<br \/><\/p>\n\n\n\n<figure class=\"wp-block-image size-full\"><img loading=\"lazy\" decoding=\"async\" width=\"869\" height=\"850\" src=\"https:\/\/wordpress.nibis.de\/barrierefreiheit\/files\/2023\/09\/image-3.png\" alt=\"\" class=\"wp-image-451\" srcset=\"https:\/\/wordpress.nibis.de\/barrierefreiheit\/files\/2023\/09\/image-3.png 869w, https:\/\/wordpress.nibis.de\/barrierefreiheit\/files\/2023\/09\/image-3-300x293.png 300w, https:\/\/wordpress.nibis.de\/barrierefreiheit\/files\/2023\/09\/image-3-768x751.png 768w\" sizes=\"auto, (max-width: 869px) 100vw, 869px\" \/><\/figure>\n","protected":false},"excerpt":{"rendered":"<p>WordPress bietet \u00fcber das Plugin &#8222;Contact Form&#8220; die M\u00f6glichkeit f\u00fcr vielf\u00e4ltig anpassbare Kontaktformulare. Hier werden zwei Kontaktfelder vorgestellt, die barrierearme Anmeldung von einem \u00dcbersetzungswunsch bzw. einem Informationsgespr\u00e4ch in Geb\u00e4rdensprache erm\u00f6glichen: Barrierefreier Spamschutz Im NiBiS-WordPress k\u00f6nnen Sie auf Honeypot vertrauen. Dieser Spamschutz erfolgt nach Aktivierung im Hintergrund. Im Bereich &#8222;Formulare&#8220; finden Sie nach Aktivierung des Plugins&hellip; <a class=\"continue\" href=\"https:\/\/wordpress.nibis.de\/barrierefreiheit\/kontaktfelder-konfigurieren\/\">mehr<span> Kontaktfelder konfigurieren<\/span><\/a><\/p>\n","protected":false},"author":190,"featured_media":0,"parent":0,"menu_order":0,"comment_status":"closed","ping_status":"closed","template":"","meta":{"footnotes":""},"class_list":["post-447","page","type-page","status-publish","hentry"],"_links":{"self":[{"href":"https:\/\/wordpress.nibis.de\/barrierefreiheit\/wp-json\/wp\/v2\/pages\/447","targetHints":{"allow":["GET"]}}],"collection":[{"href":"https:\/\/wordpress.nibis.de\/barrierefreiheit\/wp-json\/wp\/v2\/pages"}],"about":[{"href":"https:\/\/wordpress.nibis.de\/barrierefreiheit\/wp-json\/wp\/v2\/types\/page"}],"author":[{"embeddable":true,"href":"https:\/\/wordpress.nibis.de\/barrierefreiheit\/wp-json\/wp\/v2\/users\/190"}],"replies":[{"embeddable":true,"href":"https:\/\/wordpress.nibis.de\/barrierefreiheit\/wp-json\/wp\/v2\/comments?post=447"}],"version-history":[{"count":4,"href":"https:\/\/wordpress.nibis.de\/barrierefreiheit\/wp-json\/wp\/v2\/pages\/447\/revisions"}],"predecessor-version":[{"id":1070,"href":"https:\/\/wordpress.nibis.de\/barrierefreiheit\/wp-json\/wp\/v2\/pages\/447\/revisions\/1070"}],"wp:attachment":[{"href":"https:\/\/wordpress.nibis.de\/barrierefreiheit\/wp-json\/wp\/v2\/media?parent=447"}],"curies":[{"name":"wp","href":"https:\/\/api.w.org\/{rel}","templated":true}]}}