{"id":471,"date":"2023-10-04T15:16:09","date_gmt":"2023-10-04T13:16:09","guid":{"rendered":"https:\/\/wordpress.nibis.de\/barrierefreiheit\/?page_id=471"},"modified":"2024-02-22T15:24:41","modified_gmt":"2024-02-22T14:24:41","slug":"ihr-bereich-gebaerdensprache","status":"publish","type":"page","link":"https:\/\/wordpress.nibis.de\/barrierefreiheit\/ihr-bereich-gebaerdensprache\/","title":{"rendered":"Ihr Bereich Geb\u00e4rdensprache"},"content":{"rendered":"\n<p>Die&nbsp;<a href=\"https:\/\/www.gesetze-im-internet.de\/bitv_2_0\/BJNR184300011.html\">Barrierefreie-Informationstechnik-Verordnung (BITV) 2.0<\/a>&nbsp;macht Vorgaben und erl\u00e4utert unter&nbsp;<em>\u00a7 4&nbsp;Erl\u00e4uterungen in Deutscher Geb\u00e4rdensprache und Leichter Sprache,<\/em>&nbsp;wie Sie Informationen in Deutscher Geb\u00e4rdensprache (DGS) sollten.<\/p>\n\n\n\n<p><em>Gem\u00e4\u00df Anlage 2 m\u00fcssen Sie folgende Erl\u00e4uterungen in Deutscher Geb\u00e4rdensprache (und in Leichter Sprache) bereitstellen:<\/em><\/p>\n\n\n\n<ol class=\"wp-block-list\"><li><em>Informationen zum Inhalt,<\/em><\/li><li><em>Hinweise zum Aufbau der Seite,<\/em><\/li><li><em>eine Erl\u00e4uterung \u00fcber geplante Verbesserungen im Bereich der Barrierefreiheit, wie sie in der Erkl\u00e4rung zur Barrierefreiheit angef\u00fchrt sind,<\/em><\/li><li><em>Hinweise auf weitere in diesem Auftritt vorhandene Informationen in Deutscher Geb\u00e4rdensprache oder in Leichter Sprache.<\/em><\/li><\/ol>\n\n\n\n<p>\u00dcblicherweise werden solche Informationen an entsprechende \u00dcbersetzungsb\u00fcros gegeben. Auch hier entstehen an verschiedenen Stellen unterschiedliche aber KI-gest\u00fctzte Technologien. Entsprechende Beispiele werden unter &#8222;<a href=\"https:\/\/wordpress.nibis.de\/barrierefreiheit\/gebaerdensprache-hilfsmittel-und-werkzeuge-zur-uebersetzung\/\">Dauerhafte Informationen einbinden<\/a>&#8220; kurz vorgestellt und eingeordnet.<\/p>\n\n\n\n<h2 class=\"wp-block-heading\">Weiterlesen<\/h2>\n\n\n\n<ul class=\"wp-block-list\"><li>Wie sich der Deutsche Geh\u00f6rlosenbund gesellschaftliche Teilhabe vorstellt http:\/\/www.gehoerlosen-bund.de\/forderungskatalog\/einleitung<\/li><li>Wissenswertes \u00fcber Geb\u00e4rdensprache: https:\/\/www.uni-goettingen.de\/de\/189515.html<\/li><li>https:\/\/www.fraunhofer-innovisions.de\/semantische-medienanalyse\/gebaerden-sprechen-lassen\/<\/li><li>https:\/\/www.adv.at\/ki-und-gebaerdensprache-eine-spannende-kombination\/<\/li><li>https:\/\/www.br.de\/nachrichten\/netzwelt\/barrierefrei-digital-bayern-setzt-auf-ki-gebaerdendolmetscher,TePBur0<\/li><\/ul>\n","protected":false},"excerpt":{"rendered":"<p>Die&nbsp;Barrierefreie-Informationstechnik-Verordnung (BITV) 2.0&nbsp;macht Vorgaben und erl\u00e4utert unter&nbsp;\u00a7 4&nbsp;Erl\u00e4uterungen in Deutscher Geb\u00e4rdensprache und Leichter Sprache,&nbsp;wie Sie Informationen in Deutscher Geb\u00e4rdensprache (DGS) sollten. Gem\u00e4\u00df Anlage 2 m\u00fcssen Sie folgende Erl\u00e4uterungen in Deutscher Geb\u00e4rdensprache (und in Leichter Sprache) bereitstellen: Informationen zum Inhalt, Hinweise zum Aufbau der Seite, eine Erl\u00e4uterung \u00fcber geplante Verbesserungen im Bereich der Barrierefreiheit, wie sie&hellip; <a class=\"continue\" href=\"https:\/\/wordpress.nibis.de\/barrierefreiheit\/ihr-bereich-gebaerdensprache\/\">mehr<span> Ihr Bereich Geb\u00e4rdensprache<\/span><\/a><\/p>\n","protected":false},"author":190,"featured_media":0,"parent":0,"menu_order":0,"comment_status":"closed","ping_status":"closed","template":"","meta":{"footnotes":""},"class_list":["post-471","page","type-page","status-publish","hentry"],"_links":{"self":[{"href":"https:\/\/wordpress.nibis.de\/barrierefreiheit\/wp-json\/wp\/v2\/pages\/471","targetHints":{"allow":["GET"]}}],"collection":[{"href":"https:\/\/wordpress.nibis.de\/barrierefreiheit\/wp-json\/wp\/v2\/pages"}],"about":[{"href":"https:\/\/wordpress.nibis.de\/barrierefreiheit\/wp-json\/wp\/v2\/types\/page"}],"author":[{"embeddable":true,"href":"https:\/\/wordpress.nibis.de\/barrierefreiheit\/wp-json\/wp\/v2\/users\/190"}],"replies":[{"embeddable":true,"href":"https:\/\/wordpress.nibis.de\/barrierefreiheit\/wp-json\/wp\/v2\/comments?post=471"}],"version-history":[{"count":11,"href":"https:\/\/wordpress.nibis.de\/barrierefreiheit\/wp-json\/wp\/v2\/pages\/471\/revisions"}],"predecessor-version":[{"id":714,"href":"https:\/\/wordpress.nibis.de\/barrierefreiheit\/wp-json\/wp\/v2\/pages\/471\/revisions\/714"}],"wp:attachment":[{"href":"https:\/\/wordpress.nibis.de\/barrierefreiheit\/wp-json\/wp\/v2\/media?parent=471"}],"curies":[{"name":"wp","href":"https:\/\/api.w.org\/{rel}","templated":true}]}}