{"id":486,"date":"2023-10-04T14:51:34","date_gmt":"2023-10-04T12:51:34","guid":{"rendered":"https:\/\/wordpress.nibis.de\/barrierefreiheit\/?page_id=486"},"modified":"2025-06-30T14:24:19","modified_gmt":"2025-06-30T12:24:19","slug":"das-nibis-wordpress","status":"publish","type":"page","link":"https:\/\/wordpress.nibis.de\/barrierefreiheit\/das-nibis-wordpress\/","title":{"rendered":"NiBiS-WordPress barrierefrei"},"content":{"rendered":"\n<p>WordPress erm\u00f6gicht es Ihnen, News als Blog, aber auch statische Seiten zu erstellen. Hierbei ist das vom NLQ bereitgestellte WordPress so konfiguriert, dass es Ihnen m\u00f6glichst leicht gemacht wird, rechtlich und sicherheitstechnisch einwandfreie Seiten zu erstellen. Sofern bestimmte Vorgaben sich nicht rein technisch umsetzen lassen, geben wir Ihnen in diesem WordPress Hinweise f\u00fcr die redaktionelle Umsetzung.<\/p>\n\n\n\n<h2 class=\"wp-block-heading\">Unsere technischen Voreinstellungen<\/h2>\n\n\n\n<p>Aus Gr\u00fcnden der Vorgaben f\u00fcr die Barrierefreiheit, des Datenschutzes und der Dateninformationssicherheit bieten wir Ihnen nur bestimmte, getestete Plugins und Themes in unserem WordPress an. Hierunter fallen auch solche, die es Ihnen erleichtern, die Vorgaben f\u00fcr die Barrierefreiheit zu erf\u00fcllen. So k\u00f6nnen de Seiten weitgehend mit der Tastatur bedient werden und haben hohe Kontraste.<\/p>\n\n\n\n<p>Zwei Pugins haben wir aktiviert, um Ihnen zus\u00e4tzliche M\u00f6glichkeiten bezogen auf die Barrierefreiheit zu geben:<\/p>\n\n\n\n<ul class=\"wp-block-list\"><li>Hurrakify, das automatisch Erl\u00e4uterungen in Leichter Sprache zu Begriffen Ihres Blogs anzeigt, wenn Sie die passende Sprache ausgew\u00e4hlt haben. <\/li><li>WP Accessibility, das es Ihnen erlaubt, Themes, die von sich aus weniger barrierefrei sind, durch entsprechende Einstellungen zu verbessern. So k\u00f6nnen Sie beispielsweise mit WP Accessability auf Ihrer Seite <ul><li>eine Werkzeugleiste f\u00fcr Anpassung der Schrifgr\u00f6\u00dfe einblenden,<\/li><li>\u00fcber die Accessibility fixes f\u00fcr Screenreader wichtige Tags im Quelltext mit einbinden, falls diese in Ihrem Theme fehlen, und<\/li><li>\u00fcber verschiedene Admin-Werkzeuge z.B. auch die Kontraste \u00fcberpr\u00fcfen.<\/li><\/ul><\/li><li>Haben Sie Probleme mit Spam? In dem Fall sollten Sie &#8222;Honeypot f\u00fcr Contactforms 7&#8220; aktivieren (lassen).  Das Tool ist technisch barrierefrei, l\u00e4uft anders als ein Captcha im HIntergrund und teilt Screenreadern mit, dass die hier verarbeiteten Informationen nicht vorgelesen werden m\u00fcssen.<\/li><\/ul>\n\n\n\n<div class=\"wp-block-columns is-layout-flex wp-container-core-columns-is-layout-abceabcf wp-block-columns-is-layout-flex\">\n<div class=\"wp-block-column is-layout-flow wp-block-column-is-layout-flow\">\n<figure class=\"wp-block-image size-thumbnail\" id=\"Quelle:-Pixabay\"><img loading=\"lazy\" decoding=\"async\" width=\"150\" height=\"150\" src=\"https:\/\/wordpress.nibis.de\/barrierefreiheit\/files\/2023\/10\/puzzle-1019751_1280-150x150.jpg\" alt=\"\" class=\"wp-image-498\" title=\"Quelle: Pixabay https:\/\/pixabay.com\/de\/users\/peggy_marco\" srcset=\"https:\/\/wordpress.nibis.de\/barrierefreiheit\/files\/2023\/10\/puzzle-1019751_1280-150x150.jpg 150w, https:\/\/wordpress.nibis.de\/barrierefreiheit\/files\/2023\/10\/puzzle-1019751_1280-300x300.jpg 300w, https:\/\/wordpress.nibis.de\/barrierefreiheit\/files\/2023\/10\/puzzle-1019751_1280-1024x1024.jpg 1024w, https:\/\/wordpress.nibis.de\/barrierefreiheit\/files\/2023\/10\/puzzle-1019751_1280-768x768.jpg 768w, https:\/\/wordpress.nibis.de\/barrierefreiheit\/files\/2023\/10\/puzzle-1019751_1280-200x200.jpg 200w, https:\/\/wordpress.nibis.de\/barrierefreiheit\/files\/2023\/10\/puzzle-1019751_1280-232x232.jpg 232w, https:\/\/wordpress.nibis.de\/barrierefreiheit\/files\/2023\/10\/puzzle-1019751_1280.jpg 1280w\" sizes=\"auto, (max-width: 150px) 100vw, 150px\" \/><figcaption><a href=\"https:\/\/wordpress.nibis.de\/barrierefreiheit\/der-aufbau-ihrer-seite\/\" data-type=\"page\" data-id=\"101\">Die Website konfigurieren<\/a><\/figcaption><\/figure>\n<\/div>\n\n\n\n<div class=\"wp-block-column is-layout-flow wp-block-column-is-layout-flow\">\n<figure class=\"wp-block-image size-thumbnail\"><img loading=\"lazy\" decoding=\"async\" width=\"150\" height=\"150\" src=\"https:\/\/wordpress.nibis.de\/barrierefreiheit\/files\/2023\/10\/puzzle-1020221_1280-150x150.jpg\" alt=\"\" class=\"wp-image-496\" title=\"Quelle Pixabay https:\/\/pixabay.com\/de\/users\/peggy_marco\" srcset=\"https:\/\/wordpress.nibis.de\/barrierefreiheit\/files\/2023\/10\/puzzle-1020221_1280-150x150.jpg 150w, https:\/\/wordpress.nibis.de\/barrierefreiheit\/files\/2023\/10\/puzzle-1020221_1280-300x300.jpg 300w, https:\/\/wordpress.nibis.de\/barrierefreiheit\/files\/2023\/10\/puzzle-1020221_1280-1024x1024.jpg 1024w, https:\/\/wordpress.nibis.de\/barrierefreiheit\/files\/2023\/10\/puzzle-1020221_1280-768x768.jpg 768w, https:\/\/wordpress.nibis.de\/barrierefreiheit\/files\/2023\/10\/puzzle-1020221_1280-200x200.jpg 200w, https:\/\/wordpress.nibis.de\/barrierefreiheit\/files\/2023\/10\/puzzle-1020221_1280-232x232.jpg 232w, https:\/\/wordpress.nibis.de\/barrierefreiheit\/files\/2023\/10\/puzzle-1020221_1280.jpg 1280w\" sizes=\"auto, (max-width: 150px) 100vw, 150px\" \/><figcaption><a href=\"https:\/\/wordpress.nibis.de\/barrierefreiheit\/kontaktfelder-konfigurieren\/\">NiBiS-WP:\u00a0Kontaktfelder<\/a><\/figcaption><\/figure>\n<\/div>\n\n\n\n<div class=\"wp-block-column is-layout-flow wp-block-column-is-layout-flow\"><\/div>\n<\/div>\n\n\n\n<div class=\"wp-block-group has-transparent-background-color has-background tw-hard-shadow\"><div class=\"wp-block-group__inner-container is-layout-flow wp-block-group-is-layout-flow\">\n<p class=\"has-drop-cap\">Wenn Sie ein WordPress <em>eines anderen Anbieters <\/em>nutzen, sollten Sie \u00fcber die Aktivierung der beiden genannten Plugins f\u00fcr Ihre Seite nachdenken, da sie mit geringem Aufwand eine gro\u00dfe Verbesserung in der Usability bewirken k\u00f6nnen, gerade, wenn Sie sich nicht sicher sind, wie barrierefrei Ihr Theme gestaltet ist.<\/p>\n<\/div><\/div>\n","protected":false},"excerpt":{"rendered":"<p>WordPress erm\u00f6gicht es Ihnen, News als Blog, aber auch statische Seiten zu erstellen. Hierbei ist das vom NLQ bereitgestellte WordPress so konfiguriert, dass es Ihnen m\u00f6glichst leicht gemacht wird, rechtlich und sicherheitstechnisch einwandfreie Seiten zu erstellen. Sofern bestimmte Vorgaben sich nicht rein technisch umsetzen lassen, geben wir Ihnen in diesem WordPress Hinweise f\u00fcr die redaktionelle&hellip; <a class=\"continue\" href=\"https:\/\/wordpress.nibis.de\/barrierefreiheit\/das-nibis-wordpress\/\">mehr<span> NiBiS-WordPress barrierefrei<\/span><\/a><\/p>\n","protected":false},"author":190,"featured_media":0,"parent":0,"menu_order":0,"comment_status":"closed","ping_status":"closed","template":"","meta":{"footnotes":""},"class_list":["post-486","page","type-page","status-publish","hentry"],"_links":{"self":[{"href":"https:\/\/wordpress.nibis.de\/barrierefreiheit\/wp-json\/wp\/v2\/pages\/486","targetHints":{"allow":["GET"]}}],"collection":[{"href":"https:\/\/wordpress.nibis.de\/barrierefreiheit\/wp-json\/wp\/v2\/pages"}],"about":[{"href":"https:\/\/wordpress.nibis.de\/barrierefreiheit\/wp-json\/wp\/v2\/types\/page"}],"author":[{"embeddable":true,"href":"https:\/\/wordpress.nibis.de\/barrierefreiheit\/wp-json\/wp\/v2\/users\/190"}],"replies":[{"embeddable":true,"href":"https:\/\/wordpress.nibis.de\/barrierefreiheit\/wp-json\/wp\/v2\/comments?post=486"}],"version-history":[{"count":12,"href":"https:\/\/wordpress.nibis.de\/barrierefreiheit\/wp-json\/wp\/v2\/pages\/486\/revisions"}],"predecessor-version":[{"id":1068,"href":"https:\/\/wordpress.nibis.de\/barrierefreiheit\/wp-json\/wp\/v2\/pages\/486\/revisions\/1068"}],"wp:attachment":[{"href":"https:\/\/wordpress.nibis.de\/barrierefreiheit\/wp-json\/wp\/v2\/media?parent=486"}],"curies":[{"name":"wp","href":"https:\/\/api.w.org\/{rel}","templated":true}]}}