{"id":582,"date":"2023-11-02T15:36:10","date_gmt":"2023-11-02T14:36:10","guid":{"rendered":"https:\/\/wordpress.nibis.de\/barrierefreiheit\/?page_id=582"},"modified":"2025-03-20T08:25:12","modified_gmt":"2025-03-20T07:25:12","slug":"ihr-angebot-testen","status":"publish","type":"page","link":"https:\/\/wordpress.nibis.de\/barrierefreiheit\/ihr-angebot-testen\/","title":{"rendered":"Ihr Angebot testen"},"content":{"rendered":"\n<p>Sie k\u00f6nnen verschiedene Hilfstools benutzen, um Ihr Angebot zu testen. Die Hilfstools, die hier verlinkt werden, bieten einen seitenweisen Test an, sodass sie grunds\u00e4tzlich f\u00fcr jede Art von Online-Angebot nutzbar sind und keine Serverinstallation erfordern.<\/p>\n\n\n\n<ul class=\"wp-block-list\"><li>Kostenfreie Checkliste zur Selbstbewertung nach BITV: <a href=\"https:\/\/www.bitvtest.de\/bitv_test\/bitv_test_selbst_anwenden\/selbstbewertung.html\">https:\/\/www.bitvtest.de\/bitv_test\/bitv_test_selbst_anwenden\/selbstbewertung.html<\/a><\/li><li>Kostenfreie Variante von Easy-Web-Check. N\u00e4her beschrieben hier: <a href=\"https:\/\/wordpress.nibis.de\/barrierefreiheit\/kostenfreier-test-ihrer-website-auf-barrierefreiheit\/\">https:\/\/wordpress.nibis.de\/barrierefreiheit\/kostenfreier-test-ihrer-website-auf-barrierefreiheit\/<\/a><\/li><li>Kostenfrei: Chrome Lighthouse, ein Tool, das Sie in einem aktuellen Chrome-Browser automatisch integriert haben. Mit einem Rechtsklick \u00f6ffnen Sie das Kontextmen\u00fc und w\u00e4hlen &#8222;Untersuchen&#8220;. In diesem Bereich gibt es viele Karteireiter, darunter Lighthouse. Das Tool sollte f\u00fcr Ihre Seite mindestens 90% anzeigen<\/li><li>Kostenfrei: WAVE Browser Extensions, Tools, die die gew\u00fcnschten Informationen direkt im Browser anzeigen und damit keinen Upload auf fremde Server durchf\u00fchren.<\/li><\/ul>\n\n\n\n<p>Daneben k\u00f6nnen Sie nat\u00fcrlich auch eine spezialisierte Firma mit diesen Tests beauftragen. Dies hat den Vorteil, dass auch die wichtigsten assistiven Hilfsmitteln (Screenreader, Tastatursteuerung etc.) in einer Weise fachlich getestet werden, wie Menschen das ohne \u00dcbung mit diesen Hilfsmitteln dies niemals k\u00f6nnten.<\/p>\n","protected":false},"excerpt":{"rendered":"<p>Sie k\u00f6nnen verschiedene Hilfstools benutzen, um Ihr Angebot zu testen. Die Hilfstools, die hier verlinkt werden, bieten einen seitenweisen Test an, sodass sie grunds\u00e4tzlich f\u00fcr jede Art von Online-Angebot nutzbar sind und keine Serverinstallation erfordern. Kostenfreie Checkliste zur Selbstbewertung nach BITV: https:\/\/www.bitvtest.de\/bitv_test\/bitv_test_selbst_anwenden\/selbstbewertung.html Kostenfreie Variante von Easy-Web-Check. N\u00e4her beschrieben hier: https:\/\/wordpress.nibis.de\/barrierefreiheit\/kostenfreier-test-ihrer-website-auf-barrierefreiheit\/ Kostenfrei: Chrome Lighthouse, ein Tool,&hellip; <a class=\"continue\" href=\"https:\/\/wordpress.nibis.de\/barrierefreiheit\/ihr-angebot-testen\/\">mehr<span> Ihr Angebot testen<\/span><\/a><\/p>\n","protected":false},"author":190,"featured_media":0,"parent":0,"menu_order":0,"comment_status":"closed","ping_status":"closed","template":"","meta":{"footnotes":""},"class_list":["post-582","page","type-page","status-publish","hentry"],"_links":{"self":[{"href":"https:\/\/wordpress.nibis.de\/barrierefreiheit\/wp-json\/wp\/v2\/pages\/582","targetHints":{"allow":["GET"]}}],"collection":[{"href":"https:\/\/wordpress.nibis.de\/barrierefreiheit\/wp-json\/wp\/v2\/pages"}],"about":[{"href":"https:\/\/wordpress.nibis.de\/barrierefreiheit\/wp-json\/wp\/v2\/types\/page"}],"author":[{"embeddable":true,"href":"https:\/\/wordpress.nibis.de\/barrierefreiheit\/wp-json\/wp\/v2\/users\/190"}],"replies":[{"embeddable":true,"href":"https:\/\/wordpress.nibis.de\/barrierefreiheit\/wp-json\/wp\/v2\/comments?post=582"}],"version-history":[{"count":3,"href":"https:\/\/wordpress.nibis.de\/barrierefreiheit\/wp-json\/wp\/v2\/pages\/582\/revisions"}],"predecessor-version":[{"id":926,"href":"https:\/\/wordpress.nibis.de\/barrierefreiheit\/wp-json\/wp\/v2\/pages\/582\/revisions\/926"}],"wp:attachment":[{"href":"https:\/\/wordpress.nibis.de\/barrierefreiheit\/wp-json\/wp\/v2\/media?parent=582"}],"curies":[{"name":"wp","href":"https:\/\/api.w.org\/{rel}","templated":true}]}}