{"id":599,"date":"2023-11-28T10:37:37","date_gmt":"2023-11-28T09:37:37","guid":{"rendered":"https:\/\/wordpress.nibis.de\/barrierefreiheit\/?page_id=599"},"modified":"2023-11-28T10:40:38","modified_gmt":"2023-11-28T09:40:38","slug":"einfache-sprache","status":"publish","type":"page","link":"https:\/\/wordpress.nibis.de\/barrierefreiheit\/einfache-sprache\/","title":{"rendered":"Einfache Sprache"},"content":{"rendered":"\n<p>Dies ist eine Seite von Fachbereich 52 im Nieders\u00e4chsischen Landesinstitut f\u00fcr schulische Qualit\u00e4tsentwicklung (NLQ).<\/p>\n\n\n\n<p>Das NLQ hilft Schulen bei ihrer Arbeit:<\/p>\n\n\n\n<ul class=\"wp-block-list\"><li>beim Unterrichten,<\/li><li>beim Informieren und<\/li><li>mit Fragen zu Datenschutz und Internet-Recht. Zum Internet-Recht geh\u00f6rt auch die Barrierefreiheit von Internetseiten.<\/li><\/ul>\n\n\n\n<p>Auf dieser Seite informieren wir darum die Schulen \u00fcber das Thema Barrierefreiheit.<\/p>\n\n\n\n<p><br \/>Zum Beispiel:<br \/>\u2013 Wie erstellen Sie Webseiten f\u00fcr alle?<br \/>\u2013 Was ist Leichte Sprache?<br \/>\u2013 Was f\u00fcr Seiten braucht man in Geb\u00e4rdensprache?<\/p>\n","protected":false},"excerpt":{"rendered":"<p>Dies ist eine Seite von Fachbereich 52 im Nieders\u00e4chsischen Landesinstitut f\u00fcr schulische Qualit\u00e4tsentwicklung (NLQ). Das NLQ hilft Schulen bei ihrer Arbeit: beim Unterrichten, beim Informieren und mit Fragen zu Datenschutz und Internet-Recht. Zum Internet-Recht geh\u00f6rt auch die Barrierefreiheit von Internetseiten. Auf dieser Seite informieren wir darum die Schulen \u00fcber das Thema Barrierefreiheit. Zum Beispiel:\u2013 Wie&hellip; <a class=\"continue\" href=\"https:\/\/wordpress.nibis.de\/barrierefreiheit\/einfache-sprache\/\">mehr<span> Einfache Sprache<\/span><\/a><\/p>\n","protected":false},"author":190,"featured_media":0,"parent":0,"menu_order":0,"comment_status":"closed","ping_status":"closed","template":"","meta":{"footnotes":""},"class_list":["post-599","page","type-page","status-publish","hentry"],"_links":{"self":[{"href":"https:\/\/wordpress.nibis.de\/barrierefreiheit\/wp-json\/wp\/v2\/pages\/599","targetHints":{"allow":["GET"]}}],"collection":[{"href":"https:\/\/wordpress.nibis.de\/barrierefreiheit\/wp-json\/wp\/v2\/pages"}],"about":[{"href":"https:\/\/wordpress.nibis.de\/barrierefreiheit\/wp-json\/wp\/v2\/types\/page"}],"author":[{"embeddable":true,"href":"https:\/\/wordpress.nibis.de\/barrierefreiheit\/wp-json\/wp\/v2\/users\/190"}],"replies":[{"embeddable":true,"href":"https:\/\/wordpress.nibis.de\/barrierefreiheit\/wp-json\/wp\/v2\/comments?post=599"}],"version-history":[{"count":2,"href":"https:\/\/wordpress.nibis.de\/barrierefreiheit\/wp-json\/wp\/v2\/pages\/599\/revisions"}],"predecessor-version":[{"id":602,"href":"https:\/\/wordpress.nibis.de\/barrierefreiheit\/wp-json\/wp\/v2\/pages\/599\/revisions\/602"}],"wp:attachment":[{"href":"https:\/\/wordpress.nibis.de\/barrierefreiheit\/wp-json\/wp\/v2\/media?parent=599"}],"curies":[{"name":"wp","href":"https:\/\/api.w.org\/{rel}","templated":true}]}}